{"id":10335,"date":"2024-02-28T09:27:06","date_gmt":"2024-02-28T08:27:06","guid":{"rendered":"https:\/\/staging-shop.whs.lu\/mentions-legales\/"},"modified":"2025-04-28T10:10:21","modified_gmt":"2025-04-28T08:10:21","slug":"mentions-legales","status":"publish","type":"page","link":"https:\/\/whs.lu\/fr\/mentions-legales\/","title":{"rendered":"Mentions l\u00e9gales"},"content":{"rendered":"<p>[et_pb_section fb_built=\u00a0\u00bb1&Prime; custom_padding_last_edited=\u00a0\u00bbon|phone\u00a0\u00bb admin_label=\u00a0\u00bbSection\u00a0\u00bb _builder_version=\u00a0\u00bb4.27.2&Prime; _module_preset=\u00a0\u00bbdefault\u00a0\u00bb background_color=\u00a0\u00bb#fcfcfc\u00a0\u00bb custom_margin=\u00a0\u00bb|0px||0px|false|false\u00a0\u00bb custom_margin_tablet=\u00a0\u00bb|0px||0px|false|false\u00a0\u00bb custom_margin_phone=\u00a0\u00bb|0px||0px|false|false\u00a0\u00bb custom_margin_last_edited=\u00a0\u00bbon|desktop\u00a0\u00bb custom_padding=\u00a0\u00bb0px|30px|0px|30px|false|false\u00a0\u00bb custom_padding_tablet=\u00a0\u00bb0px|30px|0px|30px|false|false\u00a0\u00bb custom_padding_phone=\u00a0\u00bb|0px||0px|false|false\u00a0\u00bb locked=\u00a0\u00bboff\u00a0\u00bb global_colors_info=\u00a0\u00bb{}\u00a0\u00bb][et_pb_row _builder_version=\u00a0\u00bb4.24.2&Prime; _module_preset=\u00a0\u00bbdefault\u00a0\u00bb width=\u00a0\u00bb100%\u00a0\u00bb max_width=\u00a0\u00bb100%\u00a0\u00bb custom_padding=\u00a0\u00bb0px||0px||false|false\u00a0\u00bb global_colors_info=\u00a0\u00bb{}\u00a0\u00bb][et_pb_column type=\u00a0\u00bb4_4&Prime; _builder_version=\u00a0\u00bb4.24.2&Prime; _module_preset=\u00a0\u00bbdefault\u00a0\u00bb global_colors_info=\u00a0\u00bb{}\u00a0\u00bb][et_pb_slider use_bg_overlay=\u00a0\u00bboff\u00a0\u00bb show_pagination_tablet=\u00a0\u00bb\u00a0\u00bb show_pagination_phone=\u00a0\u00bboff\u00a0\u00bb show_pagination_last_edited=\u00a0\u00bbon|desktop\u00a0\u00bb module_class=\u00a0\u00bbbg_image\u00a0\u00bb _builder_version=\u00a0\u00bb4.27.3&Prime; _module_preset=\u00a0\u00bbdefault\u00a0\u00bb header_font=\u00a0\u00bb|700||on|||||\u00a0\u00bb header_text_align=\u00a0\u00bbcenter\u00a0\u00bb header_text_color=\u00a0\u00bb#FCFCFC\u00a0\u00bb header_letter_spacing=\u00a0\u00bb15px\u00a0\u00bb background_color=\u00a0\u00bb#FCFCFC\u00a0\u00bb module_alignment=\u00a0\u00bbcenter\u00a0\u00bb min_height_last_edited=\u00a0\u00bboff|phone\u00a0\u00bb height=\u00a0\u00bb35vh\u00a0\u00bb height_tablet=\u00a0\u00bb35vh\u00a0\u00bb height_phone=\u00a0\u00bb35vh\u00a0\u00bb height_last_edited=\u00a0\u00bbon|phone\u00a0\u00bb custom_padding=\u00a0\u00bb30px|30px|30px|30px|false|false\u00a0\u00bb header_letter_spacing_tablet=\u00a0\u00bb15px\u00a0\u00bb header_letter_spacing_phone=\u00a0\u00bb5px\u00a0\u00bb header_letter_spacing_last_edited=\u00a0\u00bbon|phone\u00a0\u00bb global_colors_info=\u00a0\u00bb{}\u00a0\u00bb][et_pb_slide heading=\u00a0\u00bbMentions l\u00e9gales\u00a0\u00bb _builder_version=\u00a0\u00bb4.27.3&Prime; _module_preset=\u00a0\u00bbdefault\u00a0\u00bb background_color=\u00a0\u00bb#336FB6&Prime; background_enable_color=\u00a0\u00bbon\u00a0\u00bb background_enable_image=\u00a0\u00bboff\u00a0\u00bb global_colors_info=\u00a0\u00bb{}\u00a0\u00bb sticky_transition=\u00a0\u00bbon\u00a0\u00bb][\/et_pb_slide][\/et_pb_slider][\/et_pb_column][\/et_pb_row][\/et_pb_section][et_pb_section fb_built=\u00a0\u00bb1&Prime; _builder_version=\u00a0\u00bb4.27.3&Prime; _module_preset=\u00a0\u00bbdefault\u00a0\u00bb background_color=\u00a0\u00bb#fcfcfc\u00a0\u00bb global_colors_info=\u00a0\u00bb{}\u00a0\u00bb][et_pb_row _builder_version=\u00a0\u00bb4.27.3&Prime; _module_preset=\u00a0\u00bbdefault\u00a0\u00bb custom_padding=\u00a0\u00bb0px||0px||false|false\u00a0\u00bb global_colors_info=\u00a0\u00bb{}\u00a0\u00bb][et_pb_column type=\u00a0\u00bb4_4&Prime; _builder_version=\u00a0\u00bb4.27.3&Prime; _module_preset=\u00a0\u00bbdefault\u00a0\u00bb global_colors_info=\u00a0\u00bb{}\u00a0\u00bb][et_pb_text _builder_version=\u00a0\u00bb4.27.4&Prime; _module_preset=\u00a0\u00bbdefault\u00a0\u00bb hover_enabled=\u00a0\u00bb0&Prime; global_colors_info=\u00a0\u00bb{}\u00a0\u00bb sticky_enabled=\u00a0\u00bb0&Prime;]<\/p>\n<h1>Mentions l\u00e9gales<\/h1>\n<h2>\u00c9diteur responsable<\/h2>\n<p>Wagner Home Solutions S.A. est une entreprise sp\u00e9cialis\u00e9e dans les techniques du b\u00e2timent, bas\u00e9e \u00e0 Hosingen au Luxembourg et faisant partie du groupe Wagnertech :<\/p>\n<p><strong>WAGNER Home Solutions S.A.<\/strong><br \/>35, Z.A.E.R Op der H\u00e9i | L-9809 Hosingen<\/p>\n<p>T. +352 83 47 19<br \/>M. info@whs.lu<\/p>\n<p><span class=\"vatid\"><strong>Chiffre d&rsquo;affaires ID :<\/strong>  LU 18963060<\/span><br \/><span><strong>Registre du commerce. No :<\/strong>  B97425<br \/><strong>Num\u00e9ro de TVA :<\/strong> 2001 22 29 543<\/span><\/p>\n<h2>Droits d&rsquo;auteur &amp; marques<\/h2>\n<p>site web : \u00a9 2025 Wagner Home Solutions S.A., Tous droits r\u00e9serv\u00e9s.<\/p>\n<p>Tous les textes, illustrations et autres contenus sont prot\u00e9g\u00e9s par des droits d&rsquo;auteur. Toute reproduction ou redistribution sans autorisation \u00e9crite pr\u00e9alable est strictement interdite.<\/p>\n<p>[\/et_pb_text][\/et_pb_column][\/et_pb_row][\/et_pb_section]<\/p>\n","protected":false},"excerpt":{"rendered":"<p>Mentions l\u00e9gales \u00c9diteur responsable Wagner Home Solutions S.A. est une entreprise sp\u00e9cialis\u00e9e dans les techniques du b\u00e2timent, bas\u00e9e \u00e0 Hosingen au Luxembourg et faisant partie du groupe Wagnertech : WAGNER Home Solutions S.A.35, Z.A.E.R Op der H\u00e9i | L-9809 Hosingen T. +352 83 47 19M. info@whs.lu Chiffre d&rsquo;affaires ID : LU 18963060Registre du commerce. No [&hellip;]<\/p>\n","protected":false},"author":6,"featured_media":0,"parent":0,"menu_order":0,"comment_status":"closed","ping_status":"closed","template":"","meta":{"_et_pb_use_builder":"on","_et_pb_old_content":"","_et_gb_content_width":"","inline_featured_image":false,"footnotes":""},"class_list":["post-10335","page","type-page","status-publish","hentry"],"_links":{"self":[{"href":"https:\/\/whs.lu\/fr\/wp-json\/wp\/v2\/pages\/10335","targetHints":{"allow":["GET"]}}],"collection":[{"href":"https:\/\/whs.lu\/fr\/wp-json\/wp\/v2\/pages"}],"about":[{"href":"https:\/\/whs.lu\/fr\/wp-json\/wp\/v2\/types\/page"}],"author":[{"embeddable":true,"href":"https:\/\/whs.lu\/fr\/wp-json\/wp\/v2\/users\/6"}],"replies":[{"embeddable":true,"href":"https:\/\/whs.lu\/fr\/wp-json\/wp\/v2\/comments?post=10335"}],"version-history":[{"count":6,"href":"https:\/\/whs.lu\/fr\/wp-json\/wp\/v2\/pages\/10335\/revisions"}],"predecessor-version":[{"id":11616,"href":"https:\/\/whs.lu\/fr\/wp-json\/wp\/v2\/pages\/10335\/revisions\/11616"}],"wp:attachment":[{"href":"https:\/\/whs.lu\/fr\/wp-json\/wp\/v2\/media?parent=10335"}],"curies":[{"name":"wp","href":"https:\/\/api.w.org\/{rel}","templated":true}]}}