{"id":9699,"date":"2024-10-22T13:32:06","date_gmt":"2024-10-22T11:32:06","guid":{"rendered":"https:\/\/staging-shop.whs.lu\/appareils-menagers\/"},"modified":"2024-11-12T10:09:58","modified_gmt":"2024-11-12T09:09:58","slug":"appareils-menagers","status":"publish","type":"page","link":"https:\/\/whs.lu\/fr\/technique-du-batiment\/appareils-menagers\/","title":{"rendered":"Appareils m\u00e9nagers"},"content":{"rendered":"<p>[et_pb_section fb_built=\u00a0\u00bb1&Prime; _builder_version=\u00a0\u00bb4.27.2&Prime; _module_preset=\u00a0\u00bbdefault\u00a0\u00bb custom_margin=\u00a0\u00bb|30px||30px|false|false\u00a0\u00bb custom_margin_tablet=\u00a0\u00bb|30px||30px|false|false\u00a0\u00bb custom_margin_phone=\u00a0\u00bb|0px||0px|false|false\u00a0\u00bb custom_margin_last_edited=\u00a0\u00bbon|tablet\u00a0\u00bb custom_padding=\u00a0\u00bb0px|0px|0px|0px|false|false\u00a0\u00bb locked=\u00a0\u00bboff\u00a0\u00bb global_colors_info=\u00a0\u00bb{}\u00a0\u00bb][et_pb_row _builder_version=\u00a0\u00bb4.24.2&Prime; _module_preset=\u00a0\u00bbdefault\u00a0\u00bb width=\u00a0\u00bb100%\u00a0\u00bb max_width=\u00a0\u00bb100%\u00a0\u00bb custom_padding=\u00a0\u00bb0px||0px||false|false\u00a0\u00bb global_colors_info=\u00a0\u00bb{}\u00a0\u00bb][et_pb_column type=\u00a0\u00bb4_4&Prime; _builder_version=\u00a0\u00bb4.24.2&Prime; _module_preset=\u00a0\u00bbdefault\u00a0\u00bb global_colors_info=\u00a0\u00bb{}\u00a0\u00bb][et_pb_slider use_bg_overlay=\u00a0\u00bbon\u00a0\u00bb bg_overlay_color=\u00a0\u00bbrgba(29,29,27,0.15)\u00a0\u00bb show_pagination_tablet=\u00a0\u00bb\u00a0\u00bb show_pagination_phone=\u00a0\u00bboff\u00a0\u00bb show_pagination_last_edited=\u00a0\u00bbon|desktop\u00a0\u00bb module_class=\u00a0\u00bbbg_image\u00a0\u00bb _builder_version=\u00a0\u00bb4.27.2&Prime; _module_preset=\u00a0\u00bbdefault\u00a0\u00bb header_font=\u00a0\u00bb|700||on|||||\u00a0\u00bb header_text_align=\u00a0\u00bbcenter\u00a0\u00bb header_text_color=\u00a0\u00bb#FCFCFC\u00a0\u00bb header_letter_spacing=\u00a0\u00bb15px\u00a0\u00bb background_color=\u00a0\u00bb#FCFCFC\u00a0\u00bb module_alignment=\u00a0\u00bbcenter\u00a0\u00bb min_height_last_edited=\u00a0\u00bboff|phone\u00a0\u00bb height=\u00a0\u00bb50vh\u00a0\u00bb height_tablet=\u00a0\u00bb50vh\u00a0\u00bb height_phone=\u00a0\u00bb40vh\u00a0\u00bb height_last_edited=\u00a0\u00bbon|phone\u00a0\u00bb custom_padding=\u00a0\u00bb30px|30px|30px|30px|false|false\u00a0\u00bb header_letter_spacing_tablet=\u00a0\u00bb15px\u00a0\u00bb header_letter_spacing_phone=\u00a0\u00bb5px\u00a0\u00bb header_letter_spacing_last_edited=\u00a0\u00bbon|phone\u00a0\u00bb global_colors_info=\u00a0\u00bb{}\u00a0\u00bb][et_pb_slide heading=\u00a0\u00bbAppareils m\u00e9nagers\u00a0\u00bb button_text=\u00a0\u00bbvers la BOUTIQUE\u00a0\u00bb _builder_version=\u00a0\u00bb4.27.2&Prime; _module_preset=\u00a0\u00bbdefault\u00a0\u00bb background_color=\u00a0\u00bbRGBA(255,255,255,0)\u00a0\u00bb background_enable_color=\u00a0\u00bbon\u00a0\u00bb background_image=\u00a0\u00bbhttps:\/\/whs.lu\/wp-content\/uploads\/2024\/10\/hausgeraetetechnik_1258836341-scaled-1.jpg\u00a0\u00bb background_enable_image=\u00a0\u00bbon\u00a0\u00bb global_colors_info=\u00a0\u00bb{}\u00a0\u00bb sticky_transition=\u00a0\u00bbon\u00a0\u00bb][\/et_pb_slide][\/et_pb_slider][\/et_pb_column][\/et_pb_row][\/et_pb_section][et_pb_section fb_built=\u00a0\u00bb1&Prime; _builder_version=\u00a0\u00bb4.25.2&Prime; _module_preset=\u00a0\u00bbdefault\u00a0\u00bb background_color=\u00a0\u00bb#fcfcfc\u00a0\u00bb global_colors_info=\u00a0\u00bb{}\u00a0\u00bb][et_pb_row column_structure=\u00a0\u00bb2_3,1_3&Prime; _builder_version=\u00a0\u00bb4.27.2&Prime; _module_preset=\u00a0\u00bbdefault\u00a0\u00bb custom_padding=\u00a0\u00bb0px||0px||false|false\u00a0\u00bb pac_drh_column_numbers_tablet=\u00a0\u00bbpac_drh_tab_col_two\u00a0\u00bb pac_drh_column_numbers_phone=\u00a0\u00bbpac_drh_phone_col_one\u00a0\u00bb global_colors_info=\u00a0\u00bb{}\u00a0\u00bb][et_pb_column type=\u00a0\u00bb2_3&Prime; _builder_version=\u00a0\u00bb4.25.2&Prime; _module_preset=\u00a0\u00bbdefault\u00a0\u00bb global_colors_info=\u00a0\u00bb{}\u00a0\u00bb][et_pb_image src=\u00a0\u00bbhttps:\/\/whs.lu\/wp-content\/uploads\/2024\/02\/pikto_w_Haushaltsgeraete.svg\u00a0\u00bb title_text=\u00a0\u00bbpikto_w_Haushaltsgeraete\u00a0\u00bb _builder_version=\u00a0\u00bb4.27.2&Prime; _module_preset=\u00a0\u00bbdefault\u00a0\u00bb background_color=\u00a0\u00bb#336FB6&Prime; width=\u00a0\u00bb60px\u00a0\u00bb custom_margin=\u00a0\u00bb||10px||false|false\u00a0\u00bb global_colors_info=\u00a0\u00bb{}\u00a0\u00bb][\/et_pb_image][et_pb_text _builder_version=\u00a0\u00bb4.25.2&Prime; _module_preset=\u00a0\u00bbdefault\u00a0\u00bb custom_margin=\u00a0\u00bb||15px||false|false\u00a0\u00bb global_colors_info=\u00a0\u00bb{}\u00a0\u00bb]<\/p>\n<h1><span>Appareils \u00e9lectrom\u00e9nagers<\/span><\/h1>\n<p>[\/et_pb_text][et_pb_button button_url=\u00a0\u00bb@ET-DC@eyJkeW5hbWljIjp0cnVlLCJjb250ZW50IjoicG9zdF9saW5rX3VybF9wYWdlIiwic2V0dGluZ3MiOnsicG9zdF9pZCI6IjYxMjgifX0=@\u00a0\u00bb button_text=\u00a0\u00bbNotre boutique\u00a0\u00bb _builder_version=\u00a0\u00bb4.27.2&Prime; _dynamic_attributes=\u00a0\u00bbbutton_url\u00a0\u00bb _module_preset=\u00a0\u00bbdefault\u00a0\u00bb custom_button=\u00a0\u00bbon\u00a0\u00bb button_text_size=\u00a0\u00bb30px\u00a0\u00bb button_text_color=\u00a0\u00bb#fcfcfc\u00a0\u00bb button_bg_color=\u00a0\u00bb#e94b5c\u00a0\u00bb button_border_width=\u00a0\u00bb0px\u00a0\u00bb button_icon=\u00a0\u00bb&#xe015;||divi||400&Prime; custom_padding=\u00a0\u00bb20px|30px|20px|30px|false|false\u00a0\u00bb button_bg_color_last_edited=\u00a0\u00bboff|desktop\u00a0\u00bb global_colors_info=\u00a0\u00bb{}\u00a0\u00bb button_bg_color__hover_enabled=\u00a0\u00bbon|hover\u00a0\u00bb button_bg_color__hover=\u00a0\u00bb#924694&Prime; button_bg_enable_color__hover=\u00a0\u00bbon\u00a0\u00bb custom_padding__hover_enabled=\u00a0\u00bbon|hover\u00a0\u00bb custom_padding__hover=\u00a0\u00bb|63px|||false|false\u00a0\u00bb][\/et_pb_button][et_pb_text _builder_version=\u00a0\u00bb4.25.2&Prime; _module_preset=\u00a0\u00bbdefault\u00a0\u00bb global_colors_info=\u00a0\u00bb{}\u00a0\u00bb]<\/p>\n<p>En tant qu&rsquo;experts dans le domaine des \u00ab\u00a0produits blancs\u00a0\u00bb, il nous tient particuli\u00e8rement \u00e0 c\u0153ur de vous fournir des conseils d\u00e9taill\u00e9s et professionnels. Notre personnel qualifi\u00e9 est \u00e0 l&rsquo;\u00e9coute de vos souhaits et de vos suggestions. Par exemple, une famille nombreuse avec beaucoup d&rsquo;enfants a besoin d&rsquo;un lave-linge plus grand qu&rsquo;un m\u00e9nage de c\u00e9libataires.. <\/p>\n<p>Nous r\u00e9pondons volontiers et de mani\u00e8re comp\u00e9tente aux questions concernant votre appareil m\u00e9nager. Bien entendu, nous vous expliquons \u00e9galement les diff\u00e9rentes fonctions de votre produit et vous donnons des conseils d&rsquo;entretien. <\/p>\n<p>Lors de l&rsquo;achat de nos appareils \u00e9lectrom\u00e9nagers, nous accordons une attention particuli\u00e8re aux produits respectueux de l&rsquo;environnement. La consommation d&rsquo;\u00e9nergie n&rsquo;est pas le seul facteur \u00e0 prendre en compte, la long\u00e9vit\u00e9 d&rsquo;un appareil joue \u00e9galement un r\u00f4le important. <\/p>\n<ul>\n<li>Appareils \u00e9lectrom\u00e9nagers<\/li>\n<li>R\u00e9paration<\/li>\n<li>Propre d\u00e9partement de service apr\u00e8s-vente<\/li>\n<\/ul>\n<p>Nous accordons une grande importance \u00e0 un conseil comp\u00e9tent et personnalis\u00e9 \u00e0 nos clients. Gr\u00e2ce \u00e0 ses nombreuses ann\u00e9es d&rsquo;exp\u00e9rience, notre personnel qualifi\u00e9 vous conseillera de mani\u00e8re professionnelle sur toutes les questions relatives aux appareils \u00e9lectrom\u00e9nagers. <\/p>\n<p>Notre service apr\u00e8s-vente vous assistera \u00e9galement sur place en cas de questions ou de probl\u00e8mes.<\/p>\n<p>Dans notre magasin sp\u00e9cialis\u00e9, vous trouverez non seulement des appareils m\u00e9nagers standard, mais aussi des produits qui ne sont pas disponibles dans le commerce. La gamme de nos appareils s&rsquo;\u00e9tend des appareils m\u00e9nagers exclusifs aux alternatives \u00e9conomiques. <\/p>\n<p>[\/et_pb_text][\/et_pb_column][et_pb_column type=\u00a0\u00bb1_3&Prime; _builder_version=\u00a0\u00bb4.25.2&Prime; _module_preset=\u00a0\u00bbdefault\u00a0\u00bb global_colors_info=\u00a0\u00bb{}\u00a0\u00bb][et_pb_image src=\u00a0\u00bbhttps:\/\/whs.lu\/wp-content\/uploads\/2024\/10\/hausgeraetetechnik_469777200-1280&#215;854-1.jpg\u00a0\u00bb title_text=\u00a0\u00bbClose up de la main d&#039;une femme R\u00e9glage de la temp\u00e9rature sur le four\u00a0\u00bb _builder_version=\u00a0\u00bb4.27.2&Prime; _module_preset=\u00a0\u00bbdefault\u00a0\u00bb global_colors_info=\u00a0\u00bb{}\u00a0\u00bb][\/et_pb_image][et_pb_image src=\u00a0\u00bbhttps:\/\/whs.lu\/wp-content\/uploads\/2024\/10\/hausgeraetetechnik_1308686330-1280&#215;854-1.jpg\u00a0\u00bb title_text=\u00a0\u00bbTechnicien examinant le lave-vaisselle\u00a0\u00bb _builder_version=\u00a0\u00bb4.27.2&Prime; _module_preset=\u00a0\u00bbdefault\u00a0\u00bb global_colors_info=\u00a0\u00bb{}\u00a0\u00bb][\/et_pb_image][\/et_pb_column][\/et_pb_row][\/et_pb_section]<\/p>\n","protected":false},"excerpt":{"rendered":"<p>Appareils \u00e9lectrom\u00e9nagersEn tant qu&rsquo;experts dans le domaine des \u00ab\u00a0produits blancs\u00a0\u00bb, il nous tient particuli\u00e8rement \u00e0 c\u0153ur de vous fournir des conseils d\u00e9taill\u00e9s et professionnels. Notre personnel qualifi\u00e9 est \u00e0 l&rsquo;\u00e9coute de vos souhaits et de vos suggestions. Par exemple, une famille nombreuse avec beaucoup d&rsquo;enfants a besoin d&rsquo;un lave-linge plus grand qu&rsquo;un m\u00e9nage de c\u00e9libataires.. [&hellip;]<\/p>\n","protected":false},"author":6,"featured_media":0,"parent":9707,"menu_order":0,"comment_status":"closed","ping_status":"closed","template":"","meta":{"_et_pb_use_builder":"on","_et_pb_old_content":"","_et_gb_content_width":"","inline_featured_image":false,"footnotes":""},"class_list":["post-9699","page","type-page","status-publish","hentry"],"_links":{"self":[{"href":"https:\/\/whs.lu\/fr\/wp-json\/wp\/v2\/pages\/9699","targetHints":{"allow":["GET"]}}],"collection":[{"href":"https:\/\/whs.lu\/fr\/wp-json\/wp\/v2\/pages"}],"about":[{"href":"https:\/\/whs.lu\/fr\/wp-json\/wp\/v2\/types\/page"}],"author":[{"embeddable":true,"href":"https:\/\/whs.lu\/fr\/wp-json\/wp\/v2\/users\/6"}],"replies":[{"embeddable":true,"href":"https:\/\/whs.lu\/fr\/wp-json\/wp\/v2\/comments?post=9699"}],"version-history":[{"count":16,"href":"https:\/\/whs.lu\/fr\/wp-json\/wp\/v2\/pages\/9699\/revisions"}],"predecessor-version":[{"id":10368,"href":"https:\/\/whs.lu\/fr\/wp-json\/wp\/v2\/pages\/9699\/revisions\/10368"}],"up":[{"embeddable":true,"href":"https:\/\/whs.lu\/fr\/wp-json\/wp\/v2\/pages\/9707"}],"wp:attachment":[{"href":"https:\/\/whs.lu\/fr\/wp-json\/wp\/v2\/media?parent=9699"}],"curies":[{"name":"wp","href":"https:\/\/api.w.org\/{rel}","templated":true}]}}