{"id":9716,"date":"2024-10-22T12:42:22","date_gmt":"2024-10-22T10:42:22","guid":{"rendered":"https:\/\/staging-shop.whs.lu\/technique-du-batiment\/ventilation\/"},"modified":"2024-11-07T12:10:41","modified_gmt":"2024-11-07T11:10:41","slug":"ventilation","status":"publish","type":"page","link":"https:\/\/whs.lu\/fr\/technique-du-batiment\/ventilation\/","title":{"rendered":"Ventilation"},"content":{"rendered":"<p>[et_pb_section fb_built=\u00a0\u00bb1&Prime; _builder_version=\u00a0\u00bb4.27.2&Prime; _module_preset=\u00a0\u00bbdefault\u00a0\u00bb custom_margin=\u00a0\u00bb|30px||30px|false|false\u00a0\u00bb custom_margin_tablet=\u00a0\u00bb|30px||30px|false|false\u00a0\u00bb custom_margin_phone=\u00a0\u00bb|0px||0px|false|false\u00a0\u00bb custom_margin_last_edited=\u00a0\u00bbon|tablet\u00a0\u00bb custom_padding=\u00a0\u00bb0px|0px|0px|0px|false|false\u00a0\u00bb hover_enabled=\u00a0\u00bb0&Prime; locked=\u00a0\u00bboff\u00a0\u00bb global_colors_info=\u00a0\u00bb{}\u00a0\u00bb sticky_enabled=\u00a0\u00bb0&Prime;][et_pb_row _builder_version=\u00a0\u00bb4.24.2&Prime; _module_preset=\u00a0\u00bbdefault\u00a0\u00bb width=\u00a0\u00bb100%\u00a0\u00bb max_width=\u00a0\u00bb100%\u00a0\u00bb custom_padding=\u00a0\u00bb0px||0px||false|false\u00a0\u00bb global_colors_info=\u00a0\u00bb{}\u00a0\u00bb][et_pb_column type=\u00a0\u00bb4_4&Prime; _builder_version=\u00a0\u00bb4.24.2&Prime; _module_preset=\u00a0\u00bbdefault\u00a0\u00bb global_colors_info=\u00a0\u00bb{}\u00a0\u00bb][et_pb_slider use_bg_overlay=\u00a0\u00bbon\u00a0\u00bb bg_overlay_color=\u00a0\u00bbrgba(29,29,27,0.15)\u00a0\u00bb show_pagination_tablet=\u00a0\u00bb\u00a0\u00bb show_pagination_phone=\u00a0\u00bboff\u00a0\u00bb show_pagination_last_edited=\u00a0\u00bbon|desktop\u00a0\u00bb module_class=\u00a0\u00bbbg_image\u00a0\u00bb _builder_version=\u00a0\u00bb4.27.2&Prime; _module_preset=\u00a0\u00bbdefault\u00a0\u00bb header_font=\u00a0\u00bb|700||on|||||\u00a0\u00bb header_text_align=\u00a0\u00bbcenter\u00a0\u00bb header_text_color=\u00a0\u00bb#FCFCFC\u00a0\u00bb header_letter_spacing=\u00a0\u00bb15px\u00a0\u00bb background_color=\u00a0\u00bb#FCFCFC\u00a0\u00bb module_alignment=\u00a0\u00bbcenter\u00a0\u00bb min_height_last_edited=\u00a0\u00bboff|phone\u00a0\u00bb height=\u00a0\u00bb50vh\u00a0\u00bb custom_padding=\u00a0\u00bb30px|30px|30px|30px|false|false\u00a0\u00bb hover_enabled=\u00a0\u00bb0&Prime; header_letter_spacing_tablet=\u00a0\u00bb15px\u00a0\u00bb header_letter_spacing_phone=\u00a0\u00bb5px\u00a0\u00bb header_letter_spacing_last_edited=\u00a0\u00bbon|phone\u00a0\u00bb global_colors_info=\u00a0\u00bb{}\u00a0\u00bb height_last_edited=\u00a0\u00bbon|phone\u00a0\u00bb sticky_enabled=\u00a0\u00bb0&Prime; height_tablet=\u00a0\u00bb50vh\u00a0\u00bb height_phone=\u00a0\u00bb40vh\u00a0\u00bb][et_pb_slide heading=\u00a0\u00bbVentilation\u00a0\u00bb _builder_version=\u00a0\u00bb4.27.2&Prime; _module_preset=\u00a0\u00bbdefault\u00a0\u00bb background_color=\u00a0\u00bbRGBA(255,255,255,0)\u00a0\u00bb background_enable_color=\u00a0\u00bbon\u00a0\u00bb background_image=\u00a0\u00bbhttps:\/\/whs.lu\/wp-content\/uploads\/2024\/10\/lueftung_ns-1.png\u00a0\u00bb background_enable_image=\u00a0\u00bbon\u00a0\u00bb hover_enabled=\u00a0\u00bb0&Prime; global_colors_info=\u00a0\u00bb{}\u00a0\u00bb sticky_transition=\u00a0\u00bbon\u00a0\u00bb title_text=\u00a0\u00bblueftung_ns\u00a0\u00bb sticky_enabled=\u00a0\u00bb0&Prime;][\/et_pb_slide][\/et_pb_slider][\/et_pb_column][\/et_pb_row][\/et_pb_section][et_pb_section fb_built=\u00a0\u00bb1&Prime; _builder_version=\u00a0\u00bb4.25.2&Prime; _module_preset=\u00a0\u00bbdefault\u00a0\u00bb background_color=\u00a0\u00bb#fcfcfc\u00a0\u00bb global_colors_info=\u00a0\u00bb{}\u00a0\u00bb][et_pb_row column_structure=\u00a0\u00bb2_3,1_3&Prime; _builder_version=\u00a0\u00bb4.27.2&Prime; _module_preset=\u00a0\u00bbdefault\u00a0\u00bb custom_padding=\u00a0\u00bb0px||0px||false|false\u00a0\u00bb hover_enabled=\u00a0\u00bb0&Prime; pac_drh_column_numbers_tablet=\u00a0\u00bbpac_drh_tab_col_two\u00a0\u00bb pac_drh_column_numbers_phone=\u00a0\u00bbpac_drh_phone_col_one\u00a0\u00bb global_colors_info=\u00a0\u00bb{}\u00a0\u00bb sticky_enabled=\u00a0\u00bb0&Prime;][et_pb_column type=\u00a0\u00bb2_3&Prime; _builder_version=\u00a0\u00bb4.25.2&Prime; _module_preset=\u00a0\u00bbdefault\u00a0\u00bb global_colors_info=\u00a0\u00bb{}\u00a0\u00bb][et_pb_image src=\u00a0\u00bbhttps:\/\/whs.lu\/wp-content\/uploads\/2024\/02\/pikto_w_Lueftung.svg\u00a0\u00bb title_text=\u00a0\u00bbpikto_w_Lueftung\u00a0\u00bb _builder_version=\u00a0\u00bb4.25.2&Prime; _module_preset=\u00a0\u00bbdefault\u00a0\u00bb background_color=\u00a0\u00bb#336FB6&Prime; width=\u00a0\u00bb60px\u00a0\u00bb custom_margin=\u00a0\u00bb||10px||false|false\u00a0\u00bb global_colors_info=\u00a0\u00bb{}\u00a0\u00bb][\/et_pb_image][et_pb_text _builder_version=\u00a0\u00bb4.25.2&Prime; _module_preset=\u00a0\u00bbdefault\u00a0\u00bb custom_margin=\u00a0\u00bb||15px||false|false\u00a0\u00bb global_colors_info=\u00a0\u00bb{}\u00a0\u00bb]<\/p>\n<h1>Syst\u00e8mes de ventilation contr\u00f4l\u00e9e<\/h1>\n<p>[\/et_pb_text][et_pb_text _builder_version=\u00a0\u00bb4.25.2&Prime; _module_preset=\u00a0\u00bbdefault\u00a0\u00bb global_colors_info=\u00a0\u00bb{}\u00a0\u00bb]<\/p>\n<p><span>Pour \u00e9conomiser de l&rsquo;\u00e9nergie, l&rsquo;\u00c9tat impose aux appartements et aux maisons d&rsquo;habitation une construction extr\u00eamement \u00e9tanche \u00e0 l&rsquo;air. Afin de garantir un apport d&rsquo;air frais suffisant dans votre appartement ou votre maison, les syst\u00e8mes de ventilation contr\u00f4l\u00e9e offrent une solution.   <\/span><strong>Syst\u00e8mes de ventilation<\/strong><span>  avec r\u00e9cup\u00e9ration de chaleur est la solution id\u00e9ale. Cela permet d&rsquo;\u00e9viter les risques pour la sant\u00e9 et les dommages caus\u00e9s au b\u00e2timent par l&rsquo;humidit\u00e9 et les moisissures. <\/span><\/p>\n<p><span>Gr\u00e2ce \u00e0 une <\/span><strong>ventilation contr\u00f4l\u00e9e<\/strong><span>  avec r\u00e9cup\u00e9ration de chaleur permet en outre de r\u00e9cup\u00e9rer une partie importante de l&rsquo;\u00e9nergie de chauffage si pr\u00e9cieuse. Gr\u00e2ce \u00e0 notre longue exp\u00e9rience, que nous avons acquise dans le domaine de la construction de   <\/span><strong>des b\u00e2timents \u00e0 haute efficacit\u00e9 \u00e9nerg\u00e9tique<\/strong><span> nous disposons du savoir-faire n\u00e9cessaire pour la conception, la planification et la mise en place de syst\u00e8mes de ventilation, <\/span><strong>l&rsquo;installation et la maintenance de syst\u00e8mes de ventilation contr\u00f4l\u00e9e<\/strong><span> en tenant compte des exigences \u00e9lev\u00e9es en mati\u00e8re d&rsquo;hygi\u00e8ne et de convivialit\u00e9, tant pour une nouvelle construction que pour la r\u00e9novation \u00e9nerg\u00e9tique d&rsquo;une maison existante.<\/span><\/p>\n<p>[\/et_pb_text][\/et_pb_column][et_pb_column type=\u00a0\u00bb1_3&Prime; _builder_version=\u00a0\u00bb4.25.2&Prime; _module_preset=\u00a0\u00bbdefault\u00a0\u00bb global_colors_info=\u00a0\u00bb{}\u00a0\u00bb][et_pb_video src=\u00a0\u00bbhttps:\/\/whs.lu\/wp-content\/uploads\/2024\/10\/HovalHomeVent.mp4&Prime; image_src=\u00a0\u00bbhttps:\/\/whs.lu\/wp-content\/uploads\/2024\/10\/HovalHomeVent_Screenshot.png\u00a0\u00bb _builder_version=\u00a0\u00bb4.27.2&Prime; _module_preset=\u00a0\u00bbdefault\u00a0\u00bb global_colors_info=\u00a0\u00bb{}\u00a0\u00bb][\/et_pb_video][\/et_pb_column][\/et_pb_row][\/et_pb_section]<\/p>\n","protected":false},"excerpt":{"rendered":"<p>Syst\u00e8mes de ventilation contr\u00f4l\u00e9ePour \u00e9conomiser de l&rsquo;\u00e9nergie, l&rsquo;\u00c9tat impose aux appartements et aux maisons d&rsquo;habitation une construction extr\u00eamement \u00e9tanche \u00e0 l&rsquo;air. Afin de garantir un apport d&rsquo;air frais suffisant dans votre appartement ou votre maison, les syst\u00e8mes de ventilation contr\u00f4l\u00e9e offrent une solution. Syst\u00e8mes de ventilation avec r\u00e9cup\u00e9ration de chaleur est la solution id\u00e9ale. Cela [&hellip;]<\/p>\n","protected":false},"author":6,"featured_media":0,"parent":9707,"menu_order":0,"comment_status":"closed","ping_status":"closed","template":"","meta":{"_et_pb_use_builder":"on","_et_pb_old_content":"","_et_gb_content_width":"","inline_featured_image":false,"footnotes":""},"class_list":["post-9716","page","type-page","status-publish","hentry"],"_links":{"self":[{"href":"https:\/\/whs.lu\/fr\/wp-json\/wp\/v2\/pages\/9716","targetHints":{"allow":["GET"]}}],"collection":[{"href":"https:\/\/whs.lu\/fr\/wp-json\/wp\/v2\/pages"}],"about":[{"href":"https:\/\/whs.lu\/fr\/wp-json\/wp\/v2\/types\/page"}],"author":[{"embeddable":true,"href":"https:\/\/whs.lu\/fr\/wp-json\/wp\/v2\/users\/6"}],"replies":[{"embeddable":true,"href":"https:\/\/whs.lu\/fr\/wp-json\/wp\/v2\/comments?post=9716"}],"version-history":[{"count":11,"href":"https:\/\/whs.lu\/fr\/wp-json\/wp\/v2\/pages\/9716\/revisions"}],"predecessor-version":[{"id":9857,"href":"https:\/\/whs.lu\/fr\/wp-json\/wp\/v2\/pages\/9716\/revisions\/9857"}],"up":[{"embeddable":true,"href":"https:\/\/whs.lu\/fr\/wp-json\/wp\/v2\/pages\/9707"}],"wp:attachment":[{"href":"https:\/\/whs.lu\/fr\/wp-json\/wp\/v2\/media?parent=9716"}],"curies":[{"name":"wp","href":"https:\/\/api.w.org\/{rel}","templated":true}]}}