{"id":9736,"date":"2024-10-22T13:27:12","date_gmt":"2024-10-22T11:27:12","guid":{"rendered":"https:\/\/staging-shop.whs.lu\/technique-du-batiment\/systemes-de-securite\/"},"modified":"2024-11-07T12:10:41","modified_gmt":"2024-11-07T11:10:41","slug":"systemes-de-securite","status":"publish","type":"page","link":"https:\/\/whs.lu\/fr\/technique-du-batiment\/systemes-de-securite\/","title":{"rendered":"Syst\u00e8mes de s\u00e9curit\u00e9"},"content":{"rendered":"<p>[et_pb_section fb_built=\u00a0\u00bb1&Prime; _builder_version=\u00a0\u00bb4.27.2&Prime; _module_preset=\u00a0\u00bbdefault\u00a0\u00bb custom_margin=\u00a0\u00bb|30px||30px|false|false\u00a0\u00bb custom_margin_tablet=\u00a0\u00bb|30px||30px|false|false\u00a0\u00bb custom_margin_phone=\u00a0\u00bb|0px||0px|false|false\u00a0\u00bb custom_margin_last_edited=\u00a0\u00bbon|tablet\u00a0\u00bb custom_padding=\u00a0\u00bb0px|0px|0px|0px|false|false\u00a0\u00bb hover_enabled=\u00a0\u00bb0&Prime; locked=\u00a0\u00bboff\u00a0\u00bb global_colors_info=\u00a0\u00bb{}\u00a0\u00bb sticky_enabled=\u00a0\u00bb0&Prime;][et_pb_row _builder_version=\u00a0\u00bb4.24.2&Prime; _module_preset=\u00a0\u00bbdefault\u00a0\u00bb width=\u00a0\u00bb100%\u00a0\u00bb max_width=\u00a0\u00bb100%\u00a0\u00bb custom_padding=\u00a0\u00bb0px||0px||false|false\u00a0\u00bb global_colors_info=\u00a0\u00bb{}\u00a0\u00bb][et_pb_column type=\u00a0\u00bb4_4&Prime; _builder_version=\u00a0\u00bb4.24.2&Prime; _module_preset=\u00a0\u00bbdefault\u00a0\u00bb global_colors_info=\u00a0\u00bb{}\u00a0\u00bb][et_pb_slider use_bg_overlay=\u00a0\u00bbon\u00a0\u00bb bg_overlay_color=\u00a0\u00bbrgba(29,29,27,0.15)\u00a0\u00bb show_pagination_tablet=\u00a0\u00bb\u00a0\u00bb show_pagination_phone=\u00a0\u00bboff\u00a0\u00bb show_pagination_last_edited=\u00a0\u00bbon|desktop\u00a0\u00bb module_class=\u00a0\u00bbbg_image\u00a0\u00bb _builder_version=\u00a0\u00bb4.27.2&Prime; _module_preset=\u00a0\u00bbdefault\u00a0\u00bb header_font=\u00a0\u00bb|700||on|||||\u00a0\u00bb header_text_align=\u00a0\u00bbcenter\u00a0\u00bb header_text_color=\u00a0\u00bb#FCFCFC\u00a0\u00bb header_letter_spacing=\u00a0\u00bb15px\u00a0\u00bb background_color=\u00a0\u00bb#FCFCFC\u00a0\u00bb module_alignment=\u00a0\u00bbcenter\u00a0\u00bb min_height_last_edited=\u00a0\u00bboff|phone\u00a0\u00bb height=\u00a0\u00bb50vh\u00a0\u00bb custom_padding=\u00a0\u00bb30px|30px|30px|30px|false|false\u00a0\u00bb hover_enabled=\u00a0\u00bb0&Prime; header_letter_spacing_tablet=\u00a0\u00bb15px\u00a0\u00bb header_letter_spacing_phone=\u00a0\u00bb5px\u00a0\u00bb header_letter_spacing_last_edited=\u00a0\u00bbon|phone\u00a0\u00bb global_colors_info=\u00a0\u00bb{}\u00a0\u00bb height_last_edited=\u00a0\u00bbon|phone\u00a0\u00bb sticky_enabled=\u00a0\u00bb0&Prime; height_tablet=\u00a0\u00bb50vh\u00a0\u00bb height_phone=\u00a0\u00bb40vh\u00a0\u00bb][et_pb_slide heading=\u00a0\u00bbSyst\u00e8mes de s\u00e9curit\u00e9\u00a0\u00bb _builder_version=\u00a0\u00bb4.27.2&Prime; _module_preset=\u00a0\u00bbdefault\u00a0\u00bb background_color=\u00a0\u00bbRGBA(255,255,255,0)\u00a0\u00bb background_enable_color=\u00a0\u00bbon\u00a0\u00bb background_image=\u00a0\u00bbhttps:\/\/whs.lu\/wp-content\/uploads\/2024\/05\/leistungen_sicherheitssysteme_646649811.jpg\u00a0\u00bb background_enable_image=\u00a0\u00bbon\u00a0\u00bb hover_enabled=\u00a0\u00bb0&Prime; global_colors_info=\u00a0\u00bb{}\u00a0\u00bb sticky_transition=\u00a0\u00bbon\u00a0\u00bb title_text=\u00a0\u00bb1000_F_646649811_q6XsujqWGGUIjy9sSS0AAHLjE3U3oR3e\u00a0\u00bb sticky_enabled=\u00a0\u00bb0&Prime;][\/et_pb_slide][\/et_pb_slider][\/et_pb_column][\/et_pb_row][\/et_pb_section][et_pb_section fb_built=\u00a0\u00bb1&Prime; _builder_version=\u00a0\u00bb4.25.2&Prime; _module_preset=\u00a0\u00bbdefault\u00a0\u00bb background_color=\u00a0\u00bb#fcfcfc\u00a0\u00bb global_colors_info=\u00a0\u00bb{}\u00a0\u00bb][et_pb_row column_structure=\u00a0\u00bb2_3,1_3&Prime; _builder_version=\u00a0\u00bb4.27.2&Prime; _module_preset=\u00a0\u00bbdefault\u00a0\u00bb custom_padding=\u00a0\u00bb0px||0px||false|false\u00a0\u00bb hover_enabled=\u00a0\u00bb0&Prime; global_colors_info=\u00a0\u00bb{}\u00a0\u00bb pac_drh_column_numbers_tablet=\u00a0\u00bbpac_drh_tab_col_two\u00a0\u00bb pac_drh_column_numbers_phone=\u00a0\u00bbpac_drh_phone_col_one\u00a0\u00bb sticky_enabled=\u00a0\u00bb0&Prime;][et_pb_column type=\u00a0\u00bb2_3&Prime; _builder_version=\u00a0\u00bb4.25.2&Prime; _module_preset=\u00a0\u00bbdefault\u00a0\u00bb global_colors_info=\u00a0\u00bb{}\u00a0\u00bb][et_pb_image src=\u00a0\u00bbhttps:\/\/whs.lu\/wp-content\/uploads\/2024\/02\/pikto_w_Sicherheitssysteme.svg\u00a0\u00bb title_text=\u00a0\u00bbpikto_w_Sicherheitssysteme\u00a0\u00bb _builder_version=\u00a0\u00bb4.25.2&Prime; _module_preset=\u00a0\u00bbdefault\u00a0\u00bb background_color=\u00a0\u00bb#336FB6&Prime; width=\u00a0\u00bb60px\u00a0\u00bb custom_margin=\u00a0\u00bb||10px||false|false\u00a0\u00bb global_colors_info=\u00a0\u00bb{}\u00a0\u00bb][\/et_pb_image][et_pb_text _builder_version=\u00a0\u00bb4.25.2&Prime; _module_preset=\u00a0\u00bbdefault\u00a0\u00bb custom_margin=\u00a0\u00bb||15px||false|false\u00a0\u00bb global_colors_info=\u00a0\u00bb{}\u00a0\u00bb]<\/p>\n<h1>Syst\u00e8mes de s\u00e9curit\u00e9<\/h1>\n<p>[\/et_pb_text][et_pb_text _builder_version=\u00a0\u00bb4.25.2&Prime; _module_preset=\u00a0\u00bbdefault\u00a0\u00bb global_colors_info=\u00a0\u00bb{}\u00a0\u00bb]<\/p>\n<h5>La s\u00e9curit\u00e9 nous tient \u00e0 c\u0153ur. Pas seulement pour nous, mais aussi pour votre maison. <\/h5>\n<p>Nos produits sont toujours r\u00e9alis\u00e9s avec l&rsquo;objectif de la plus haute qualit\u00e9 possible. De plus, ils sont toujours enti\u00e8rement test\u00e9s, de chaque composant jusqu&rsquo;au produit fini, afin de garantir une s\u00e9curit\u00e9 maximale. <\/p>\n<p>Nous \u00e9laborons ainsi un concept de s\u00e9curit\u00e9 adapt\u00e9 \u00e0 vos besoins, que nous installons ensuite sur place chez vous par l&rsquo;interm\u00e9diaire de nos sp\u00e9cialistes, que nous entretenons et que nous mettons r\u00e9guli\u00e8rement \u00e0 jour.<\/p>\n<p>Qu&rsquo;il s&rsquo;agisse de protection contre les intrusions, d&rsquo;alarmes anti-intrusion, de d\u00e9tecteurs d&rsquo;incendie, de contr\u00f4les d&rsquo;acc\u00e8s ou de syst\u00e8mes de vid\u00e9osurveillance, nous avons des solutions personnalis\u00e9es \u00e0 vous proposer.<\/p>\n<p>Nous r\u00e9alisons tous types de techniques de s\u00e9curit\u00e9, notamment :<\/p>\n<ul>\n<li>Syst\u00e8mes de d\u00e9tection d\u2019intrusion<\/li>\n<li>Syst\u00e8mes d&rsquo;alarme incendie<\/li>\n<li>D\u00e9tecteurs de fum\u00e9e<\/li>\n<li>Contr\u00f4le d&rsquo;acc\u00e8s<\/li>\n<li>Syst\u00e8mes de vid\u00e9osurveillance<\/li>\n<\/ul>\n<p>[\/et_pb_text][\/et_pb_column][et_pb_column type=\u00a0\u00bb1_3&Prime; _builder_version=\u00a0\u00bb4.25.2&Prime; _module_preset=\u00a0\u00bbdefault\u00a0\u00bb global_colors_info=\u00a0\u00bb{}\u00a0\u00bb][et_pb_image src=\u00a0\u00bbhttps:\/\/whs.lu\/wp-content\/uploads\/2024\/10\/sicherheitssysteme_1036759422-1280&#215;854-1.jpg\u00a0\u00bb _builder_version=\u00a0\u00bb4.27.2&Prime; _module_preset=\u00a0\u00bbdefault\u00a0\u00bb hover_enabled=\u00a0\u00bb0&Prime; global_colors_info=\u00a0\u00bb{}\u00a0\u00bb title_text=\u00a0\u00bbMan installing smoke detector\u00a0\u00bb sticky_enabled=\u00a0\u00bb0&Prime;][\/et_pb_image][et_pb_image src=\u00a0\u00bbhttps:\/\/whs.lu\/wp-content\/uploads\/2024\/10\/sicherheitssysteme_182175456-1280&#215;852-1.jpg\u00a0\u00bb _builder_version=\u00a0\u00bb4.27.2&Prime; _module_preset=\u00a0\u00bbdefault\u00a0\u00bb hover_enabled=\u00a0\u00bb0&Prime; global_colors_info=\u00a0\u00bb{}\u00a0\u00bb title_text=\u00a0\u00bbCam\u00e9ra de s\u00e9curit\u00e9\u00a0\u00bb sticky_enabled=\u00a0\u00bb0&Prime;][\/et_pb_image][\/et_pb_column][\/et_pb_row][\/et_pb_section]<\/p>\n","protected":false},"excerpt":{"rendered":"<p>Syst\u00e8mes de s\u00e9curit\u00e9La s\u00e9curit\u00e9 nous tient \u00e0 c\u0153ur. Pas seulement pour nous, mais aussi pour votre maison. Nos produits sont toujours r\u00e9alis\u00e9s avec l&rsquo;objectif de la plus haute qualit\u00e9 possible. De plus, ils sont toujours enti\u00e8rement test\u00e9s, de chaque composant jusqu&rsquo;au produit fini, afin de garantir une s\u00e9curit\u00e9 maximale. Nous \u00e9laborons ainsi un concept de [&hellip;]<\/p>\n","protected":false},"author":6,"featured_media":0,"parent":9707,"menu_order":0,"comment_status":"closed","ping_status":"closed","template":"","meta":{"_et_pb_use_builder":"on","_et_pb_old_content":"","_et_gb_content_width":"","inline_featured_image":false,"footnotes":""},"class_list":["post-9736","page","type-page","status-publish","hentry"],"_links":{"self":[{"href":"https:\/\/whs.lu\/fr\/wp-json\/wp\/v2\/pages\/9736","targetHints":{"allow":["GET"]}}],"collection":[{"href":"https:\/\/whs.lu\/fr\/wp-json\/wp\/v2\/pages"}],"about":[{"href":"https:\/\/whs.lu\/fr\/wp-json\/wp\/v2\/types\/page"}],"author":[{"embeddable":true,"href":"https:\/\/whs.lu\/fr\/wp-json\/wp\/v2\/users\/6"}],"replies":[{"embeddable":true,"href":"https:\/\/whs.lu\/fr\/wp-json\/wp\/v2\/comments?post=9736"}],"version-history":[{"count":7,"href":"https:\/\/whs.lu\/fr\/wp-json\/wp\/v2\/pages\/9736\/revisions"}],"predecessor-version":[{"id":9860,"href":"https:\/\/whs.lu\/fr\/wp-json\/wp\/v2\/pages\/9736\/revisions\/9860"}],"up":[{"embeddable":true,"href":"https:\/\/whs.lu\/fr\/wp-json\/wp\/v2\/pages\/9707"}],"wp:attachment":[{"href":"https:\/\/whs.lu\/fr\/wp-json\/wp\/v2\/media?parent=9736"}],"curies":[{"name":"wp","href":"https:\/\/api.w.org\/{rel}","templated":true}]}}