{"id":9758,"date":"2024-10-09T09:41:20","date_gmt":"2024-10-09T07:41:20","guid":{"rendered":"https:\/\/staging-shop.whs.lu\/cart\/"},"modified":"2024-11-12T10:23:35","modified_gmt":"2024-11-12T09:23:35","slug":"cart","status":"publish","type":"page","link":"https:\/\/whs.lu\/fr\/cart\/","title":{"rendered":"Panier"},"content":{"rendered":"<p>[et_pb_section fb_built=\u00a0\u00bb1&Prime; custom_padding_last_edited=\u00a0\u00bbon|phone\u00a0\u00bb _builder_version=\u00a0\u00bb4.27.2&Prime; _module_preset=\u00a0\u00bbdefault\u00a0\u00bb background_color=\u00a0\u00bb#fcfcfc\u00a0\u00bb custom_margin=\u00a0\u00bb|0px||0px|false|false\u00a0\u00bb custom_margin_tablet=\u00a0\u00bb|0px||0px|false|false\u00a0\u00bb custom_margin_phone=\u00a0\u00bb|0px||0px|false|false\u00a0\u00bb custom_margin_last_edited=\u00a0\u00bbon|desktop\u00a0\u00bb custom_padding=\u00a0\u00bb0px|30px|0px|30px|false|false\u00a0\u00bb custom_padding_tablet=\u00a0\u00bb0px|30px|0px|30px|false|false\u00a0\u00bb custom_padding_phone=\u00a0\u00bb|0px||0px|false|false\u00a0\u00bb locked=\u00a0\u00bboff\u00a0\u00bb global_colors_info=\u00a0\u00bb{}\u00a0\u00bb][et_pb_row _builder_version=\u00a0\u00bb4.24.2&Prime; _module_preset=\u00a0\u00bbdefault\u00a0\u00bb width=\u00a0\u00bb100%\u00a0\u00bb max_width=\u00a0\u00bb100%\u00a0\u00bb custom_padding=\u00a0\u00bb0px||0px||false|false\u00a0\u00bb global_colors_info=\u00a0\u00bb{}\u00a0\u00bb][et_pb_column type=\u00a0\u00bb4_4&Prime; _builder_version=\u00a0\u00bb4.24.2&Prime; _module_preset=\u00a0\u00bbdefault\u00a0\u00bb global_colors_info=\u00a0\u00bb{}\u00a0\u00bb][et_pb_slider use_bg_overlay=\u00a0\u00bboff\u00a0\u00bb show_pagination_tablet=\u00a0\u00bb\u00a0\u00bb show_pagination_phone=\u00a0\u00bboff\u00a0\u00bb show_pagination_last_edited=\u00a0\u00bbon|desktop\u00a0\u00bb module_class=\u00a0\u00bbbg_image\u00a0\u00bb _builder_version=\u00a0\u00bb4.27.2&Prime; _module_preset=\u00a0\u00bbdefault\u00a0\u00bb header_font=\u00a0\u00bb|700||on|||||\u00a0\u00bb header_text_align=\u00a0\u00bbcenter\u00a0\u00bb header_text_color=\u00a0\u00bb#FCFCFC\u00a0\u00bb header_letter_spacing=\u00a0\u00bb15px\u00a0\u00bb background_color=\u00a0\u00bb#FCFCFC\u00a0\u00bb module_alignment=\u00a0\u00bbcenter\u00a0\u00bb min_height_last_edited=\u00a0\u00bboff|phone\u00a0\u00bb height=\u00a0\u00bb35vh\u00a0\u00bb height_tablet=\u00a0\u00bb35vh\u00a0\u00bb height_phone=\u00a0\u00bb35vh\u00a0\u00bb height_last_edited=\u00a0\u00bbon|phone\u00a0\u00bb custom_padding=\u00a0\u00bb30px|30px|30px|30px|false|false\u00a0\u00bb hover_enabled=\u00a0\u00bb0&Prime; header_letter_spacing_tablet=\u00a0\u00bb15px\u00a0\u00bb header_letter_spacing_phone=\u00a0\u00bb5px\u00a0\u00bb header_letter_spacing_last_edited=\u00a0\u00bbon|phone\u00a0\u00bb global_colors_info=\u00a0\u00bb{}\u00a0\u00bb sticky_enabled=\u00a0\u00bb0&Prime;][et_pb_slide heading=\u00a0\u00bbPanier\u00a0\u00bb _builder_version=\u00a0\u00bb4.27.2&Prime; _module_preset=\u00a0\u00bbdefault\u00a0\u00bb background_color=\u00a0\u00bbRGBA(255,255,255,0)\u00a0\u00bb background_enable_color=\u00a0\u00bbon\u00a0\u00bb background_image=\u00a0\u00bbhttps:\/\/whs.lu\/wp-content\/uploads\/2024\/11\/warenkorb_387684390.jpg\u00a0\u00bb background_enable_image=\u00a0\u00bbon\u00a0\u00bb hover_enabled=\u00a0\u00bb0&Prime; global_colors_info=\u00a0\u00bb{}\u00a0\u00bb sticky_transition=\u00a0\u00bbon\u00a0\u00bb title_text=\u00a0\u00bbwarenkorb_387684390&Prime; sticky_enabled=\u00a0\u00bb0&Prime;][\/et_pb_slide][\/et_pb_slider][\/et_pb_column][\/et_pb_row][\/et_pb_section][et_pb_section fb_built=\u00a0\u00bb1&Prime; custom_padding_last_edited=\u00a0\u00bbon|phone\u00a0\u00bb _builder_version=\u00a0\u00bb4.27.2&Prime; background_color=\u00a0\u00bb#fcfcfc\u00a0\u00bb custom_margin=\u00a0\u00bb|0px||0px|false|false\u00a0\u00bb custom_margin_tablet=\u00a0\u00bb|0px||0px|false|false\u00a0\u00bb custom_margin_phone=\u00a0\u00bb|0px||0px|false|false\u00a0\u00bb custom_margin_last_edited=\u00a0\u00bbon|tablet\u00a0\u00bb custom_padding=\u00a0\u00bb30px|30px|30px|30px|false|false\u00a0\u00bb custom_padding_tablet=\u00a0\u00bb30px|30px|30px|30px|false|false\u00a0\u00bb custom_padding_phone=\u00a0\u00bb|0px||0px|false|false\u00a0\u00bb locked=\u00a0\u00bboff\u00a0\u00bb global_colors_info=\u00a0\u00bb{}\u00a0\u00bb][et_pb_row _builder_version=\u00a0\u00bb4.27.2&Prime; background_enable_color=\u00a0\u00bboff\u00a0\u00bb background_size=\u00a0\u00bbinitial\u00a0\u00bb background_position=\u00a0\u00bbtop_left\u00a0\u00bb background_repeat=\u00a0\u00bbrepeat\u00a0\u00bb custom_padding=\u00a0\u00bb0px||0px||false|false\u00a0\u00bb global_colors_info=\u00a0\u00bb{}\u00a0\u00bb][et_pb_column type=\u00a0\u00bb4_4&Prime; _builder_version=\u00a0\u00bb4.16&Prime; custom_padding=\u00a0\u00bb|||\u00a0\u00bb global_colors_info=\u00a0\u00bb{}\u00a0\u00bb custom_padding__hover=\u00a0\u00bb|||\u00a0\u00bb][et_pb_wc_cart_notice _builder_version=\u00a0\u00bb4.27.2&Prime; custom_button=\u00a0\u00bbon\u00a0\u00bb button_text_color=\u00a0\u00bb#fcfcfc\u00a0\u00bb button_bg_color=\u00a0\u00bb#1D1D1B\u00a0\u00bb button_border_width=\u00a0\u00bb0px\u00a0\u00bb button_icon=\u00a0\u00bb#||divi||400&Prime; button_icon_placement=\u00a0\u00bbleft\u00a0\u00bb button_custom_padding=\u00a0\u00bb10px|15px|10px|15px|false|false\u00a0\u00bb global_colors_info=\u00a0\u00bb{}\u00a0\u00bb button_bg_color__hover_enabled=\u00a0\u00bbon|desktop\u00a0\u00bb button_bg_color__hover=\u00a0\u00bb#336FB6&Prime; button_bg_enable_color__hover=\u00a0\u00bbon\u00a0\u00bb button_custom_padding__hover_enabled=\u00a0\u00bbon|hover\u00a0\u00bb button_custom_padding__hover=\u00a0\u00bb10px|15px|10px|35px|false|false\u00a0\u00bb][\/et_pb_wc_cart_notice][\/et_pb_column][\/et_pb_row][et_pb_row _builder_version=\u00a0\u00bb4.27.2&Prime; _module_preset=\u00a0\u00bbdefault\u00a0\u00bb custom_padding=\u00a0\u00bb30px||0px||false|false\u00a0\u00bb global_colors_info=\u00a0\u00bb{}\u00a0\u00bb][et_pb_column type=\u00a0\u00bb4_4&Prime; _builder_version=\u00a0\u00bb4.27.2&Prime; _module_preset=\u00a0\u00bbdefault\u00a0\u00bb global_colors_info=\u00a0\u00bb{}\u00a0\u00bb][et_pb_wc_cart_products image_max_width=\u00a0\u00bb180px\u00a0\u00bb image_max_width_tablet=\u00a0\u00bb180px\u00a0\u00bb image_max_width_phone=\u00a0\u00bb180px\u00a0\u00bb image_max_width_last_edited=\u00a0\u00bbon|phone\u00a0\u00bb _builder_version=\u00a0\u00bb4.27.2&Prime; _module_preset=\u00a0\u00bbdefault\u00a0\u00bb table_custom_padding=\u00a0\u00bb||||false|false\u00a0\u00bb table_cell_alternating_background_color=\u00a0\u00bb#fcfcfc\u00a0\u00bb icon_background_color=\u00a0\u00bb#e94b5c\u00a0\u00bb icon_text_color=\u00a0\u00bb#ffffff\u00a0\u00bb form_field_background_color=\u00a0\u00bb#ffffff\u00a0\u00bb form_field_text_color=\u00a0\u00bb#1D1D1B\u00a0\u00bb form_field_focus_background_color=\u00a0\u00bb#F2F3FB\u00a0\u00bb form_field_focus_text_color=\u00a0\u00bb#336FB6&Prime; background_color=\u00a0\u00bb#ffffff\u00a0\u00bb custom_button=\u00a0\u00bbon\u00a0\u00bb button_text_size=\u00a0\u00bb14px\u00a0\u00bb button_text_color=\u00a0\u00bb#fcfcfc\u00a0\u00bb button_bg_color=\u00a0\u00bb#1D1D1B\u00a0\u00bb button_border_width=\u00a0\u00bb0px\u00a0\u00bb button_use_icon=\u00a0\u00bboff\u00a0\u00bb custom_disabled_button=\u00a0\u00bbon\u00a0\u00bb disabled_button_text_size=\u00a0\u00bb18px\u00a0\u00bb disabled_button_text_color=\u00a0\u00bb#fcfcfc\u00a0\u00bb disabled_button_bg_color=\u00a0\u00bb#1D1D1B\u00a0\u00bb disabled_button_border_width=\u00a0\u00bb0px\u00a0\u00bb disabled_button_icon=\u00a0\u00bb\ue02a||divi||400&Prime; border_width_all_image=\u00a0\u00bb1px\u00a0\u00bb border_color_all_image=\u00a0\u00bb#f2f3fb\u00a0\u00bb border_radii_table=\u00a0\u00bbon|0px|0px|0px|0px\u00a0\u00bb border_width_all_form_field=\u00a0\u00bb1px\u00a0\u00bb border_color_all_form_field=\u00a0\u00bb#eeeeee\u00a0\u00bb global_colors_info=\u00a0\u00bb{}\u00a0\u00bb disabled_button_bg_color__hover_enabled=\u00a0\u00bbon|hover\u00a0\u00bb disabled_button_bg_color__hover=\u00a0\u00bb#336FB6&Prime; disabled_button_bg_enable_color__hover=\u00a0\u00bbon\u00a0\u00bb disabled_button_text_color__hover_enabled=\u00a0\u00bboff|desktop\u00a0\u00bb disabled_button_text_color__hover=\u00a0\u00bb#fcfcfc\u00a0\u00bb disabled_button_text_size__hover_enabled=\u00a0\u00bbon|desktop\u00a0\u00bb button_bg_color__hover_enabled=\u00a0\u00bbon|desktop\u00a0\u00bb button_bg_color__hover=\u00a0\u00bb#336FB6&Prime; button_bg_enable_color__hover=\u00a0\u00bbon\u00a0\u00bb button_text_size__hover_enabled=\u00a0\u00bboff|desktop\u00a0\u00bb disabled_button_text_size__hover=\u00a0\u00bb18px\u00a0\u00bb][\/et_pb_wc_cart_products][\/et_pb_column][\/et_pb_row][et_pb_row column_structure=\u00a0\u00bb1_3,2_3&Prime; _builder_version=\u00a0\u00bb4.27.2&Prime; _module_preset=\u00a0\u00bbdefault\u00a0\u00bb global_colors_info=\u00a0\u00bb{}\u00a0\u00bb][et_pb_column type=\u00a0\u00bb1_3&Prime; _builder_version=\u00a0\u00bb4.27.2&Prime; _module_preset=\u00a0\u00bbdefault\u00a0\u00bb global_colors_info=\u00a0\u00bb{}\u00a0\u00bb][et_pb_text _builder_version=\u00a0\u00bb4.27.2&Prime; _module_preset=\u00a0\u00bbdefault\u00a0\u00bb custom_margin=\u00a0\u00bb||0px||false|false\u00a0\u00bb locked=\u00a0\u00bboff\u00a0\u00bb global_colors_info=\u00a0\u00bb{}\u00a0\u00bb]<\/p>\n<h3>Options de livraison<\/h3>\n<p>[\/et_pb_text][et_pb_text _builder_version=\u00a0\u00bb4.27.2&Prime; _module_preset=\u00a0\u00bbdefault\u00a0\u00bb background_color=\u00a0\u00bbrgba(233,75,92,0.3)\u00a0\u00bb custom_margin=\u00a0\u00bb||0px||false|false\u00a0\u00bb custom_padding=\u00a0\u00bb15px|15px|15px|15px|false|false\u00a0\u00bb locked=\u00a0\u00bboff\u00a0\u00bb global_colors_info=\u00a0\u00bb{}\u00a0\u00bb]<\/p>\n<p>Veuillez s\u00e9lectionner l&rsquo;option d&rsquo;e livraison souhait\u00e9e sous \u00ab\u00a0Livraison\u00a0\u00bb.<\/p>\n<p>[\/et_pb_text][et_pb_accordion open_toggle_background_color=\u00a0\u00bb#ffffff\u00a0\u00bb closed_toggle_background_color=\u00a0\u00bb#F2F3FB\u00a0\u00bb toggle_icon=\u00a0\u00bb&#x70;||divi||400&Prime; _builder_version=\u00a0\u00bb4.25.2&Prime; _module_preset=\u00a0\u00bbdefault\u00a0\u00bb locked=\u00a0\u00bboff\u00a0\u00bb global_colors_info=\u00a0\u00bb{}\u00a0\u00bb][et_pb_accordion_item title=\u00a0\u00bbBASIC\u00a0\u00bb open=\u00a0\u00bbon\u00a0\u00bb open_toggle_text_color=\u00a0\u00bb#336FB6&Prime; open_toggle_background_color=\u00a0\u00bb#ffffff\u00a0\u00bb closed_toggle_background_color=\u00a0\u00bb#F2F3FB\u00a0\u00bb icon_color=\u00a0\u00bb#336FB6&Prime; toggle_icon=\u00a0\u00bb&#x70;||divi||400&Prime; _builder_version=\u00a0\u00bb4.25.2&Prime; _module_preset=\u00a0\u00bbdefault\u00a0\u00bb background_color=\u00a0\u00bb#F2F3FB\u00a0\u00bb background_enable_color=\u00a0\u00bbon\u00a0\u00bb border_color_all=\u00a0\u00bb#F2F3FB\u00a0\u00bb global_colors_info=\u00a0\u00bb{}\u00a0\u00bb toggle_text_color=\u00a0\u00bb#336FB6&Prime;]<\/p>\n<ul>\n<li>Livraison porte d&rsquo;entr\u00e9e<\/li>\n<\/ul>\n<p>[\/et_pb_accordion_item][et_pb_accordion_item title=\u00a0\u00bbCONFORT\u00a0\u00bb open_toggle_text_color=\u00a0\u00bb#336FB6&Prime; open_toggle_background_color=\u00a0\u00bb#ffffff\u00a0\u00bb closed_toggle_background_color=\u00a0\u00bb#F2F3FB\u00a0\u00bb icon_color=\u00a0\u00bb#336FB6&Prime; toggle_icon=\u00a0\u00bb&#x70;||divi||400&Prime; _builder_version=\u00a0\u00bb4.25.2&Prime; _module_preset=\u00a0\u00bbdefault\u00a0\u00bb background_color=\u00a0\u00bb#F2F3FB\u00a0\u00bb background_enable_color=\u00a0\u00bbon\u00a0\u00bb border_color_all=\u00a0\u00bb#F2F3FB\u00a0\u00bb global_colors_info=\u00a0\u00bb{}\u00a0\u00bb toggle_text_color=\u00a0\u00bb#336FB6&Prime; open=\u00a0\u00bboff\u00a0\u00bb]<\/p>\n<ul>\n<li>Livraison jusqu&rsquo;au lieu d&rsquo;installation<\/li>\n<li>Connexion et mise en service<\/li>\n<li>Mode d&#8217;emploi<\/li>\n<li>\u00c9limination des emballages<\/li>\n<li>\u00c9limination des appareils usag\u00e9s<\/li>\n<\/ul>\n<p>[\/et_pb_accordion_item][et_pb_accordion_item title=\u00a0\u00bbPREMIUM\u00a0\u00bb open_toggle_text_color=\u00a0\u00bb#336FB6&Prime; open_toggle_background_color=\u00a0\u00bb#ffffff\u00a0\u00bb closed_toggle_background_color=\u00a0\u00bb#F2F3FB\u00a0\u00bb icon_color=\u00a0\u00bb#336FB6&Prime; toggle_icon=\u00a0\u00bb&#x70;||divi||400&Prime; _builder_version=\u00a0\u00bb4.25.2&Prime; _module_preset=\u00a0\u00bbdefault\u00a0\u00bb background_color=\u00a0\u00bb#F2F3FB\u00a0\u00bb background_enable_color=\u00a0\u00bbon\u00a0\u00bb border_color_all=\u00a0\u00bb#F2F3FB\u00a0\u00bb global_colors_info=\u00a0\u00bb{}\u00a0\u00bb toggle_text_color=\u00a0\u00bb#336FB6&Prime; open=\u00a0\u00bboff\u00a0\u00bb]<\/p>\n<ul>\n<li>Livraison jusqu&rsquo;au lieu d&rsquo;installation<\/li>\n<li>Connexion et mise en service (autonome)<\/li>\n<li>Mode d&#8217;emploi<\/li>\n<li>\u00c9limination des emballages<\/li>\n<li>\u00c9limination des appareils usag\u00e9s<\/li>\n<li>Connexion et mise en service (montage\/encastrement)<\/li>\n<li>Montage mural<\/li>\n<li>Connexion \u00e0 Internet<\/li>\n<\/ul>\n<p>[\/et_pb_accordion_item][\/et_pb_accordion][\/et_pb_column][et_pb_column type=\u00a0\u00bb2_3&Prime; _builder_version=\u00a0\u00bb4.27.2&Prime; _module_preset=\u00a0\u00bbdefault\u00a0\u00bb global_colors_info=\u00a0\u00bb{}\u00a0\u00bb][et_pb_wc_cart_totals _builder_version=\u00a0\u00bb4.27.2&Prime; _module_preset=\u00a0\u00bbdefault\u00a0\u00bb title_text_color=\u00a0\u00bb#fcfcfc\u00a0\u00bb column_label_text_color=\u00a0\u00bb#A3B3DD\u00a0\u00bb body_text_color=\u00a0\u00bb#fcfcfc\u00a0\u00bb background_color=\u00a0\u00bb#336FB6&Prime; custom_button=\u00a0\u00bbon\u00a0\u00bb button_text_size=\u00a0\u00bb18px\u00a0\u00bb button_text_color=\u00a0\u00bb#336FB6&Prime; button_bg_color=\u00a0\u00bb#fcfcfc\u00a0\u00bb button_border_width=\u00a0\u00bb0px\u00a0\u00bb button_icon=\u00a0\u00bb$||divi||400&Prime; button_icon_color=\u00a0\u00bb#336FB6&Prime; button_custom_margin=\u00a0\u00bb0px||0px||false|false\u00a0\u00bb button_custom_padding=\u00a0\u00bb15px|1em|15px|1em|false|false\u00a0\u00bb custom_padding=\u00a0\u00bb15px|15px|5px|15px|false|false\u00a0\u00bb border_radii_table=\u00a0\u00bbon|0px|0px|0px|0px\u00a0\u00bb border_color_all_table=\u00a0\u00bb#003E75&Prime; global_colors_info=\u00a0\u00bb{}\u00a0\u00bb button_text_color__hover_enabled=\u00a0\u00bbon|desktop\u00a0\u00bb button_text_color__hover=\u00a0\u00bb#fcfcfc\u00a0\u00bb button_bg_color__hover_enabled=\u00a0\u00bbon|hover\u00a0\u00bb button_bg_color__hover=\u00a0\u00bb#1D1D1B\u00a0\u00bb button_bg_enable_color__hover=\u00a0\u00bbon\u00a0\u00bb button_icon_color__hover_enabled=\u00a0\u00bbon|hover\u00a0\u00bb button_icon_color__hover=\u00a0\u00bb#fcfcfc\u00a0\u00bb][\/et_pb_wc_cart_totals][\/et_pb_column][\/et_pb_row][\/et_pb_section]<\/p>\n","protected":false},"excerpt":{"rendered":"<p>Options de livraisonVeuillez s\u00e9lectionner l&rsquo;option d&rsquo;e livraison souhait\u00e9e sous \u00ab\u00a0Livraison\u00a0\u00bb. Livraison porte d&rsquo;entr\u00e9e Livraison jusqu&rsquo;au lieu d&rsquo;installation Connexion et mise en service Mode d&#8217;emploi \u00c9limination des emballages \u00c9limination des appareils usag\u00e9s Livraison jusqu&rsquo;au lieu d&rsquo;installation Connexion et mise en service (autonome) Mode d&#8217;emploi \u00c9limination des emballages \u00c9limination des appareils usag\u00e9s Connexion et mise en service [&hellip;]<\/p>\n","protected":false},"author":6,"featured_media":0,"parent":0,"menu_order":0,"comment_status":"closed","ping_status":"closed","template":"","meta":{"_et_pb_use_builder":"on","_et_pb_old_content":"","_et_gb_content_width":"","inline_featured_image":false,"footnotes":""},"class_list":["post-9758","page","type-page","status-publish","hentry"],"_links":{"self":[{"href":"https:\/\/whs.lu\/fr\/wp-json\/wp\/v2\/pages\/9758","targetHints":{"allow":["GET"]}}],"collection":[{"href":"https:\/\/whs.lu\/fr\/wp-json\/wp\/v2\/pages"}],"about":[{"href":"https:\/\/whs.lu\/fr\/wp-json\/wp\/v2\/types\/page"}],"author":[{"embeddable":true,"href":"https:\/\/whs.lu\/fr\/wp-json\/wp\/v2\/users\/6"}],"replies":[{"embeddable":true,"href":"https:\/\/whs.lu\/fr\/wp-json\/wp\/v2\/comments?post=9758"}],"version-history":[{"count":7,"href":"https:\/\/whs.lu\/fr\/wp-json\/wp\/v2\/pages\/9758\/revisions"}],"predecessor-version":[{"id":10381,"href":"https:\/\/whs.lu\/fr\/wp-json\/wp\/v2\/pages\/9758\/revisions\/10381"}],"wp:attachment":[{"href":"https:\/\/whs.lu\/fr\/wp-json\/wp\/v2\/media?parent=9758"}],"curies":[{"name":"wp","href":"https:\/\/api.w.org\/{rel}","templated":true}]}}