{"id":9777,"date":"2024-10-28T16:57:19","date_gmt":"2024-10-28T15:57:19","guid":{"rendered":"https:\/\/staging-shop.whs.lu\/conditions-generales-de-vente\/"},"modified":"2024-11-07T12:10:47","modified_gmt":"2024-11-07T11:10:47","slug":"conditions-generales-de-vente","status":"publish","type":"page","link":"https:\/\/whs.lu\/fr\/conditions-generales-de-vente\/","title":{"rendered":"CONDITIONS G\u00c9N\u00c9RALES DE VENTE"},"content":{"rendered":"<p>[et_pb_section fb_built=\u00a0\u00bb1&Prime; theme_builder_area=\u00a0\u00bbpost_content\u00a0\u00bb _builder_version=\u00a0\u00bb4.27.2&Prime; _module_preset=\u00a0\u00bbdefault\u00a0\u00bb][et_pb_row _builder_version=\u00a0\u00bb4.27.2&Prime; _module_preset=\u00a0\u00bbdefault\u00a0\u00bb theme_builder_area=\u00a0\u00bbpost_content\u00a0\u00bb][et_pb_column _builder_version=\u00a0\u00bb4.27.2&Prime; _module_preset=\u00a0\u00bbdefault\u00a0\u00bb type=\u00a0\u00bb4_4&Prime; theme_builder_area=\u00a0\u00bbpost_content\u00a0\u00bb][et_pb_text _builder_version=\u00a0\u00bb4.27.2&Prime; _module_preset=\u00a0\u00bbdefault\u00a0\u00bb theme_builder_area=\u00a0\u00bbpost_content\u00a0\u00bb hover_enabled=\u00a0\u00bb0&Prime; sticky_enabled=\u00a0\u00bb0&Prime;]<\/p>\n<h3>Lorsque vous passez une commande dans notre boutique, il s&rsquo;agit uniquement d&rsquo;une demande d&rsquo;achat. L&rsquo;envoi de la demande d&rsquo;achat ne constitue pas un contrat de vente juridiquement contraignant. <\/h3>\n<p>Nous vous contacterons d\u00e8s que possible apr\u00e8s r\u00e9ception de la demande d&rsquo;achat afin de clarifier avec vous les \u00e9tapes suivantes concernant la demande d&rsquo;achat, la confirmation de r\u00e9ception de la commande, la livraison et le paiement&#8230;<\/p>\n<p>[\/et_pb_text][\/et_pb_column][\/et_pb_row][\/et_pb_section]<\/p>\n","protected":false},"excerpt":{"rendered":"<p>Lorsque vous passez une commande dans notre boutique, il s&rsquo;agit uniquement d&rsquo;une demande d&rsquo;achat. L&rsquo;envoi de la demande d&rsquo;achat ne constitue pas un contrat de vente juridiquement contraignant. Nous vous contacterons d\u00e8s que possible apr\u00e8s r\u00e9ception de la demande d&rsquo;achat afin de clarifier avec vous les \u00e9tapes suivantes concernant la demande d&rsquo;achat, la confirmation de [&hellip;]<\/p>\n","protected":false},"author":6,"featured_media":0,"parent":0,"menu_order":0,"comment_status":"closed","ping_status":"closed","template":"","meta":{"_et_pb_use_builder":"on","_et_pb_old_content":"","_et_gb_content_width":"","inline_featured_image":false,"footnotes":""},"class_list":["post-9777","page","type-page","status-publish","hentry"],"_links":{"self":[{"href":"https:\/\/whs.lu\/fr\/wp-json\/wp\/v2\/pages\/9777","targetHints":{"allow":["GET"]}}],"collection":[{"href":"https:\/\/whs.lu\/fr\/wp-json\/wp\/v2\/pages"}],"about":[{"href":"https:\/\/whs.lu\/fr\/wp-json\/wp\/v2\/types\/page"}],"author":[{"embeddable":true,"href":"https:\/\/whs.lu\/fr\/wp-json\/wp\/v2\/users\/6"}],"replies":[{"embeddable":true,"href":"https:\/\/whs.lu\/fr\/wp-json\/wp\/v2\/comments?post=9777"}],"version-history":[{"count":6,"href":"https:\/\/whs.lu\/fr\/wp-json\/wp\/v2\/pages\/9777\/revisions"}],"predecessor-version":[{"id":9868,"href":"https:\/\/whs.lu\/fr\/wp-json\/wp\/v2\/pages\/9777\/revisions\/9868"}],"wp:attachment":[{"href":"https:\/\/whs.lu\/fr\/wp-json\/wp\/v2\/media?parent=9777"}],"curies":[{"name":"wp","href":"https:\/\/api.w.org\/{rel}","templated":true}]}}