{"id":11038,"date":"2024-11-21T16:21:52","date_gmt":"2024-11-21T15:21:52","guid":{"rendered":"https:\/\/whs.lu\/product\/philips-xu3000-01-robot-daspiration-et-de-nettoyage\/"},"modified":"2024-11-21T16:21:52","modified_gmt":"2024-11-21T15:21:52","slug":"philips-xu3000-01-robot-daspiration-et-de-nettoyage","status":"publish","type":"product","link":"https:\/\/whs.lu\/fr\/product\/philips-xu3000-01-robot-daspiration-et-de-nettoyage\/","title":{"rendered":"PHILIPS XU3000\/01 &#8211; robot d&rsquo;aspiration et de nettoyage"},"content":{"rendered":"","protected":false},"excerpt":{"rendered":"<ul>\n<li>Navigation laser \u00e0 360 degr\u00e9s<\/li>\n<li>Autonomie de la batterie jusqu&rsquo;\u00e0 200 minutes<\/li>\n<li>Temps de charge de la batterie jusqu&rsquo;\u00e0 6,5 heures<\/li>\n<li>Application Philips HomeRun : utilisation intuitive<\/li>\n<li>Humidit\u00e9 d&rsquo;essuyage 4 niveaux : Eco, Normal, \u00c9lev\u00e9, Max<\/li>\n<li>R\u00e9servoir d&rsquo;eau : 0,3L<\/li>\n<li>Station de recharge<\/li>\n<li>Hauteur de seulement 96 mm permettant de nettoyer les endroits difficiles d&rsquo;acc\u00e8s<\/li>\n<\/ul>\n","protected":false},"featured_media":10975,"comment_status":"open","ping_status":"closed","template":"","meta":{"_et_pb_use_builder":"","_et_pb_old_content":"","_et_gb_content_width":"","inline_featured_image":false},"product_brand":[],"product_cat":[76],"product_tag":[],"class_list":{"0":"post-11038","1":"product","2":"type-product","3":"status-publish","4":"has-post-thumbnail","6":"product_cat-menage","8":"first","9":"outofstock","10":"taxable","11":"shipping-taxable","12":"purchasable","13":"product-type-simple"},"_links":{"self":[{"href":"https:\/\/whs.lu\/fr\/wp-json\/wp\/v2\/product\/11038","targetHints":{"allow":["GET"]}}],"collection":[{"href":"https:\/\/whs.lu\/fr\/wp-json\/wp\/v2\/product"}],"about":[{"href":"https:\/\/whs.lu\/fr\/wp-json\/wp\/v2\/types\/product"}],"replies":[{"embeddable":true,"href":"https:\/\/whs.lu\/fr\/wp-json\/wp\/v2\/comments?post=11038"}],"wp:featuredmedia":[{"embeddable":true,"href":"https:\/\/whs.lu\/fr\/wp-json\/wp\/v2\/media\/10975"}],"wp:attachment":[{"href":"https:\/\/whs.lu\/fr\/wp-json\/wp\/v2\/media?parent=11038"}],"wp:term":[{"taxonomy":"product_brand","embeddable":true,"href":"https:\/\/whs.lu\/fr\/wp-json\/wp\/v2\/product_brand?post=11038"},{"taxonomy":"product_cat","embeddable":true,"href":"https:\/\/whs.lu\/fr\/wp-json\/wp\/v2\/product_cat?post=11038"},{"taxonomy":"product_tag","embeddable":true,"href":"https:\/\/whs.lu\/fr\/wp-json\/wp\/v2\/product_tag?post=11038"}],"curies":[{"name":"wp","href":"https:\/\/api.w.org\/{rel}","templated":true}]}}