{"id":11043,"date":"2024-11-21T16:16:34","date_gmt":"2024-11-21T15:16:34","guid":{"rendered":"https:\/\/whs.lu\/product\/philips-ep5447-90-machine-a-cafe-automatique\/"},"modified":"2024-11-21T16:16:34","modified_gmt":"2024-11-21T15:16:34","slug":"philips-ep5447-90-machine-a-cafe-automatique","status":"publish","type":"product","link":"https:\/\/whs.lu\/fr\/product\/philips-ep5447-90-machine-a-cafe-automatique\/","title":{"rendered":"PHILIPS EP5447\/90 &#8211; Machine \u00e0 caf\u00e9 automatique"},"content":{"rendered":"","protected":false},"excerpt":{"rendered":"<ul>\n<li>\u00c9cran TFT<\/li>\n<li>12 variantes de caf\u00e9 : Espresso, Caf\u00e9, Americano, Cappuccino, Latte Macchiato, Blanc plat, Caf\u00e9 au lait, Caf\u00e9 latte, Caff\u00e8 Crema, Ristretto, Espresso Lungo, Fonction gobelet de voyage, Lait mouss\u00e9, Eau chaude<\/li>\n<li>4 profils d&rsquo;utilisateurs<\/li>\n<li>R\u00e9servoir d&rsquo;eau de 1,8L<\/li>\n<li>R\u00e9servoir \u00e0 grains : 275g<\/li>\n<li>Pot \u00e0 lait : 0,26L<\/li>\n<\/ul>\n","protected":false},"featured_media":10966,"comment_status":"open","ping_status":"closed","template":"","meta":{"_et_pb_use_builder":"","_et_pb_old_content":"","_et_gb_content_width":"","inline_featured_image":false},"product_brand":[],"product_cat":[76],"product_tag":[],"class_list":{"0":"post-11043","1":"product","2":"type-product","3":"status-publish","4":"has-post-thumbnail","6":"product_cat-menage","8":"first","9":"instock","10":"taxable","11":"shipping-taxable","12":"purchasable","13":"product-type-simple"},"_links":{"self":[{"href":"https:\/\/whs.lu\/fr\/wp-json\/wp\/v2\/product\/11043","targetHints":{"allow":["GET"]}}],"collection":[{"href":"https:\/\/whs.lu\/fr\/wp-json\/wp\/v2\/product"}],"about":[{"href":"https:\/\/whs.lu\/fr\/wp-json\/wp\/v2\/types\/product"}],"replies":[{"embeddable":true,"href":"https:\/\/whs.lu\/fr\/wp-json\/wp\/v2\/comments?post=11043"}],"wp:featuredmedia":[{"embeddable":true,"href":"https:\/\/whs.lu\/fr\/wp-json\/wp\/v2\/media\/10966"}],"wp:attachment":[{"href":"https:\/\/whs.lu\/fr\/wp-json\/wp\/v2\/media?parent=11043"}],"wp:term":[{"taxonomy":"product_brand","embeddable":true,"href":"https:\/\/whs.lu\/fr\/wp-json\/wp\/v2\/product_brand?post=11043"},{"taxonomy":"product_cat","embeddable":true,"href":"https:\/\/whs.lu\/fr\/wp-json\/wp\/v2\/product_cat?post=11043"},{"taxonomy":"product_tag","embeddable":true,"href":"https:\/\/whs.lu\/fr\/wp-json\/wp\/v2\/product_tag?post=11043"}],"curies":[{"name":"wp","href":"https:\/\/api.w.org\/{rel}","templated":true}]}}