{"id":11045,"date":"2024-11-21T16:12:17","date_gmt":"2024-11-21T15:12:17","guid":{"rendered":"https:\/\/whs.lu\/product\/philips-na352-04-dual-basket-9-l-2750-w-gris-fonce-cuivre-friteuse-a-air-chaud\/"},"modified":"2024-11-21T16:12:17","modified_gmt":"2024-11-21T15:12:17","slug":"philips-na352-04-dual-basket-9-l-2750-w-gris-fonce-cuivre-friteuse-a-air-chaud","status":"publish","type":"product","link":"https:\/\/whs.lu\/fr\/product\/philips-na352-04-dual-basket-9-l-2750-w-gris-fonce-cuivre-friteuse-a-air-chaud\/","title":{"rendered":"PHILIPS NA352\/04 &#8211; Dual Basket 9 L 2750 W gris fonc\u00e9\/cuivre &#8211; Friteuse \u00e0 air chaud"},"content":{"rendered":"","protected":false},"excerpt":{"rendered":"<ul>\n<li>Technologie RapidAir Plus : optimise la circulation de l&rsquo;air et la distribution de la chaleur pour une cuisson uniforme des aliments<\/li>\n<li>Dual Basket : 2 plats pr\u00e9par\u00e9s dans 2 paniers de taille diff\u00e9rente 6L et 3L<\/li>\n<li>Fonction minuterie : synchronise les temps de cuisson dans les deux compartiments pour les plats servis chauds en m\u00eame temps<\/li>\n<li>Fonction Copy : en appuyant sur un bouton, vous pouvez r\u00e9gler le m\u00eame temps de cuisson et la m\u00eame temp\u00e9rature pour les deux c\u00f4t\u00e9s.<\/li>\n<li>Application Recettes HomeID : de d\u00e9licieuses recettes pour votre Airfryer<\/li>\n<li>\u00c9cran tactile avec 8 programmes automatiques : Frites, poulet, viande, l\u00e9gumes, poisson, g\u00e2teaux, r\u00e9chauffage et d\u00e9cong\u00e9lation des aliments.<\/li>\n<li>Nettoyage facile gr\u00e2ce aux paniers compatibles avec le lave-vaisselle<\/li>\n<li>Kit barbecue : grille et brochettes<\/li>\n<\/ul>\n","protected":false},"featured_media":10962,"comment_status":"open","ping_status":"closed","template":"","meta":{"_et_pb_use_builder":"","_et_pb_old_content":"","_et_gb_content_width":"","inline_featured_image":false},"product_brand":[],"product_cat":[76],"product_tag":[],"class_list":{"0":"post-11045","1":"product","2":"type-product","3":"status-publish","4":"has-post-thumbnail","6":"product_cat-menage","8":"first","9":"instock","10":"taxable","11":"shipping-taxable","12":"purchasable","13":"product-type-simple"},"_links":{"self":[{"href":"https:\/\/whs.lu\/fr\/wp-json\/wp\/v2\/product\/11045","targetHints":{"allow":["GET"]}}],"collection":[{"href":"https:\/\/whs.lu\/fr\/wp-json\/wp\/v2\/product"}],"about":[{"href":"https:\/\/whs.lu\/fr\/wp-json\/wp\/v2\/types\/product"}],"replies":[{"embeddable":true,"href":"https:\/\/whs.lu\/fr\/wp-json\/wp\/v2\/comments?post=11045"}],"wp:featuredmedia":[{"embeddable":true,"href":"https:\/\/whs.lu\/fr\/wp-json\/wp\/v2\/media\/10962"}],"wp:attachment":[{"href":"https:\/\/whs.lu\/fr\/wp-json\/wp\/v2\/media?parent=11045"}],"wp:term":[{"taxonomy":"product_brand","embeddable":true,"href":"https:\/\/whs.lu\/fr\/wp-json\/wp\/v2\/product_brand?post=11045"},{"taxonomy":"product_cat","embeddable":true,"href":"https:\/\/whs.lu\/fr\/wp-json\/wp\/v2\/product_cat?post=11045"},{"taxonomy":"product_tag","embeddable":true,"href":"https:\/\/whs.lu\/fr\/wp-json\/wp\/v2\/product_tag?post=11045"}],"curies":[{"name":"wp","href":"https:\/\/api.w.org\/{rel}","templated":true}]}}