{"id":11046,"date":"2024-11-21T16:04:02","date_gmt":"2024-11-21T15:04:02","guid":{"rendered":"https:\/\/whs.lu\/product\/g-7210-sci-lave-vaisselle-semi-integre-acier-inoxydable\/"},"modified":"2024-11-21T16:04:02","modified_gmt":"2024-11-21T15:04:02","slug":"g-7210-sci-lave-vaisselle-semi-integre-acier-inoxydable","status":"publish","type":"product","link":"https:\/\/whs.lu\/fr\/product\/g-7210-sci-lave-vaisselle-semi-integre-acier-inoxydable\/","title":{"rendered":"G 7210 SCI &#8211; Lave-vaisselle semi-int\u00e9gr\u00e9 &#8211; Acier inoxydable"},"content":{"rendered":"","protected":false},"excerpt":{"rendered":"<ul>\n<li>QuickPowerWash : des r\u00e9sultats exceptionnels en moins d&rsquo;une heure<\/li>\n<li>Le tiroir multiflex 3D offre un confort maximal<\/li>\n<li>R\u00e9sultats de s\u00e9chage optimaux gr\u00e2ce au s\u00e9chage AutoOpen<\/li>\n<li>Paniers ExtraComfort : confortables, bons r\u00e9sultats et optimaux pour la vie quotidienne<\/li>\n<li>Dimensions (H x L x P) : 80,5cm \u00e0 87cm x 59,8cm x 55cm<\/li>\n<\/ul>\n","protected":false},"featured_media":10953,"comment_status":"open","ping_status":"closed","template":"","meta":{"_et_pb_use_builder":"","_et_pb_old_content":"","_et_gb_content_width":"","inline_featured_image":false},"product_brand":[],"product_cat":[82],"product_tag":[],"class_list":{"0":"post-11046","1":"product","2":"type-product","3":"status-publish","4":"has-post-thumbnail","6":"product_cat-miele_cuisine","8":"first","9":"instock","10":"taxable","11":"shipping-taxable","12":"purchasable","13":"product-type-simple"},"_links":{"self":[{"href":"https:\/\/whs.lu\/fr\/wp-json\/wp\/v2\/product\/11046","targetHints":{"allow":["GET"]}}],"collection":[{"href":"https:\/\/whs.lu\/fr\/wp-json\/wp\/v2\/product"}],"about":[{"href":"https:\/\/whs.lu\/fr\/wp-json\/wp\/v2\/types\/product"}],"replies":[{"embeddable":true,"href":"https:\/\/whs.lu\/fr\/wp-json\/wp\/v2\/comments?post=11046"}],"wp:featuredmedia":[{"embeddable":true,"href":"https:\/\/whs.lu\/fr\/wp-json\/wp\/v2\/media\/10953"}],"wp:attachment":[{"href":"https:\/\/whs.lu\/fr\/wp-json\/wp\/v2\/media?parent=11046"}],"wp:term":[{"taxonomy":"product_brand","embeddable":true,"href":"https:\/\/whs.lu\/fr\/wp-json\/wp\/v2\/product_brand?post=11046"},{"taxonomy":"product_cat","embeddable":true,"href":"https:\/\/whs.lu\/fr\/wp-json\/wp\/v2\/product_cat?post=11046"},{"taxonomy":"product_tag","embeddable":true,"href":"https:\/\/whs.lu\/fr\/wp-json\/wp\/v2\/product_tag?post=11046"}],"curies":[{"name":"wp","href":"https:\/\/api.w.org\/{rel}","templated":true}]}}