{"id":11047,"date":"2024-11-21T13:47:44","date_gmt":"2024-11-21T12:47:44","guid":{"rendered":"https:\/\/whs.lu\/product\/complete-c3-aspirateur-avec-sac-125-gala-edition-rouge-mure\/"},"modified":"2025-01-26T00:01:44","modified_gmt":"2025-01-25T23:01:44","slug":"complete-c3-aspirateur-avec-sac-125-gala-edition-rouge-mure","status":"publish","type":"product","link":"https:\/\/whs.lu\/fr\/product\/complete-c3-aspirateur-avec-sac-125-gala-edition-rouge-mure\/","title":{"rendered":"Complete C3 &#8211; Aspirateur avec sac &#8211; 125 Gala Edition &#8211; Rouge m\u00fbre"},"content":{"rendered":"","protected":false},"excerpt":{"rendered":"<ul>\n<li>Moteur Power Efficiency \u00e0 rendement am\u00e9lior\u00e9<\/li>\n<li>Parquet Twister flexible : doux pour les sols durs d\u00e9licats<\/li>\n<li>poign\u00e9e confort : manipulation ergonomique et confortable<\/li>\n<li>Tube t\u00e9lescopique Comfort : r\u00e9glage confortable de la hauteur<\/li>\n<li>Confortable et polyvalent avec accessoires int\u00e9gr\u00e9s en trois parties<\/li>\n<li>Suceur sol universel : polyvalent<\/li>\n<\/ul>\n","protected":false},"featured_media":10942,"comment_status":"open","ping_status":"closed","template":"","meta":{"_et_pb_use_builder":"","_et_pb_old_content":"","_et_gb_content_width":"","inline_featured_image":false},"product_brand":[],"product_cat":[85],"product_tag":[],"class_list":{"0":"post-11047","1":"product","2":"type-product","3":"status-publish","4":"has-post-thumbnail","6":"product_cat-miele_aspirateur","8":"first","9":"instock","10":"taxable","11":"shipping-taxable","12":"purchasable","13":"product-type-simple"},"_links":{"self":[{"href":"https:\/\/whs.lu\/fr\/wp-json\/wp\/v2\/product\/11047","targetHints":{"allow":["GET"]}}],"collection":[{"href":"https:\/\/whs.lu\/fr\/wp-json\/wp\/v2\/product"}],"about":[{"href":"https:\/\/whs.lu\/fr\/wp-json\/wp\/v2\/types\/product"}],"replies":[{"embeddable":true,"href":"https:\/\/whs.lu\/fr\/wp-json\/wp\/v2\/comments?post=11047"}],"wp:featuredmedia":[{"embeddable":true,"href":"https:\/\/whs.lu\/fr\/wp-json\/wp\/v2\/media\/10942"}],"wp:attachment":[{"href":"https:\/\/whs.lu\/fr\/wp-json\/wp\/v2\/media?parent=11047"}],"wp:term":[{"taxonomy":"product_brand","embeddable":true,"href":"https:\/\/whs.lu\/fr\/wp-json\/wp\/v2\/product_brand?post=11047"},{"taxonomy":"product_cat","embeddable":true,"href":"https:\/\/whs.lu\/fr\/wp-json\/wp\/v2\/product_cat?post=11047"},{"taxonomy":"product_tag","embeddable":true,"href":"https:\/\/whs.lu\/fr\/wp-json\/wp\/v2\/product_tag?post=11047"}],"curies":[{"name":"wp","href":"https:\/\/api.w.org\/{rel}","templated":true}]}}