{"id":11048,"date":"2024-11-21T16:00:45","date_gmt":"2024-11-21T15:00:45","guid":{"rendered":"https:\/\/whs.lu\/product\/triflex-hx2-aspirateur-sans-fil-125-gala-edition-noir-obsidienne\/"},"modified":"2024-11-21T16:00:45","modified_gmt":"2024-11-21T15:00:45","slug":"triflex-hx2-aspirateur-sans-fil-125-gala-edition-noir-obsidienne","status":"publish","type":"product","link":"https:\/\/whs.lu\/fr\/product\/triflex-hx2-aspirateur-sans-fil-125-gala-edition-noir-obsidienne\/","title":{"rendered":"Triflex HX2 &#8211; Aspirateur sans fil &#8211; 125 Gala Edition &#8211; Noir obsidienne"},"content":{"rendered":"","protected":false},"excerpt":{"rendered":"<ul>\n<li>D\u00e9tection automatique du sol pour une manipulation sans effort<\/li>\n<li>Capacit\u00e9 de r\u00e9tention de la poussi\u00e8re de 99,99% gr\u00e2ce au filtre Hygiene-Liftetime<\/li>\n<li>Deux batteries VARTA Li-Ion offrant chacune jusqu&rsquo;\u00e0 60 minutes d&rsquo;autonomie<\/li>\n<li>D\u00e9tection automatique des rev\u00eatements de sol gr\u00e2ce \u00e0 la large \u00e9lectrobrosse<\/li>\n<li>Autonomie de la batterie jusqu&rsquo;\u00e0 60 minutes avec une seule charge<\/li>\n<\/ul>\n","protected":false},"featured_media":10948,"comment_status":"open","ping_status":"closed","template":"","meta":{"_et_pb_use_builder":"","_et_pb_old_content":"","_et_gb_content_width":"","inline_featured_image":false},"product_brand":[],"product_cat":[85],"product_tag":[],"class_list":{"0":"post-11048","1":"product","2":"type-product","3":"status-publish","4":"has-post-thumbnail","6":"product_cat-miele_aspirateur","8":"first","9":"instock","10":"taxable","11":"shipping-taxable","12":"purchasable","13":"product-type-simple"},"_links":{"self":[{"href":"https:\/\/whs.lu\/fr\/wp-json\/wp\/v2\/product\/11048","targetHints":{"allow":["GET"]}}],"collection":[{"href":"https:\/\/whs.lu\/fr\/wp-json\/wp\/v2\/product"}],"about":[{"href":"https:\/\/whs.lu\/fr\/wp-json\/wp\/v2\/types\/product"}],"replies":[{"embeddable":true,"href":"https:\/\/whs.lu\/fr\/wp-json\/wp\/v2\/comments?post=11048"}],"wp:featuredmedia":[{"embeddable":true,"href":"https:\/\/whs.lu\/fr\/wp-json\/wp\/v2\/media\/10948"}],"wp:attachment":[{"href":"https:\/\/whs.lu\/fr\/wp-json\/wp\/v2\/media?parent=11048"}],"wp:term":[{"taxonomy":"product_brand","embeddable":true,"href":"https:\/\/whs.lu\/fr\/wp-json\/wp\/v2\/product_brand?post=11048"},{"taxonomy":"product_cat","embeddable":true,"href":"https:\/\/whs.lu\/fr\/wp-json\/wp\/v2\/product_cat?post=11048"},{"taxonomy":"product_tag","embeddable":true,"href":"https:\/\/whs.lu\/fr\/wp-json\/wp\/v2\/product_tag?post=11048"}],"curies":[{"name":"wp","href":"https:\/\/api.w.org\/{rel}","templated":true}]}}