{"id":11049,"date":"2024-11-21T12:32:35","date_gmt":"2024-11-21T11:32:35","guid":{"rendered":"https:\/\/whs.lu\/product\/tel-695-wp-seche-linge-9-kg-125-gala-edition\/"},"modified":"2025-06-23T17:55:56","modified_gmt":"2025-06-23T15:55:56","slug":"tel-695-wp-seche-linge-9-kg-125-gala-edition","status":"publish","type":"product","link":"https:\/\/whs.lu\/fr\/product\/tel-695-wp-seche-linge-9-kg-125-gala-edition\/","title":{"rendered":"TEL 695 WP &#8211; S\u00e8che-linge 9 kg &#8211; 125 Gala Edition"},"content":{"rendered":"","protected":false},"excerpt":{"rendered":"<ul>\n<li>SteamFinish : moins de repassage, plus de fra\u00eecheur<\/li>\n<li>SilenceDrum : un s\u00e9chage agr\u00e9ablement silencieux<\/li>\n<li>DryCare : 40 s\u00e8che presque tout ce que vous pouvez laver \u00e0 40\u00b0C<\/li>\n<li>FragranceDos : linge parfum\u00e9<\/li>\n<li>EcoSpeed : le temps de s\u00e9chage est r\u00e9duit \u00e0 20 minutes<\/li>\n<\/ul>\n","protected":false},"featured_media":10933,"comment_status":"open","ping_status":"closed","template":"","meta":{"_et_pb_use_builder":"","_et_pb_old_content":"","_et_gb_content_width":"","inline_featured_image":false},"product_brand":[],"product_cat":[80,86],"product_tag":[],"class_list":{"0":"post-11049","1":"product","2":"type-product","3":"status-publish","4":"has-post-thumbnail","6":"product_cat-miele-fr","7":"product_cat-miele_soin-du-linge","9":"first","10":"instock","11":"taxable","12":"shipping-taxable","13":"purchasable","14":"product-type-simple"},"_links":{"self":[{"href":"https:\/\/whs.lu\/fr\/wp-json\/wp\/v2\/product\/11049","targetHints":{"allow":["GET"]}}],"collection":[{"href":"https:\/\/whs.lu\/fr\/wp-json\/wp\/v2\/product"}],"about":[{"href":"https:\/\/whs.lu\/fr\/wp-json\/wp\/v2\/types\/product"}],"replies":[{"embeddable":true,"href":"https:\/\/whs.lu\/fr\/wp-json\/wp\/v2\/comments?post=11049"}],"wp:featuredmedia":[{"embeddable":true,"href":"https:\/\/whs.lu\/fr\/wp-json\/wp\/v2\/media\/10933"}],"wp:attachment":[{"href":"https:\/\/whs.lu\/fr\/wp-json\/wp\/v2\/media?parent=11049"}],"wp:term":[{"taxonomy":"product_brand","embeddable":true,"href":"https:\/\/whs.lu\/fr\/wp-json\/wp\/v2\/product_brand?post=11049"},{"taxonomy":"product_cat","embeddable":true,"href":"https:\/\/whs.lu\/fr\/wp-json\/wp\/v2\/product_cat?post=11049"},{"taxonomy":"product_tag","embeddable":true,"href":"https:\/\/whs.lu\/fr\/wp-json\/wp\/v2\/product_tag?post=11049"}],"curies":[{"name":"wp","href":"https:\/\/api.w.org\/{rel}","templated":true}]}}