{"id":11050,"date":"2024-11-21T13:44:10","date_gmt":"2024-11-21T12:44:10","guid":{"rendered":"https:\/\/whs.lu\/product\/cm-5710-machine-a-cafe-automatique-bronze-pearlfinish-silence\/"},"modified":"2024-11-21T13:44:10","modified_gmt":"2024-11-21T12:44:10","slug":"cm-5710-machine-a-cafe-automatique-bronze-pearlfinish-silence","status":"publish","type":"product","link":"https:\/\/whs.lu\/fr\/product\/cm-5710-machine-a-cafe-automatique-bronze-pearlfinish-silence\/","title":{"rendered":"CM 5710 &#8211; Machine \u00e0 caf\u00e9 automatique &#8211; Bronze PearlFinish Silence"},"content":{"rendered":"","protected":false},"excerpt":{"rendered":"<ul>\n<li>AromaticSystem : un ar\u00f4me de caf\u00e9 intense et des r\u00e9sultats parfaits<\/li>\n<li>OneTouch for Two : pr\u00e9paration simultan\u00e9e d&rsquo;une simple pression sur un bouton<\/li>\n<li>Programmes de nettoyage : nettoyage et entretien faciles pour assurer la long\u00e9vit\u00e9 de l&rsquo;appareil<\/li>\n<li>Fonction pichet pour une plus grande quantit\u00e9<\/li>\n<\/ul>\n","protected":false},"featured_media":10938,"comment_status":"open","ping_status":"closed","template":"","meta":{"_et_pb_use_builder":"","_et_pb_old_content":"","_et_gb_content_width":"","inline_featured_image":false},"product_brand":[],"product_cat":[81],"product_tag":[],"class_list":{"0":"post-11050","1":"product","2":"type-product","3":"status-publish","4":"has-post-thumbnail","6":"product_cat-miele_machines-a-cafe-automatiques","8":"first","9":"instock","10":"taxable","11":"shipping-taxable","12":"purchasable","13":"product-type-simple"},"_links":{"self":[{"href":"https:\/\/whs.lu\/fr\/wp-json\/wp\/v2\/product\/11050","targetHints":{"allow":["GET"]}}],"collection":[{"href":"https:\/\/whs.lu\/fr\/wp-json\/wp\/v2\/product"}],"about":[{"href":"https:\/\/whs.lu\/fr\/wp-json\/wp\/v2\/types\/product"}],"replies":[{"embeddable":true,"href":"https:\/\/whs.lu\/fr\/wp-json\/wp\/v2\/comments?post=11050"}],"wp:featuredmedia":[{"embeddable":true,"href":"https:\/\/whs.lu\/fr\/wp-json\/wp\/v2\/media\/10938"}],"wp:attachment":[{"href":"https:\/\/whs.lu\/fr\/wp-json\/wp\/v2\/media?parent=11050"}],"wp:term":[{"taxonomy":"product_brand","embeddable":true,"href":"https:\/\/whs.lu\/fr\/wp-json\/wp\/v2\/product_brand?post=11050"},{"taxonomy":"product_cat","embeddable":true,"href":"https:\/\/whs.lu\/fr\/wp-json\/wp\/v2\/product_cat?post=11050"},{"taxonomy":"product_tag","embeddable":true,"href":"https:\/\/whs.lu\/fr\/wp-json\/wp\/v2\/product_tag?post=11050"}],"curies":[{"name":"wp","href":"https:\/\/api.w.org\/{rel}","templated":true}]}}