{"id":11051,"date":"2024-11-11T13:41:53","date_gmt":"2024-11-11T12:41:53","guid":{"rendered":"https:\/\/whs.lu\/product\/aeg-tr88a64c-seche-linge-a-8-kg\/"},"modified":"2024-11-11T13:41:53","modified_gmt":"2024-11-11T12:41:53","slug":"aeg-tr88a64c-seche-linge-a-8-kg","status":"publish","type":"product","link":"https:\/\/whs.lu\/fr\/product\/aeg-tr88a64c-seche-linge-a-8-kg\/","title":{"rendered":"AEG TR88A64C S\u00e8che-linge : A+++ \/ 8 kg"},"content":{"rendered":"","protected":false},"excerpt":{"rendered":"<ul>\n<li>8 kg \/ SensiDry \/ MixDry \/ PreciseDry \/ AbsoluteCare \/ Hygi\u00e8ne \/ Connectivit\u00e9<\/li>\n<li>Le s\u00e8che-linge AbsoluteCare\u00ae s\u00e8che vos textiles d\u00e9licats en toute s\u00e9curit\u00e9<\/li>\n<li>Technologie SensiDry\u00ae avec syst\u00e8me complet de d\u00e9shumidification par pompe \u00e0 chaleur, contr\u00f4l\u00e9 par des capteurs pr\u00e9cis qui s\u00e8chent vos v\u00eatements \u00e0 la moiti\u00e9 de la temp\u00e9rature.<\/li>\n<li>MixDry : utilisez le cycle pour s\u00e9cher uniform\u00e9ment une charge mixte de linge.<\/li>\n<li>PreciseDry : des capteurs d&rsquo;humidit\u00e9 adaptent le temps de s\u00e9chage et la consommation d&rsquo;\u00e9nergie \u00e0 la charge.<\/li>\n<li>Les capteurs d&rsquo;humidit\u00e9 PreciseDry optimis\u00e9s adaptent le temps de s\u00e9chage et la consommation d&rsquo;\u00e9nergie \u00e0 la charge.<\/li>\n<li>Connectivit\u00e9 : vous pouvez contr\u00f4ler votre s\u00e8che-linge depuis votre smartphone ou votre tablette.<\/li>\n<\/ul>\n<p>&nbsp;<\/p>\n","protected":false},"featured_media":10832,"comment_status":"open","ping_status":"closed","template":"","meta":{"_et_pb_use_builder":"","_et_pb_old_content":"","_et_gb_content_width":"","inline_featured_image":false},"product_brand":[],"product_cat":[88,89],"product_tag":[],"class_list":{"0":"post-11051","1":"product","2":"type-product","3":"status-publish","4":"has-post-thumbnail","6":"product_cat-laver","7":"product_cat-seche-linge","9":"first","10":"instock","11":"taxable","12":"shipping-taxable","13":"purchasable","14":"product-type-simple"},"_links":{"self":[{"href":"https:\/\/whs.lu\/fr\/wp-json\/wp\/v2\/product\/11051","targetHints":{"allow":["GET"]}}],"collection":[{"href":"https:\/\/whs.lu\/fr\/wp-json\/wp\/v2\/product"}],"about":[{"href":"https:\/\/whs.lu\/fr\/wp-json\/wp\/v2\/types\/product"}],"replies":[{"embeddable":true,"href":"https:\/\/whs.lu\/fr\/wp-json\/wp\/v2\/comments?post=11051"}],"wp:featuredmedia":[{"embeddable":true,"href":"https:\/\/whs.lu\/fr\/wp-json\/wp\/v2\/media\/10832"}],"wp:attachment":[{"href":"https:\/\/whs.lu\/fr\/wp-json\/wp\/v2\/media?parent=11051"}],"wp:term":[{"taxonomy":"product_brand","embeddable":true,"href":"https:\/\/whs.lu\/fr\/wp-json\/wp\/v2\/product_brand?post=11051"},{"taxonomy":"product_cat","embeddable":true,"href":"https:\/\/whs.lu\/fr\/wp-json\/wp\/v2\/product_cat?post=11051"},{"taxonomy":"product_tag","embeddable":true,"href":"https:\/\/whs.lu\/fr\/wp-json\/wp\/v2\/product_tag?post=11051"}],"curies":[{"name":"wp","href":"https:\/\/api.w.org\/{rel}","templated":true}]}}