{"id":11052,"date":"2024-12-03T11:16:35","date_gmt":"2024-12-03T10:16:35","guid":{"rendered":"https:\/\/whs.lu\/?post_type=product&#038;p=11052"},"modified":"2024-12-03T11:17:15","modified_gmt":"2024-12-03T10:17:15","slug":"11052","status":"publish","type":"product","link":"https:\/\/whs.lu\/fr\/product\/11052\/","title":{"rendered":"SIEMENS iQ500 GS58NEWCV Cong\u00e9lateur ind\u00e9pendant 191x70cm"},"content":{"rendered":"","protected":false},"excerpt":{"rendered":"<ul class=\"c-product__keyfeatures c-list-features u-hide-mobile js-toggle-me\">\n<li>Classe d&rsquo;efficacit\u00e9 \u00e9nerg\u00e9tique C<\/li>\n<li>Hauteur : 191 cm \/ Largeur : 70cm<\/li>\n<li>noFrost : plus jamais de d\u00e9givrage<\/li>\n<li>bigBox : espace suppl\u00e9mentaire pour les grands produits congel\u00e9s<\/li>\n<li>varioZone : les tiroirs et les \u00e9tag\u00e8res en verre peuvent \u00eatre facilement r\u00e9organis\u00e9s pour une utilisation flexible de l&rsquo;espace dans votre cong\u00e9lateur.<\/li>\n<li>multiAirflow : variations de temp\u00e9rature minimales et temps de refroidissement r\u00e9duits pour une fra\u00eecheur prolong\u00e9e<\/li>\n<li>iceTwister : obtenez des gla\u00e7ons \u00e0 la demande d&rsquo;un simple mouvement de levier<\/li>\n<\/ul>\n","protected":false},"featured_media":11312,"comment_status":"open","ping_status":"closed","template":"","meta":{"_et_pb_use_builder":"","_et_pb_old_content":"","_et_gb_content_width":"","inline_featured_image":false},"product_brand":[],"product_cat":[74,79],"product_tag":[],"class_list":{"0":"post-11052","1":"product","2":"type-product","3":"status-publish","4":"has-post-thumbnail","6":"product_cat-prix-promotionnels","7":"product_cat-refrigerer","9":"first","10":"instock","11":"taxable","12":"shipping-taxable","13":"purchasable","14":"product-type-simple"},"_links":{"self":[{"href":"https:\/\/whs.lu\/fr\/wp-json\/wp\/v2\/product\/11052","targetHints":{"allow":["GET"]}}],"collection":[{"href":"https:\/\/whs.lu\/fr\/wp-json\/wp\/v2\/product"}],"about":[{"href":"https:\/\/whs.lu\/fr\/wp-json\/wp\/v2\/types\/product"}],"replies":[{"embeddable":true,"href":"https:\/\/whs.lu\/fr\/wp-json\/wp\/v2\/comments?post=11052"}],"wp:featuredmedia":[{"embeddable":true,"href":"https:\/\/whs.lu\/fr\/wp-json\/wp\/v2\/media\/11312"}],"wp:attachment":[{"href":"https:\/\/whs.lu\/fr\/wp-json\/wp\/v2\/media?parent=11052"}],"wp:term":[{"taxonomy":"product_brand","embeddable":true,"href":"https:\/\/whs.lu\/fr\/wp-json\/wp\/v2\/product_brand?post=11052"},{"taxonomy":"product_cat","embeddable":true,"href":"https:\/\/whs.lu\/fr\/wp-json\/wp\/v2\/product_cat?post=11052"},{"taxonomy":"product_tag","embeddable":true,"href":"https:\/\/whs.lu\/fr\/wp-json\/wp\/v2\/product_tag?post=11052"}],"curies":[{"name":"wp","href":"https:\/\/api.w.org\/{rel}","templated":true}]}}