{"id":11054,"date":"2024-11-11T13:12:03","date_gmt":"2024-11-11T12:12:03","guid":{"rendered":"https:\/\/whs.lu\/product\/aeg-lr86r844-lave-linge-a-20-8-kg\/"},"modified":"2024-11-11T13:12:03","modified_gmt":"2024-11-11T12:12:03","slug":"aeg-lr86r844-lave-linge-a-20-8-kg","status":"publish","type":"product","link":"https:\/\/whs.lu\/fr\/product\/aeg-lr86r844-lave-linge-a-20-8-kg\/","title":{"rendered":"AEG LR86R844 Lave-linge : A-20% \/ 8 kg"},"content":{"rendered":"","protected":false},"excerpt":{"rendered":"<ul>\n<li>8 kg \/ 1400 tr\/min \/ PreciseWash \/ PowerClean 59 min \/ ProSteam<\/li>\n<li>\u00c9conomiser plus d&rsquo;\u00e9nergie avec A -20<\/li>\n<li>Technologie ProSteam\u00ae : rafra\u00eechir les v\u00eatements avec le cycle vapeur<\/li>\n<li>PreciseWash ajuste automatiquement la consommation d&rsquo;\u00e9nergie et les r\u00e9glages en fonction du poids de la charge<\/li>\n<li>CareDrum : la structure lisse du tambour permet un lavage encore plus r\u00e9gulier<\/li>\n<li>PowerClean : pour une \u00e9limination compl\u00e8te des taches en moins d&rsquo;une heure \u00e0 30 \u00b0C<\/li>\n<\/ul>\n","protected":false},"featured_media":10823,"comment_status":"open","ping_status":"closed","template":"","meta":{"_et_pb_use_builder":"","_et_pb_old_content":"","_et_gb_content_width":"","inline_featured_image":false},"product_brand":[],"product_cat":[91,88],"product_tag":[],"class_list":{"0":"post-11054","1":"product","2":"type-product","3":"status-publish","4":"has-post-thumbnail","6":"product_cat-lave-linge","7":"product_cat-laver","9":"first","10":"instock","11":"taxable","12":"shipping-taxable","13":"purchasable","14":"product-type-simple"},"_links":{"self":[{"href":"https:\/\/whs.lu\/fr\/wp-json\/wp\/v2\/product\/11054","targetHints":{"allow":["GET"]}}],"collection":[{"href":"https:\/\/whs.lu\/fr\/wp-json\/wp\/v2\/product"}],"about":[{"href":"https:\/\/whs.lu\/fr\/wp-json\/wp\/v2\/types\/product"}],"replies":[{"embeddable":true,"href":"https:\/\/whs.lu\/fr\/wp-json\/wp\/v2\/comments?post=11054"}],"wp:featuredmedia":[{"embeddable":true,"href":"https:\/\/whs.lu\/fr\/wp-json\/wp\/v2\/media\/10823"}],"wp:attachment":[{"href":"https:\/\/whs.lu\/fr\/wp-json\/wp\/v2\/media?parent=11054"}],"wp:term":[{"taxonomy":"product_brand","embeddable":true,"href":"https:\/\/whs.lu\/fr\/wp-json\/wp\/v2\/product_brand?post=11054"},{"taxonomy":"product_cat","embeddable":true,"href":"https:\/\/whs.lu\/fr\/wp-json\/wp\/v2\/product_cat?post=11054"},{"taxonomy":"product_tag","embeddable":true,"href":"https:\/\/whs.lu\/fr\/wp-json\/wp\/v2\/product_tag?post=11054"}],"curies":[{"name":"wp","href":"https:\/\/api.w.org\/{rel}","templated":true}]}}