{"id":11055,"date":"2024-11-11T13:35:45","date_gmt":"2024-11-11T12:35:45","guid":{"rendered":"https:\/\/whs.lu\/product\/aeg-lr76aq964-lave-linge-a-10-9-kg\/"},"modified":"2025-02-15T00:00:04","modified_gmt":"2025-02-14T23:00:04","slug":"aeg-lr76aq964-lave-linge-a-10-9-kg","status":"publish","type":"product","link":"https:\/\/whs.lu\/fr\/product\/aeg-lr76aq964-lave-linge-a-10-9-kg\/","title":{"rendered":"AEG LR76AQ964 Lave-linge : A-10% \/ 9 kg"},"content":{"rendered":"","protected":false},"excerpt":{"rendered":"<ul>\n<li>9 kg \/ 1600 tr\/min \/ PreciseWash \/ ProSteam \/ Connectivit\u00e9 \/ MixLoad 69 min<\/li>\n<li>\u00c9conomiser plus d&rsquo;\u00e9nergie avec A -10<\/li>\n<li>Technologie ProSteam\u00ae : rafra\u00eechir les v\u00eatements avec le cycle vapeur<\/li>\n<li>PreciseWash ajuste automatiquement la consommation d&rsquo;\u00e9nergie et les r\u00e9glages en fonction du poids de la charge<\/li>\n<li>CareDrum : la structure lisse du tambour permet un lavage encore plus r\u00e9gulier<\/li>\n<li>Connectivit\u00e9 : vous pouvez contr\u00f4ler votre lave-linge depuis votre smartphone ou votre tablette.<\/li>\n<li>AutoDose : dosage automatique et pr\u00e9cis de la lessive<\/li>\n<li>Mixload : Ajuste la consommation d&rsquo;\u00e9nergie en fonction du poids de la charge de linge m\u00e9lang\u00e9.<\/li>\n<\/ul>\n","protected":false},"featured_media":10829,"comment_status":"open","ping_status":"closed","template":"","meta":{"_et_pb_use_builder":"","_et_pb_old_content":"","_et_gb_content_width":"","inline_featured_image":false},"product_brand":[],"product_cat":[91,88,74],"product_tag":[],"class_list":{"0":"post-11055","1":"product","2":"type-product","3":"status-publish","4":"has-post-thumbnail","6":"product_cat-lave-linge","7":"product_cat-laver","8":"product_cat-prix-promotionnels","10":"first","11":"instock","12":"taxable","13":"shipping-taxable","14":"purchasable","15":"product-type-simple"},"_links":{"self":[{"href":"https:\/\/whs.lu\/fr\/wp-json\/wp\/v2\/product\/11055","targetHints":{"allow":["GET"]}}],"collection":[{"href":"https:\/\/whs.lu\/fr\/wp-json\/wp\/v2\/product"}],"about":[{"href":"https:\/\/whs.lu\/fr\/wp-json\/wp\/v2\/types\/product"}],"replies":[{"embeddable":true,"href":"https:\/\/whs.lu\/fr\/wp-json\/wp\/v2\/comments?post=11055"}],"wp:featuredmedia":[{"embeddable":true,"href":"https:\/\/whs.lu\/fr\/wp-json\/wp\/v2\/media\/10829"}],"wp:attachment":[{"href":"https:\/\/whs.lu\/fr\/wp-json\/wp\/v2\/media?parent=11055"}],"wp:term":[{"taxonomy":"product_brand","embeddable":true,"href":"https:\/\/whs.lu\/fr\/wp-json\/wp\/v2\/product_brand?post=11055"},{"taxonomy":"product_cat","embeddable":true,"href":"https:\/\/whs.lu\/fr\/wp-json\/wp\/v2\/product_cat?post=11055"},{"taxonomy":"product_tag","embeddable":true,"href":"https:\/\/whs.lu\/fr\/wp-json\/wp\/v2\/product_tag?post=11055"}],"curies":[{"name":"wp","href":"https:\/\/api.w.org\/{rel}","templated":true}]}}