{"id":11058,"date":"2024-11-07T10:48:49","date_gmt":"2024-11-07T09:48:49","guid":{"rendered":"https:\/\/whs.lu\/product\/siemens-tz70003-filtre-a-eau\/"},"modified":"2024-11-07T10:48:49","modified_gmt":"2024-11-07T09:48:49","slug":"siemens-tz70003-filtre-a-eau","status":"publish","type":"product","link":"https:\/\/whs.lu\/fr\/product\/siemens-tz70003-filtre-a-eau\/","title":{"rendered":"SIEMENS TZ70003 Filtre \u00e0 eau"},"content":{"rendered":"","protected":false},"excerpt":{"rendered":"<ul>\n<li>Le filtre \u00e0 eau BRITA Intenza : pour un caf\u00e9 parfait et une longue dur\u00e9e de vie de l&rsquo;appareil<\/li>\n<\/ul>\n","protected":false},"featured_media":10221,"comment_status":"open","ping_status":"closed","template":"","meta":{"_et_pb_use_builder":"","_et_pb_old_content":"","_et_gb_content_width":"","inline_featured_image":false},"product_brand":[],"product_cat":[92],"product_tag":[],"class_list":{"0":"post-11058","1":"product","2":"type-product","3":"status-publish","4":"has-post-thumbnail","6":"product_cat-accessoires","8":"first","9":"instock","10":"taxable","11":"shipping-taxable","12":"purchasable","13":"product-type-simple"},"_links":{"self":[{"href":"https:\/\/whs.lu\/fr\/wp-json\/wp\/v2\/product\/11058","targetHints":{"allow":["GET"]}}],"collection":[{"href":"https:\/\/whs.lu\/fr\/wp-json\/wp\/v2\/product"}],"about":[{"href":"https:\/\/whs.lu\/fr\/wp-json\/wp\/v2\/types\/product"}],"replies":[{"embeddable":true,"href":"https:\/\/whs.lu\/fr\/wp-json\/wp\/v2\/comments?post=11058"}],"wp:featuredmedia":[{"embeddable":true,"href":"https:\/\/whs.lu\/fr\/wp-json\/wp\/v2\/media\/10221"}],"wp:attachment":[{"href":"https:\/\/whs.lu\/fr\/wp-json\/wp\/v2\/media?parent=11058"}],"wp:term":[{"taxonomy":"product_brand","embeddable":true,"href":"https:\/\/whs.lu\/fr\/wp-json\/wp\/v2\/product_brand?post=11058"},{"taxonomy":"product_cat","embeddable":true,"href":"https:\/\/whs.lu\/fr\/wp-json\/wp\/v2\/product_cat?post=11058"},{"taxonomy":"product_tag","embeddable":true,"href":"https:\/\/whs.lu\/fr\/wp-json\/wp\/v2\/product_tag?post=11058"}],"curies":[{"name":"wp","href":"https:\/\/api.w.org\/{rel}","templated":true}]}}