{"id":11060,"date":"2024-11-07T09:50:56","date_gmt":"2024-11-07T08:50:56","guid":{"rendered":"https:\/\/whs.lu\/product\/siemens-wz20400-kit-de-connexion-avec-tiroir\/"},"modified":"2024-11-07T09:50:56","modified_gmt":"2024-11-07T08:50:56","slug":"siemens-wz20400-kit-de-connexion-avec-tiroir","status":"publish","type":"product","link":"https:\/\/whs.lu\/fr\/product\/siemens-wz20400-kit-de-connexion-avec-tiroir\/","title":{"rendered":"SIEMENS WZ20400 Kit de connexion avec tiroir"},"content":{"rendered":"","protected":false},"excerpt":{"rendered":"<ul class=\"a-unordered-list a-vertical a-spacing-mini\">\n<li class=\"a-spacing-mini\"><span class=\"a-list-item\">superposer le s\u00e8che-linge et le lave-linge pour gagner de la place : Le kit de connexion relie les appareils en toute s\u00e9curit\u00e9 et les emp\u00eache de se d\u00e9placer ou de tomber.<\/span><\/li>\n<li class=\"a-spacing-mini\"><span class=\"a-list-item\">Montage : le raccord est fix\u00e9 au lave-linge \u00e0 l&rsquo;aide de vis, un gabarit de per\u00e7age est fourni.<\/span><\/li>\n<li class=\"a-spacing-mini\"><span class=\"a-list-item\">La tablette coulissante offre une surface de rangement suppl\u00e9mentaire, id\u00e9ale pour poser le panier \u00e0 linge lors du chargement et du d\u00e9chargement &#8211; le linge peut \u00e9galement \u00eatre pli\u00e9 confortablement sur la tablette.<\/span><\/li>\n<li class=\"a-spacing-mini\"><span class=\"a-list-item\">Kit de connexion Siemens WZ20400 avec tiroir \/ La gamme Siemens comprend de nombreux autres kits de connexion<\/span><\/li>\n<\/ul>\n","protected":false},"featured_media":10217,"comment_status":"open","ping_status":"closed","template":"","meta":{"_et_pb_use_builder":"","_et_pb_old_content":"","_et_gb_content_width":"","inline_featured_image":false},"product_brand":[],"product_cat":[90],"product_tag":[],"class_list":{"0":"post-11060","1":"product","2":"type-product","3":"status-publish","4":"has-post-thumbnail","6":"product_cat-laver-accessoires","8":"first","9":"instock","10":"taxable","11":"shipping-taxable","12":"purchasable","13":"product-type-simple"},"_links":{"self":[{"href":"https:\/\/whs.lu\/fr\/wp-json\/wp\/v2\/product\/11060","targetHints":{"allow":["GET"]}}],"collection":[{"href":"https:\/\/whs.lu\/fr\/wp-json\/wp\/v2\/product"}],"about":[{"href":"https:\/\/whs.lu\/fr\/wp-json\/wp\/v2\/types\/product"}],"replies":[{"embeddable":true,"href":"https:\/\/whs.lu\/fr\/wp-json\/wp\/v2\/comments?post=11060"}],"wp:featuredmedia":[{"embeddable":true,"href":"https:\/\/whs.lu\/fr\/wp-json\/wp\/v2\/media\/10217"}],"wp:attachment":[{"href":"https:\/\/whs.lu\/fr\/wp-json\/wp\/v2\/media?parent=11060"}],"wp:term":[{"taxonomy":"product_brand","embeddable":true,"href":"https:\/\/whs.lu\/fr\/wp-json\/wp\/v2\/product_brand?post=11060"},{"taxonomy":"product_cat","embeddable":true,"href":"https:\/\/whs.lu\/fr\/wp-json\/wp\/v2\/product_cat?post=11060"},{"taxonomy":"product_tag","embeddable":true,"href":"https:\/\/whs.lu\/fr\/wp-json\/wp\/v2\/product_tag?post=11060"}],"curies":[{"name":"wp","href":"https:\/\/api.w.org\/{rel}","templated":true}]}}