{"id":11063,"date":"2024-11-05T10:21:17","date_gmt":"2024-11-05T09:21:17","guid":{"rendered":"https:\/\/whs.lu\/product\/tefal-pr457b-pierrade-raclette\/"},"modified":"2024-11-05T10:21:17","modified_gmt":"2024-11-05T09:21:17","slug":"tefal-pr457b-pierrade-raclette","status":"publish","type":"product","link":"https:\/\/whs.lu\/fr\/product\/tefal-pr457b-pierrade-raclette\/","title":{"rendered":"TEFAL PR457B Pierrade Raclette"},"content":{"rendered":"","protected":false},"excerpt":{"rendered":"<ul class=\"a-unordered-list a-vertical a-spacing-mini\">\n<li class=\"a-spacing-mini\"><span class=\"a-list-item\">Gril \u00e0 raclette \u00e9lectrique pour 10 personnes, y compris 10 po\u00ealons antiadh\u00e9sifs lavables au lave-vaisselle et un racloir<\/span><\/li>\n<li class=\"a-spacing-mini\"><span class=\"a-list-item\">Grillez vos aliments sur la plaque de pierre chaude sans ajouter d&rsquo;huile ou de graisse, tandis que votre fromage \u00e0 raclette fond et gr\u00e9sille dans les po\u00ealons en dessous.<\/span><\/li>\n<li class=\"a-spacing-mini\"><span class=\"a-list-item\">Le c\u00e2ble d&rsquo;alimentation de 2 m\u00e8tres est pratiquement d\u00e9tachable, ce qui facilite le montage, le d\u00e9montage et le rangement.<\/span><\/li>\n<li class=\"a-spacing-mini\"><span class=\"a-list-item\">Une puissance de 1350 watts pour une raclette et un gril rapides et des r\u00e9sultats d\u00e9licieusement dor\u00e9s\/grill\u00e9s.<\/span><\/li>\n<li class=\"a-spacing-mini\"><span class=\"a-list-item\">Pour plus de s\u00e9curit\u00e9 et de confort, l&rsquo;interrupteur marche\/arr\u00eat est situ\u00e9 directement sur l&rsquo;appareil.<\/span><\/li>\n<\/ul>\n","protected":false},"featured_media":9179,"comment_status":"open","ping_status":"closed","template":"","meta":{"_et_pb_use_builder":"","_et_pb_old_content":"","_et_gb_content_width":"","inline_featured_image":false},"product_brand":[],"product_cat":[76],"product_tag":[],"class_list":{"0":"post-11063","1":"product","2":"type-product","3":"status-publish","4":"has-post-thumbnail","6":"product_cat-menage","8":"first","9":"instock","10":"taxable","11":"shipping-taxable","12":"purchasable","13":"product-type-simple"},"_links":{"self":[{"href":"https:\/\/whs.lu\/fr\/wp-json\/wp\/v2\/product\/11063","targetHints":{"allow":["GET"]}}],"collection":[{"href":"https:\/\/whs.lu\/fr\/wp-json\/wp\/v2\/product"}],"about":[{"href":"https:\/\/whs.lu\/fr\/wp-json\/wp\/v2\/types\/product"}],"replies":[{"embeddable":true,"href":"https:\/\/whs.lu\/fr\/wp-json\/wp\/v2\/comments?post=11063"}],"wp:featuredmedia":[{"embeddable":true,"href":"https:\/\/whs.lu\/fr\/wp-json\/wp\/v2\/media\/9179"}],"wp:attachment":[{"href":"https:\/\/whs.lu\/fr\/wp-json\/wp\/v2\/media?parent=11063"}],"wp:term":[{"taxonomy":"product_brand","embeddable":true,"href":"https:\/\/whs.lu\/fr\/wp-json\/wp\/v2\/product_brand?post=11063"},{"taxonomy":"product_cat","embeddable":true,"href":"https:\/\/whs.lu\/fr\/wp-json\/wp\/v2\/product_cat?post=11063"},{"taxonomy":"product_tag","embeddable":true,"href":"https:\/\/whs.lu\/fr\/wp-json\/wp\/v2\/product_tag?post=11063"}],"curies":[{"name":"wp","href":"https:\/\/api.w.org\/{rel}","templated":true}]}}