{"id":11065,"date":"2024-11-05T10:08:23","date_gmt":"2024-11-05T09:08:23","guid":{"rendered":"https:\/\/whs.lu\/product\/ninja-foodi-max-pro-gril-friteuse-a-air-chaud-ag651eu\/"},"modified":"2024-11-05T10:08:23","modified_gmt":"2024-11-05T09:08:23","slug":"ninja-foodi-max-pro-gril-friteuse-a-air-chaud-ag651eu","status":"publish","type":"product","link":"https:\/\/whs.lu\/fr\/product\/ninja-foodi-max-pro-gril-friteuse-a-air-chaud-ag651eu\/","title":{"rendered":"NINJA Foodi MAX PRO Gril &amp; Friteuse \u00e0 air chaud AG651EU"},"content":{"rendered":"","protected":false},"excerpt":{"rendered":"<ul>\n<li id=\"a-popover-header-9\" class=\"a-popover-header-content\">Caract\u00e9ristique sp\u00e9ciale 7 fonctions de cuisson<\/li>\n<li class=\"a-popover-header-content\">sonde de temp\u00e9rature num\u00e9rique<\/li>\n<li class=\"a-popover-header-content\">pi\u00e8ces r\u00e9sistant au lave-vaisselle<\/li>\n<li class=\"a-popover-header-content\">\u00e9conome en \u00e9nergie<\/li>\n<li class=\"a-popover-header-content\">facile \u00e0 nettoyer<\/li>\n<li class=\"a-popover-header-content\">technologie de l&rsquo;air cyclonique<\/li>\n<li class=\"a-popover-header-content\">Griller sans retourner<\/li>\n<li>Puissance en watts 1000 watts<\/li>\n<li>Temp\u00e9rature max. R\u00e9glage de la temp\u00e9rature 260 degr\u00e9s Celsius <\/li>\n<\/ul>\n","protected":false},"featured_media":9170,"comment_status":"open","ping_status":"closed","template":"","meta":{"_et_pb_use_builder":"","_et_pb_old_content":"","_et_gb_content_width":"","inline_featured_image":false},"product_brand":[],"product_cat":[76],"product_tag":[],"class_list":{"0":"post-11065","1":"product","2":"type-product","3":"status-publish","4":"has-post-thumbnail","6":"product_cat-menage","8":"first","9":"instock","10":"taxable","11":"shipping-taxable","12":"purchasable","13":"product-type-simple"},"_links":{"self":[{"href":"https:\/\/whs.lu\/fr\/wp-json\/wp\/v2\/product\/11065","targetHints":{"allow":["GET"]}}],"collection":[{"href":"https:\/\/whs.lu\/fr\/wp-json\/wp\/v2\/product"}],"about":[{"href":"https:\/\/whs.lu\/fr\/wp-json\/wp\/v2\/types\/product"}],"replies":[{"embeddable":true,"href":"https:\/\/whs.lu\/fr\/wp-json\/wp\/v2\/comments?post=11065"}],"wp:featuredmedia":[{"embeddable":true,"href":"https:\/\/whs.lu\/fr\/wp-json\/wp\/v2\/media\/9170"}],"wp:attachment":[{"href":"https:\/\/whs.lu\/fr\/wp-json\/wp\/v2\/media?parent=11065"}],"wp:term":[{"taxonomy":"product_brand","embeddable":true,"href":"https:\/\/whs.lu\/fr\/wp-json\/wp\/v2\/product_brand?post=11065"},{"taxonomy":"product_cat","embeddable":true,"href":"https:\/\/whs.lu\/fr\/wp-json\/wp\/v2\/product_cat?post=11065"},{"taxonomy":"product_tag","embeddable":true,"href":"https:\/\/whs.lu\/fr\/wp-json\/wp\/v2\/product_tag?post=11065"}],"curies":[{"name":"wp","href":"https:\/\/api.w.org\/{rel}","templated":true}]}}