{"id":11066,"date":"2024-11-05T10:13:28","date_gmt":"2024-11-05T09:13:28","guid":{"rendered":"https:\/\/whs.lu\/?post_type=product&#038;p=11066"},"modified":"2025-01-17T09:54:54","modified_gmt":"2025-01-17T08:54:54","slug":"ninja-double-stack-xl-air-fryer-sl400eu","status":"publish","type":"product","link":"https:\/\/whs.lu\/fr\/product\/ninja-double-stack-xl-air-fryer-sl400eu\/","title":{"rendered":"NINJA Double Stack XL Air Fryer SL400EU"},"content":{"rendered":"","protected":false},"excerpt":{"rendered":"<ul class=\"a-unordered-list a-vertical a-spacing-mini\">\n<li class=\"a-spacing-mini\"><span class=\"a-list-item\">Gagnez de l&rsquo;espace dans votre cuisine : 30% plus mince (par rapport \u00e0 l&rsquo;AF400). Fryer \u00e0 air avec une tr\u00e8s grande capacit\u00e9 de 9,5L pour jusqu&rsquo;\u00e0 8 personnes. Cuisinez jusqu&rsquo;\u00e0 55% plus vite que les fours \u00e0 convection (test\u00e9 sur des b\u00e2tonnets de poisson et des saucisses).  <\/span><\/li>\n<li class=\"a-spacing-mini\"><span class=\"a-list-item\">CUISINEZ SUR 4 NIVEAUX EN M\u00caME TEMPS : La friteuse \u00e0 air chaud comprend 2 tiroirs ET 2 grilles de broyage pour cuisiner sur 4 niveaux et pr\u00e9parer deux fois plus d&rsquo;aliments. Les ventilateurs arri\u00e8re garantissent une cuisson uniforme et un croustillant des aliments sur tous les niveaux. <\/span><\/li>\n<li class=\"a-spacing-mini\"><span class=\"a-list-item\">\u00c9CONOMIE D&rsquo;\u00c9NERGIE : Cuisinez avec jusqu&rsquo;\u00e0 55 % d&rsquo;\u00e9nergie en moins qu&rsquo;avec un four* (*Tests et calculs bas\u00e9s sur le temps de cuisson recommand\u00e9 pour des saucisses en utilisant la fonction Airfry par rapport aux fours conventionnels)<\/span><\/li>\n<li class=\"a-spacing-mini\"><span class=\"a-list-item\">6 FONCTIONS : Max Crisp, Friteuse \u00e0 air chaud, R\u00f4tir, Cuire, R\u00e9chauffer, D\u00e9shydrater. Jusqu&rsquo;\u00e0 75% de mati\u00e8res grasses en moins* en utilisant la fonction Air Fry (*Test effectu\u00e9 sur des frites surgel\u00e9es coup\u00e9es \u00e0 la main). Fonctions SYNC, MATCH avec 2 tiroirs  <\/span><\/li>\n<li class=\"a-spacing-mini\"><span class=\"a-list-item\">CONTIENT : Ninja Double Stack 9,5L friteuse \u00e0 air chaud (prise UE), 2x 4,75L tiroirs, 2x plaques antiadh\u00e9sives Crisper, 2x grilles. Pi\u00e8ces lavables au lave-vaisselle. Dimensions : 1,5 m : H 38,5cm x L 28cm x P 47cm. Poids : 10,3 kg. Couleur : Gris    <\/span><\/li>\n<\/ul>\n","protected":false},"featured_media":9173,"comment_status":"open","ping_status":"closed","template":"","meta":{"_et_pb_use_builder":"","_et_pb_old_content":"","_et_gb_content_width":"","inline_featured_image":false},"product_brand":[],"product_cat":[76],"product_tag":[],"class_list":{"0":"post-11066","1":"product","2":"type-product","3":"status-publish","4":"has-post-thumbnail","6":"product_cat-menage","8":"first","9":"instock","10":"taxable","11":"shipping-taxable","12":"purchasable","13":"product-type-simple"},"_links":{"self":[{"href":"https:\/\/whs.lu\/fr\/wp-json\/wp\/v2\/product\/11066","targetHints":{"allow":["GET"]}}],"collection":[{"href":"https:\/\/whs.lu\/fr\/wp-json\/wp\/v2\/product"}],"about":[{"href":"https:\/\/whs.lu\/fr\/wp-json\/wp\/v2\/types\/product"}],"replies":[{"embeddable":true,"href":"https:\/\/whs.lu\/fr\/wp-json\/wp\/v2\/comments?post=11066"}],"wp:featuredmedia":[{"embeddable":true,"href":"https:\/\/whs.lu\/fr\/wp-json\/wp\/v2\/media\/9173"}],"wp:attachment":[{"href":"https:\/\/whs.lu\/fr\/wp-json\/wp\/v2\/media?parent=11066"}],"wp:term":[{"taxonomy":"product_brand","embeddable":true,"href":"https:\/\/whs.lu\/fr\/wp-json\/wp\/v2\/product_brand?post=11066"},{"taxonomy":"product_cat","embeddable":true,"href":"https:\/\/whs.lu\/fr\/wp-json\/wp\/v2\/product_cat?post=11066"},{"taxonomy":"product_tag","embeddable":true,"href":"https:\/\/whs.lu\/fr\/wp-json\/wp\/v2\/product_tag?post=11066"}],"curies":[{"name":"wp","href":"https:\/\/api.w.org\/{rel}","templated":true}]}}