{"id":11072,"date":"2024-11-05T09:37:02","date_gmt":"2024-11-05T08:37:02","guid":{"rendered":"https:\/\/whs.lu\/product\/beurer-hc-55-stylepro\/"},"modified":"2024-11-05T09:37:02","modified_gmt":"2024-11-05T08:37:02","slug":"beurer-hc-55-stylepro","status":"publish","type":"product","link":"https:\/\/whs.lu\/fr\/product\/beurer-hc-55-stylepro\/","title":{"rendered":"BEURER HC 55 StylePro"},"content":{"rendered":"","protected":false},"excerpt":{"rendered":"<ul>\n<li>Fonction de r\u00e9traction du c\u00e2ble : le c\u00e2ble se r\u00e9tracte rapidement et facilement dans le s\u00e8che-cheveux.<\/li>\n<li>Puissance de 2200 watts<\/li>\n<li>Des cheveux souples et brillants gr\u00e2ce \u00e0 la fonction ionique int\u00e9gr\u00e9e<\/li>\n<li>Moteur DC puissant<\/li>\n<li>Fixation de la coiffure gr\u00e2ce au niveau d&rsquo;air froid verrouillable<\/li>\n<li>Fixation de la coiffure gr\u00e2ce au niveau d&rsquo;air froid<\/li>\n<li>Arr\u00eat automatique en cas de surchauffe du moteur<\/li>\n<li>Nettoyage facile gr\u00e2ce au filtre de s\u00e9curit\u00e9 amovible<\/li>\n<li>Anneau de suspension pour un rangement facile<\/li>\n<li>\n<\/li>\n<\/ul>\n","protected":false},"featured_media":9152,"comment_status":"open","ping_status":"closed","template":"","meta":{"_et_pb_use_builder":"","_et_pb_old_content":"","_et_gb_content_width":"","inline_featured_image":false},"product_brand":[],"product_cat":[77],"product_tag":[],"class_list":{"0":"post-11072","1":"product","2":"type-product","3":"status-publish","4":"has-post-thumbnail","6":"product_cat-hygiene-fr","8":"first","9":"instock","10":"taxable","11":"shipping-taxable","12":"purchasable","13":"product-type-simple"},"_links":{"self":[{"href":"https:\/\/whs.lu\/fr\/wp-json\/wp\/v2\/product\/11072","targetHints":{"allow":["GET"]}}],"collection":[{"href":"https:\/\/whs.lu\/fr\/wp-json\/wp\/v2\/product"}],"about":[{"href":"https:\/\/whs.lu\/fr\/wp-json\/wp\/v2\/types\/product"}],"replies":[{"embeddable":true,"href":"https:\/\/whs.lu\/fr\/wp-json\/wp\/v2\/comments?post=11072"}],"wp:featuredmedia":[{"embeddable":true,"href":"https:\/\/whs.lu\/fr\/wp-json\/wp\/v2\/media\/9152"}],"wp:attachment":[{"href":"https:\/\/whs.lu\/fr\/wp-json\/wp\/v2\/media?parent=11072"}],"wp:term":[{"taxonomy":"product_brand","embeddable":true,"href":"https:\/\/whs.lu\/fr\/wp-json\/wp\/v2\/product_brand?post=11072"},{"taxonomy":"product_cat","embeddable":true,"href":"https:\/\/whs.lu\/fr\/wp-json\/wp\/v2\/product_cat?post=11072"},{"taxonomy":"product_tag","embeddable":true,"href":"https:\/\/whs.lu\/fr\/wp-json\/wp\/v2\/product_tag?post=11072"}],"curies":[{"name":"wp","href":"https:\/\/api.w.org\/{rel}","templated":true}]}}