{"id":11073,"date":"2024-11-05T09:41:56","date_gmt":"2024-11-05T08:41:56","guid":{"rendered":"https:\/\/whs.lu\/product\/rowenta-cv5713\/"},"modified":"2024-11-05T09:41:56","modified_gmt":"2024-11-05T08:41:56","slug":"rowenta-cv5713","status":"publish","type":"product","link":"https:\/\/whs.lu\/fr\/product\/rowenta-cv5713\/","title":{"rendered":"ROWENTA CV5713"},"content":{"rendered":"","protected":false},"excerpt":{"rendered":"<ul class=\"a-unordered-list a-vertical a-spacing-mini\">\n<li class=\"a-spacing-mini\"><span class=\"a-list-item\">S\u00e9chage ultra-rapide : s\u00e8che-cheveux avec moteur puissant de 2200 W pour un flux d&rsquo;air rapide et un s\u00e9chage rapide tous les jours<\/span><\/li>\n<li class=\"a-spacing-mini\"><span class=\"a-list-item\">Contr\u00f4le total : 6 niveaux de vitesse\/temp\u00e9rature pour un r\u00e9glage facile du flux d&rsquo;air et de la chaleur pour un s\u00e9chage personnalis\u00e9 des cheveux.<\/span><\/li>\n<li class=\"a-spacing-mini\"><span class=\"a-list-item\">Coiffure de pr\u00e9cision : buse de coiffage pour un flux d&rsquo;air pr\u00e9cis et un s\u00e9chage facile avec un contr\u00f4le total ; r\u00e9sultats durables : La fonction de coiffage \u00e0 froid est le nec plus ultra pour une tenue longue dur\u00e9e de la coiffure.<\/span><\/li>\n<li class=\"a-spacing-mini\"><span class=\"a-list-item\">Design pratique : s\u00e8che-cheveux au design l\u00e9ger et pratique ; long c\u00e2ble de 1,8 m : pour une plus grande libert\u00e9 de mouvement et une utilisation facile<\/span><\/li>\n<li class=\"a-spacing-mini\"><span class=\"a-list-item\">Nettoyage facile : Grille amovible pour un nettoyage facile et des performances durables<\/span><\/li>\n<\/ul>\n","protected":false},"featured_media":9155,"comment_status":"open","ping_status":"closed","template":"","meta":{"_et_pb_use_builder":"","_et_pb_old_content":"","_et_gb_content_width":"","inline_featured_image":false},"product_brand":[],"product_cat":[77],"product_tag":[],"class_list":{"0":"post-11073","1":"product","2":"type-product","3":"status-publish","4":"has-post-thumbnail","6":"product_cat-hygiene-fr","8":"first","9":"instock","10":"taxable","11":"shipping-taxable","12":"purchasable","13":"product-type-simple"},"_links":{"self":[{"href":"https:\/\/whs.lu\/fr\/wp-json\/wp\/v2\/product\/11073","targetHints":{"allow":["GET"]}}],"collection":[{"href":"https:\/\/whs.lu\/fr\/wp-json\/wp\/v2\/product"}],"about":[{"href":"https:\/\/whs.lu\/fr\/wp-json\/wp\/v2\/types\/product"}],"replies":[{"embeddable":true,"href":"https:\/\/whs.lu\/fr\/wp-json\/wp\/v2\/comments?post=11073"}],"wp:featuredmedia":[{"embeddable":true,"href":"https:\/\/whs.lu\/fr\/wp-json\/wp\/v2\/media\/9155"}],"wp:attachment":[{"href":"https:\/\/whs.lu\/fr\/wp-json\/wp\/v2\/media?parent=11073"}],"wp:term":[{"taxonomy":"product_brand","embeddable":true,"href":"https:\/\/whs.lu\/fr\/wp-json\/wp\/v2\/product_brand?post=11073"},{"taxonomy":"product_cat","embeddable":true,"href":"https:\/\/whs.lu\/fr\/wp-json\/wp\/v2\/product_cat?post=11073"},{"taxonomy":"product_tag","embeddable":true,"href":"https:\/\/whs.lu\/fr\/wp-json\/wp\/v2\/product_tag?post=11073"}],"curies":[{"name":"wp","href":"https:\/\/api.w.org\/{rel}","templated":true}]}}