{"id":11074,"date":"2024-11-05T09:31:05","date_gmt":"2024-11-05T08:31:05","guid":{"rendered":"https:\/\/whs.lu\/product\/babyliss-brhd770e-satin-hair-7\/"},"modified":"2024-11-05T09:31:05","modified_gmt":"2024-11-05T08:31:05","slug":"babyliss-brhd770e-satin-hair-7","status":"publish","type":"product","link":"https:\/\/whs.lu\/fr\/product\/babyliss-brhd770e-satin-hair-7\/","title":{"rendered":"BABYLISS BRHD770E Satin Hair 7"},"content":{"rendered":"","protected":false},"excerpt":{"rendered":"<ul>\n<li>2200W<\/li>\n<li>Diffuseur rouge\/gr<\/li>\n<li id=\"title\" class=\"a-size-large a-spacing-none\"><span id=\"productTitle\" class=\"a-size-large product-title-word-break\">s\u00e8che-cheveux professionnel avec technologie IonTec et Colour Saver<\/span><\/li>\n<li><span class=\"a-list-item\">Pr\u00e9serve l&rsquo;hydratation de vos cheveux : \u00e9quilibre le niveau d&rsquo;hydratation pour un coiffage sain, sp\u00e9cialement pour les cheveux color\u00e9s.<\/span><\/li>\n<li><span class=\"a-list-item\">IONTEC : la technologie ionique sup\u00e9rieure ma\u00eetrise les frisottis. Pour des r\u00e9sultats de coiffure parfaits et une protection maximale. <\/span><\/li>\n<li><span class=\"a-list-item\">Le s\u00e9chage antistatique apaise les cheveux et leur donne une brillance naturelle et soyeuse.<\/span><\/li>\n<li><span class=\"a-list-item\">Ventilateur calibr\u00e9 de mani\u00e8re optimale : la r\u00e9partition uniforme de la chaleur \u00e9vite les pics de chaleur et le dess\u00e8chement<\/span><\/li>\n<li><span class=\"a-list-item\">Satin Protect Protection contre la surchauffeProt\u00e8ge les cheveux d&rsquo;un dess\u00e8chement excessif<\/span><\/li>\n<\/ul>\n","protected":false},"featured_media":9149,"comment_status":"open","ping_status":"closed","template":"","meta":{"_et_pb_use_builder":"","_et_pb_old_content":"","_et_gb_content_width":"","inline_featured_image":false},"product_brand":[],"product_cat":[77],"product_tag":[],"class_list":{"0":"post-11074","1":"product","2":"type-product","3":"status-publish","4":"has-post-thumbnail","6":"product_cat-hygiene-fr","8":"first","9":"instock","10":"taxable","11":"shipping-taxable","12":"purchasable","13":"product-type-simple"},"_links":{"self":[{"href":"https:\/\/whs.lu\/fr\/wp-json\/wp\/v2\/product\/11074","targetHints":{"allow":["GET"]}}],"collection":[{"href":"https:\/\/whs.lu\/fr\/wp-json\/wp\/v2\/product"}],"about":[{"href":"https:\/\/whs.lu\/fr\/wp-json\/wp\/v2\/types\/product"}],"replies":[{"embeddable":true,"href":"https:\/\/whs.lu\/fr\/wp-json\/wp\/v2\/comments?post=11074"}],"wp:featuredmedia":[{"embeddable":true,"href":"https:\/\/whs.lu\/fr\/wp-json\/wp\/v2\/media\/9149"}],"wp:attachment":[{"href":"https:\/\/whs.lu\/fr\/wp-json\/wp\/v2\/media?parent=11074"}],"wp:term":[{"taxonomy":"product_brand","embeddable":true,"href":"https:\/\/whs.lu\/fr\/wp-json\/wp\/v2\/product_brand?post=11074"},{"taxonomy":"product_cat","embeddable":true,"href":"https:\/\/whs.lu\/fr\/wp-json\/wp\/v2\/product_cat?post=11074"},{"taxonomy":"product_tag","embeddable":true,"href":"https:\/\/whs.lu\/fr\/wp-json\/wp\/v2\/product_tag?post=11074"}],"curies":[{"name":"wp","href":"https:\/\/api.w.org\/{rel}","templated":true}]}}