{"id":11078,"date":"2024-11-04T16:27:08","date_gmt":"2024-11-04T15:27:08","guid":{"rendered":"https:\/\/whs.lu\/product\/samsung-neo-qled-gq55qn95datxzg\/"},"modified":"2024-11-04T16:27:08","modified_gmt":"2024-11-04T15:27:08","slug":"samsung-neo-qled-gq55qn95datxzg","status":"publish","type":"product","link":"https:\/\/whs.lu\/fr\/product\/samsung-neo-qled-gq55qn95datxzg\/","title":{"rendered":"SAMSUNG NEO QLED GQ55QN95DATXZG"},"content":{"rendered":"<ul class=\"dot-list\" role=\"list\">\n<li class=\"dot-list__item\" role=\"listitem\"><span class=\"usp-text\">Profitez de contrastes spectaculaires et de d\u00e9tails impressionnants avec Neo Quantum HDR+.<\/span><\/li>\n<li class=\"dot-list__item\" role=\"listitem\"><span class=\"usp-text\">Le processeur Neural Quantum 4K AI Gen2 assure une exp\u00e9rience visuelle \u00e9poustouflante gr\u00e2ce \u00e0 l&rsquo;IA et \u00e0 20 r\u00e9seaux neuronaux<\/span><\/li>\n<li class=\"dot-list__item\" role=\"listitem\"><span class=\"usp-text\">Exp\u00e9rience sonore multidimensionnelle gr\u00e2ce au Dolby Atmos\u2122 et au son surround virtuel 3D avec OTS+.<\/span><\/li>\n<li class=\"dot-list__item\" role=\"listitem\"><span class=\"usp-text\">Une image toujours aussi d\u00e9taill\u00e9e gr\u00e2ce au traitement antireflet et \u00e0 l&rsquo;angle de vision ultra-large<\/span><\/li>\n<li class=\"dot-list__item\" role=\"listitem\"><span class=\"usp-text\">Samsung Smart Hub &amp; Gaming Hub rassemblent toutes vos applications de jeux et de t\u00e9l\u00e9vision intelligentes pr\u00e9f\u00e9r\u00e9es en un seul endroit.<\/span><\/li>\n<li class=\"dot-list__item\" role=\"listitem\"><span class=\"usp-text\">Contenu de streaming complet, y compris via Samsung Made for Germany<\/span><\/li>\n<\/ul>\n","protected":false},"excerpt":{"rendered":"<ul class=\"spec-highlight__list\" role=\"list\">\n<li class=\"spec-highlight__item\" role=\"listitem\"><strong class=\"spec-highlight__title\">Type d&rsquo;\u00e9cran <\/strong><span class=\"spec-highlight__value\">Neo QLED<\/span><\/li>\n<li class=\"spec-highlight__item\" role=\"listitem\"><strong class=\"spec-highlight__title\">Diagonale d&rsquo;\u00e9cran <\/strong><span class=\"spec-highlight__value\">55 pouces (138 cm)<\/span><\/li>\n<li class=\"spec-highlight__item\" role=\"listitem\"><strong class=\"spec-highlight__title\">R\u00e9solution d&rsquo;\u00e9cran <\/strong><span class=\"spec-highlight__value\">3.840 x 2.160<\/span><\/li>\n<li class=\"spec-highlight__item\" role=\"listitem\"><strong class=\"spec-highlight__title\">Rev\u00eatement antireflet <\/strong><span class=\"spec-highlight__value\">Oui<\/span><\/li>\n<li class=\"spec-highlight__item\" role=\"listitem\"><strong class=\"spec-highlight__title\">Moteur d&rsquo;image <\/strong><span class=\"spec-highlight__value\">Processeur quantique neuronal 4K<\/span><\/li>\n<li class=\"spec-highlight__item\" role=\"listitem\"><strong class=\"spec-highlight__title\">HDR (High Dynamic Range) <\/strong><span class=\"spec-highlight__value\">Neo Quantum HDR<\/span><\/li>\n<li class=\"spec-highlight__item\" role=\"listitem\"><strong class=\"spec-highlight__title\">HDR 10+ <\/strong><span class=\"spec-highlight__value\">Certification HDR10+ : HDR10+ Adaptive, HDR10+ Gaming<\/span><\/li>\n<li class=\"spec-highlight__item\" role=\"listitem\"><strong class=\"spec-highlight__title\">Sur\u00e9chantillonnage AI <\/strong><span class=\"spec-highlight__value\">Sur\u00e9chantillonnage AI 4K<\/span><\/li>\n<li class=\"spec-highlight__item\" role=\"listitem\"><strong class=\"spec-highlight__title\">HLG (Hybrid Log Gamma) <\/strong><span class=\"spec-highlight__value\">Oui<\/span><\/li>\n<li class=\"spec-highlight__item\" role=\"listitem\"><strong class=\"spec-highlight__title\">Contraste <\/strong><span class=\"spec-highlight__value\">Technologie de matrice quantique<\/span><\/li>\n<li class=\"spec-highlight__item\" role=\"listitem\"><strong class=\"spec-highlight__title\">Angle de vision <\/strong><span class=\"spec-highlight__value\">Angle de visionnement ultra<\/span><\/li>\n<li class=\"spec-highlight__item\" role=\"listitem\"><strong class=\"spec-highlight__title\">Micro Dimming <\/strong><span class=\"spec-highlight__value\">Ultimate UHD Dimming Pro<\/span><\/li>\n<li class=\"spec-highlight__item\" role=\"listitem\"><strong class=\"spec-highlight__title\">Amplificateur de contraste <\/strong><span class=\"spec-highlight__value\">Real Depth Enhancer Pro<\/span><\/li>\n<li class=\"spec-highlight__item\" role=\"listitem\"><strong class=\"spec-highlight__title\">Mode film <\/strong><span class=\"spec-highlight__value\">Oui<\/span><\/li>\n<li class=\"spec-highlight__item\" role=\"listitem\"><strong class=\"spec-highlight__title\">Technologie Motion <\/strong><span class=\"spec-highlight__value\">Motion Xcelerator 144Hz<\/span><\/li>\n<li class=\"spec-highlight__item\" role=\"listitem\"><strong class=\"spec-highlight__title\">R\u00e9ception de la t\u00e9l\u00e9vision num\u00e9rique (DVB) <\/strong><span class=\"spec-highlight__value\">DVB-T2CS2 x 2<\/span><\/li>\n<li class=\"spec-highlight__item\" role=\"listitem\"><strong class=\"spec-highlight__title\">Tuner analogique <\/strong><span class=\"spec-highlight__value\">Oui<\/span><\/li>\n<li class=\"spec-highlight__item\" role=\"listitem\"><strong class=\"spec-highlight__title\">Tuner double <\/strong><span class=\"spec-highlight__value\">Oui<\/span><\/li>\n<li class=\"spec-highlight__item\" role=\"listitem\"><strong class=\"spec-highlight__title\">Type d&rsquo;interface commune <\/strong><span class=\"spec-highlight__value\">CI+ (1.4)<\/span><\/li>\n<li class=\"spec-highlight__item\" role=\"listitem\"><strong class=\"spec-highlight__title\">HbbTV <\/strong><span class=\"spec-highlight__value\">Hbb TV 2.0.3<\/span><\/li>\n<li class=\"spec-highlight__item\" role=\"listitem\"><strong class=\"spec-highlight__title\">Prise en charge de TVkey <\/strong><span class=\"spec-highlight__value\">Oui<\/span><\/li>\n<li class=\"spec-highlight__item\" role=\"listitem\"><strong class=\"spec-highlight__title\">HDMI <\/strong><span class=\"spec-highlight__value\">4<\/span><\/li>\n<li class=\"spec-highlight__item\" role=\"listitem\"><strong class=\"spec-highlight__title\">USB <\/strong><span class=\"spec-highlight__value\">2<\/span><\/li>\n<li class=\"spec-highlight__item\" role=\"listitem\"><strong class=\"spec-highlight__title\">Ethernet (LAN) <\/strong><span class=\"spec-highlight__value\">1<\/span><\/li>\n<li class=\"spec-highlight__item\" role=\"listitem\"><strong class=\"spec-highlight__title\">Sortie audio num\u00e9rique (optique) <\/strong><span class=\"spec-highlight__value\">Optique<\/span><\/li>\n<li class=\"spec-highlight__item\" role=\"listitem\"><strong class=\"spec-highlight__title\">Entr\u00e9es d&rsquo;antenne <\/strong><span class=\"spec-highlight__value\">3<\/span><\/li>\n<li class=\"spec-highlight__item\" role=\"listitem\"><strong class=\"spec-highlight__title\">HDMI eARC (canal de retour audio am\u00e9lior\u00e9) <\/strong><span class=\"spec-highlight__value\">eARC<\/span><\/li>\n<li class=\"spec-highlight__item\" role=\"listitem\"><strong class=\"spec-highlight__title\">Wi-Fi <\/strong><span class=\"spec-highlight__value\">Oui (Wi-Fi5)<\/span><\/li>\n<li class=\"spec-highlight__item\" role=\"listitem\"><strong class=\"spec-highlight__title\">Bluetooth <\/strong><span class=\"spec-highlight__value\">Oui (BTS.2)<\/span><\/li>\n<li class=\"spec-highlight__item\" role=\"listitem\"><strong class=\"spec-highlight__title\">Anynet+ (HDMI-CEC) <\/strong><span class=\"spec-highlight__value\">Oui<\/span><\/li>\n<li role=\"listitem\">\n<\/li>\n<\/ul>\n","protected":false},"featured_media":9137,"comment_status":"open","ping_status":"closed","template":"","meta":{"_et_pb_use_builder":"","_et_pb_old_content":"","_et_gb_content_width":"","inline_featured_image":false},"product_brand":[],"product_cat":[87],"product_tag":[],"class_list":{"0":"post-11078","1":"product","2":"type-product","3":"status-publish","4":"has-post-thumbnail","6":"product_cat-multimedia-fr","8":"first","9":"instock","10":"taxable","11":"shipping-taxable","12":"purchasable","13":"product-type-simple"},"_links":{"self":[{"href":"https:\/\/whs.lu\/fr\/wp-json\/wp\/v2\/product\/11078","targetHints":{"allow":["GET"]}}],"collection":[{"href":"https:\/\/whs.lu\/fr\/wp-json\/wp\/v2\/product"}],"about":[{"href":"https:\/\/whs.lu\/fr\/wp-json\/wp\/v2\/types\/product"}],"replies":[{"embeddable":true,"href":"https:\/\/whs.lu\/fr\/wp-json\/wp\/v2\/comments?post=11078"}],"wp:featuredmedia":[{"embeddable":true,"href":"https:\/\/whs.lu\/fr\/wp-json\/wp\/v2\/media\/9137"}],"wp:attachment":[{"href":"https:\/\/whs.lu\/fr\/wp-json\/wp\/v2\/media?parent=11078"}],"wp:term":[{"taxonomy":"product_brand","embeddable":true,"href":"https:\/\/whs.lu\/fr\/wp-json\/wp\/v2\/product_brand?post=11078"},{"taxonomy":"product_cat","embeddable":true,"href":"https:\/\/whs.lu\/fr\/wp-json\/wp\/v2\/product_cat?post=11078"},{"taxonomy":"product_tag","embeddable":true,"href":"https:\/\/whs.lu\/fr\/wp-json\/wp\/v2\/product_tag?post=11078"}],"curies":[{"name":"wp","href":"https:\/\/api.w.org\/{rel}","templated":true}]}}