{"id":11080,"date":"2024-11-04T16:04:52","date_gmt":"2024-11-04T15:04:52","guid":{"rendered":"https:\/\/whs.lu\/product\/samsung-qled-gq55q60cauxzg\/"},"modified":"2025-08-01T00:00:05","modified_gmt":"2025-07-31T22:00:05","slug":"samsung-qled-gq55q60cauxzg","status":"publish","type":"product","link":"https:\/\/whs.lu\/fr\/product\/samsung-qled-gq55q60cauxzg\/","title":{"rendered":"SAMSUNG QLED GQ55Q60CAUXZG"},"content":{"rendered":"","protected":false},"excerpt":{"rendered":"<ul>\n<li class=\"col-xs-6 col-sm-3 ng-star-inserted\"><strong>Couleur : <\/strong>noir<\/li>\n<li class=\"col-xs-6 col-sm-3 ng-star-inserted\"><strong>Classe d&rsquo;efficacit\u00e9 \u00e9nerg\u00e9tique : <\/strong>E<\/li>\n<li class=\"col-xs-6 col-sm-3 ng-star-inserted\"><strong>Mode h\u00f4telier : <\/strong>Oui<\/li>\n<li class=\"col-xs-6 col-sm-3 ng-star-inserted\"><strong>R\u00e9solution : <\/strong>4K UHD<\/li>\n<li class=\"col-xs-6 col-sm-3 ng-star-inserted\"><strong>Technologie : <\/strong>QLED<\/li>\n<li class=\"col-xs-6 col-sm-3 ng-star-inserted\"><strong>Nombre de ports HDMI : <\/strong>3<\/li>\n<li class=\"col-xs-6 col-sm-3 ng-star-inserted\"><strong>Tuner DVB-T : <\/strong>Non<\/li>\n<li class=\"col-xs-6 col-sm-3 ng-star-inserted\"><strong>Nombre de ports USB : <\/strong>2<\/li>\n<li class=\"col-xs-6 col-sm-3 ng-star-inserted\"><strong>Tuner DVB-C : <\/strong>Oui<\/li>\n<li class=\"col-xs-6 col-sm-3 ng-star-inserted\"><strong>Tuner DVB-S : <\/strong>Non<\/li>\n<li><strong>Diagonale d&rsquo;\u00e9cran visible en pouces : <\/strong>65<\/li>\n<li class=\"col-xs-6 col-sm-3 ng-star-inserted\"><strong>Consommation \u00e9lectrique en fonctionnement : <\/strong>160<\/li>\n<li class=\"col-xs-6 col-sm-3 ng-star-inserted\"><strong>Smart TV : <\/strong>Oui<\/li>\n<li class=\"col-xs-6 col-sm-3 ng-star-inserted\"><strong>Tuner DVB-T2 (codec H.264) : <\/strong>Oui<\/li>\n<li class=\"col-xs-6 col-sm-3 ng-star-inserted\"><strong>Tuner DVB-C2 : <\/strong>Non<\/li>\n<li class=\"col-xs-6 col-sm-3 ng-star-inserted\"><strong>Tuner DVB-S2 : <\/strong>Oui<\/li>\n<\/ul>\n","protected":false},"featured_media":9128,"comment_status":"open","ping_status":"closed","template":"","meta":{"_et_pb_use_builder":"","_et_pb_old_content":"","_et_gb_content_width":"","inline_featured_image":false},"product_brand":[],"product_cat":[87],"product_tag":[],"class_list":{"0":"post-11080","1":"product","2":"type-product","3":"status-publish","4":"has-post-thumbnail","6":"product_cat-multimedia-fr","8":"first","9":"instock","10":"taxable","11":"shipping-taxable","12":"purchasable","13":"product-type-simple"},"_links":{"self":[{"href":"https:\/\/whs.lu\/fr\/wp-json\/wp\/v2\/product\/11080","targetHints":{"allow":["GET"]}}],"collection":[{"href":"https:\/\/whs.lu\/fr\/wp-json\/wp\/v2\/product"}],"about":[{"href":"https:\/\/whs.lu\/fr\/wp-json\/wp\/v2\/types\/product"}],"replies":[{"embeddable":true,"href":"https:\/\/whs.lu\/fr\/wp-json\/wp\/v2\/comments?post=11080"}],"wp:featuredmedia":[{"embeddable":true,"href":"https:\/\/whs.lu\/fr\/wp-json\/wp\/v2\/media\/9128"}],"wp:attachment":[{"href":"https:\/\/whs.lu\/fr\/wp-json\/wp\/v2\/media?parent=11080"}],"wp:term":[{"taxonomy":"product_brand","embeddable":true,"href":"https:\/\/whs.lu\/fr\/wp-json\/wp\/v2\/product_brand?post=11080"},{"taxonomy":"product_cat","embeddable":true,"href":"https:\/\/whs.lu\/fr\/wp-json\/wp\/v2\/product_cat?post=11080"},{"taxonomy":"product_tag","embeddable":true,"href":"https:\/\/whs.lu\/fr\/wp-json\/wp\/v2\/product_tag?post=11080"}],"curies":[{"name":"wp","href":"https:\/\/api.w.org\/{rel}","templated":true}]}}