{"id":11081,"date":"2024-11-04T16:12:47","date_gmt":"2024-11-04T15:12:47","guid":{"rendered":"https:\/\/whs.lu\/product\/samsung-led-crystal-uhd-gu55cu8079uxzg\/"},"modified":"2025-08-01T00:00:05","modified_gmt":"2025-07-31T22:00:05","slug":"samsung-led-crystal-uhd-gu55cu8079uxzg","status":"publish","type":"product","link":"https:\/\/whs.lu\/fr\/product\/samsung-led-crystal-uhd-gu55cu8079uxzg\/","title":{"rendered":"SAMSUNG LED Crystal UHD GU55CU8079UXZG"},"content":{"rendered":"","protected":false},"excerpt":{"rendered":"<ul class=\"spec-highlight__list\" role=\"list\">\n<li class=\"spec-highlight__item\" role=\"listitem\"><strong class=\"spec-highlight__title\">R\u00e9ception de la t\u00e9l\u00e9vision num\u00e9rique (DVB) <\/strong><span class=\"spec-highlight__value\">DVB-C\/S2\/T2 HD<\/span><\/li>\n<li class=\"spec-highlight__item\" role=\"listitem\"><strong class=\"spec-highlight__title\">Tuner double <\/strong><span class=\"spec-highlight__value\">Oui<\/span><\/li>\n<li class=\"spec-highlight__item\" role=\"listitem\"><strong class=\"spec-highlight__title\">Tuner analogique <\/strong><span class=\"spec-highlight__value\">Oui<\/span><\/li>\n<li class=\"spec-highlight__item\" role=\"listitem\"><strong class=\"spec-highlight__title\">Type d&rsquo;interface commune <\/strong><span class=\"spec-highlight__value\">CI+(1.4)<\/span><\/li>\n<li class=\"spec-highlight__item\" role=\"listitem\"><strong class=\"spec-highlight__title\">HbbTV <\/strong><span class=\"spec-highlight__value\">HbbTV 2.0.3<\/span><\/li>\n<li class=\"spec-highlight__item\" role=\"listitem\"><strong class=\"spec-highlight__title\">Prise en charge de TVkey <\/strong><span class=\"spec-highlight__value\">Oui<\/span><\/li>\n<li class=\"spec-highlight__item\" role=\"listitem\"><strong class=\"spec-highlight__title\">Syst\u00e8me sonore DTV <\/strong><span class=\"spec-highlight__value\">Dolby<\/span><\/li>\n<li class=\"spec-highlight__item\" role=\"listitem\"><strong class=\"spec-highlight__title\">HDMI <\/strong><span class=\"spec-highlight__value\">3<\/span><\/li>\n<li class=\"spec-highlight__item\" role=\"listitem\"><strong class=\"spec-highlight__title\">USB <\/strong><span class=\"spec-highlight__value\">2<\/span><\/li>\n<li class=\"spec-highlight__item\" role=\"listitem\"><strong class=\"spec-highlight__title\">Sortie audio num\u00e9rique (optique) <\/strong><span class=\"spec-highlight__value\">1<\/span><\/li>\n<li class=\"spec-highlight__item\" role=\"listitem\"><strong class=\"spec-highlight__title\">Entr\u00e9e d&rsquo;antenne <\/strong><span class=\"spec-highlight__value\">2<\/span><\/li>\n<li class=\"spec-highlight__item\" role=\"listitem\"><strong class=\"spec-highlight__title\">Emplacement CI+ <\/strong><span class=\"spec-highlight__value\">1<\/span><\/li>\n<li class=\"spec-highlight__item\" role=\"listitem\"><strong class=\"spec-highlight__title\">Connexion r\u00e9seau (LAN) <\/strong><span class=\"spec-highlight__value\">Oui<\/span><\/li>\n<li class=\"spec-highlight__item\" role=\"listitem\"><strong class=\"spec-highlight__title\">WLAN <\/strong><span class=\"spec-highlight__value\">Oui (WiFi5)<\/span><\/li>\n<li class=\"spec-highlight__item\" role=\"listitem\"><strong class=\"spec-highlight__title\">Bluetooth <\/strong><span class=\"spec-highlight__value\">Oui (BT5.2)<\/span><\/li>\n<li class=\"spec-highlight__item\" role=\"listitem\"><strong class=\"spec-highlight__title\">HDMI-eARC (canal de retour audio am\u00e9lior\u00e9) <\/strong><span class=\"spec-highlight__value\">Oui (HDMI 2)<\/span><\/li>\n<li class=\"spec-highlight__item\" role=\"listitem\"><strong class=\"spec-highlight__title\">Commutateur rapide HDMI <\/strong><span class=\"spec-highlight__value\">Oui<\/span><\/li>\n<li class=\"spec-highlight__item\" role=\"listitem\"><strong class=\"spec-highlight__title\">Anynet+ (HDMI-CEC) <\/strong><span class=\"spec-highlight__value\">Oui<\/span><\/li>\n<li class=\"spec-highlight__item\" role=\"listitem\"><strong class=\"spec-highlight__title\">Fonctions HDMI 2.1 <\/strong><span class=\"spec-highlight__value\">4K@60Hz, ALLM, eARC (sur le port HDMI 2)<\/span><\/li>\n<\/ul>\n","protected":false},"featured_media":9131,"comment_status":"open","ping_status":"closed","template":"","meta":{"_et_pb_use_builder":"","_et_pb_old_content":"","_et_gb_content_width":"","inline_featured_image":false},"product_brand":[],"product_cat":[87,74],"product_tag":[],"class_list":{"0":"post-11081","1":"product","2":"type-product","3":"status-publish","4":"has-post-thumbnail","6":"product_cat-multimedia-fr","7":"product_cat-prix-promotionnels","9":"first","10":"instock","11":"taxable","12":"shipping-taxable","13":"purchasable","14":"product-type-simple"},"_links":{"self":[{"href":"https:\/\/whs.lu\/fr\/wp-json\/wp\/v2\/product\/11081","targetHints":{"allow":["GET"]}}],"collection":[{"href":"https:\/\/whs.lu\/fr\/wp-json\/wp\/v2\/product"}],"about":[{"href":"https:\/\/whs.lu\/fr\/wp-json\/wp\/v2\/types\/product"}],"replies":[{"embeddable":true,"href":"https:\/\/whs.lu\/fr\/wp-json\/wp\/v2\/comments?post=11081"}],"wp:featuredmedia":[{"embeddable":true,"href":"https:\/\/whs.lu\/fr\/wp-json\/wp\/v2\/media\/9131"}],"wp:attachment":[{"href":"https:\/\/whs.lu\/fr\/wp-json\/wp\/v2\/media?parent=11081"}],"wp:term":[{"taxonomy":"product_brand","embeddable":true,"href":"https:\/\/whs.lu\/fr\/wp-json\/wp\/v2\/product_brand?post=11081"},{"taxonomy":"product_cat","embeddable":true,"href":"https:\/\/whs.lu\/fr\/wp-json\/wp\/v2\/product_cat?post=11081"},{"taxonomy":"product_tag","embeddable":true,"href":"https:\/\/whs.lu\/fr\/wp-json\/wp\/v2\/product_tag?post=11081"}],"curies":[{"name":"wp","href":"https:\/\/api.w.org\/{rel}","templated":true}]}}