{"id":11082,"date":"2024-10-30T14:43:05","date_gmt":"2024-10-30T13:43:05","guid":{"rendered":"https:\/\/whs.lu\/product\/siemens-iq500-hb517gbs3-four\/"},"modified":"2024-10-30T14:43:05","modified_gmt":"2024-10-30T13:43:05","slug":"siemens-iq500-hb517gbs3-four","status":"publish","type":"product","link":"https:\/\/whs.lu\/fr\/product\/siemens-iq500-hb517gbs3-four\/","title":{"rendered":"SIEMENS IQ500 HB517GBS3 Four"},"content":{"rendered":"","protected":false},"excerpt":{"rendered":"<ul>\n<li>Classe d&rsquo;efficacit\u00e9 \u00e9nerg\u00e9tique A+<\/li>\n<li>Air chaud 3D Plus : chaleur uniforme sur jusqu&rsquo;\u00e0 trois niveaux. Pour d&rsquo;excellents r\u00e9sultats <\/li>\n<li>Chauffage rapide : atteindre plus rapidement la temp\u00e9rature de cuisson souhait\u00e9e<\/li>\n<li>CookControl : 10 programmes automatiques<\/li>\n<li>LightControl : un contr\u00f4le intuitif gr\u00e2ce au panneau de commande \u00e9clair\u00e9<\/li>\n<li>Dimensions de l&rsquo;appareil (H x L x P) 595x594x548 mm<\/li>\n<li>Concept de commande : \u00e9cran LED rouge avec bouton rotatif<\/li>\n<li>Syst\u00e8me de coulisses : coulisses pouvant \u00eatre ajout\u00e9es ult\u00e9rieurement<\/li>\n<\/ul>\n","protected":false},"featured_media":8952,"comment_status":"open","ping_status":"closed","template":"","meta":{"_et_pb_use_builder":"","_et_pb_old_content":"","_et_gb_content_width":"","inline_featured_image":false},"product_brand":[],"product_cat":[78,100],"product_tag":[],"class_list":{"0":"post-11082","1":"product","2":"type-product","3":"status-publish","4":"has-post-thumbnail","6":"product_cat-cuisiner","7":"product_cat-four","9":"first","10":"instock","11":"taxable","12":"shipping-taxable","13":"purchasable","14":"product-type-simple"},"_links":{"self":[{"href":"https:\/\/whs.lu\/fr\/wp-json\/wp\/v2\/product\/11082","targetHints":{"allow":["GET"]}}],"collection":[{"href":"https:\/\/whs.lu\/fr\/wp-json\/wp\/v2\/product"}],"about":[{"href":"https:\/\/whs.lu\/fr\/wp-json\/wp\/v2\/types\/product"}],"replies":[{"embeddable":true,"href":"https:\/\/whs.lu\/fr\/wp-json\/wp\/v2\/comments?post=11082"}],"wp:featuredmedia":[{"embeddable":true,"href":"https:\/\/whs.lu\/fr\/wp-json\/wp\/v2\/media\/8952"}],"wp:attachment":[{"href":"https:\/\/whs.lu\/fr\/wp-json\/wp\/v2\/media?parent=11082"}],"wp:term":[{"taxonomy":"product_brand","embeddable":true,"href":"https:\/\/whs.lu\/fr\/wp-json\/wp\/v2\/product_brand?post=11082"},{"taxonomy":"product_cat","embeddable":true,"href":"https:\/\/whs.lu\/fr\/wp-json\/wp\/v2\/product_cat?post=11082"},{"taxonomy":"product_tag","embeddable":true,"href":"https:\/\/whs.lu\/fr\/wp-json\/wp\/v2\/product_tag?post=11082"}],"curies":[{"name":"wp","href":"https:\/\/api.w.org\/{rel}","templated":true}]}}