{"id":11083,"date":"2024-11-04T13:49:36","date_gmt":"2024-11-04T12:49:36","guid":{"rendered":"https:\/\/whs.lu\/product\/siemens-set-iq500-he378ga23-iq300-ea645gh17m-cuisiniere-encastrable-vitroceramique\/"},"modified":"2024-11-04T13:49:36","modified_gmt":"2024-11-04T12:49:36","slug":"siemens-set-iq500-he378ga23-iq300-ea645gh17m-cuisiniere-encastrable-vitroceramique","status":"publish","type":"product","link":"https:\/\/whs.lu\/fr\/product\/siemens-set-iq500-he378ga23-iq300-ea645gh17m-cuisiniere-encastrable-vitroceramique\/","title":{"rendered":"SIEMENS SET IQ500 HE378GA23 + IQ300 EA645GH17M Cuisini\u00e8re encastrable + vitroc\u00e9ramique"},"content":{"rendered":"","protected":false},"excerpt":{"rendered":"<ul>\n<li>FOUR :<\/li>\n<li>Classe d&rsquo;efficacit\u00e9 \u00e9nerg\u00e9tique A+<\/li>\n<li>ActiveClean : <span class=\"css-1yzc44o\" data-testid=\"key-benefit-description-text\">le syst\u00e8me d&rsquo;autonettoyage automatique.<\/span><\/li>\n<li>CookControl : <span class=\"css-1yzc44o\" data-testid=\"key-benefit-description-text\">les programmes automatiques garantissent les meilleurs r\u00e9sultats.<\/span><\/li>\n<li>Air chaud 3D :  <span class=\"css-1yzc44o\" data-testid=\"key-benefit-description-text\">chaleur uniforme sur un maximum de trois niveaux. Pour d&rsquo;excellents r\u00e9sultats. <\/span><\/li>\n<li>SoftMove : <span class=\"css-1yzc44o\" data-testid=\"key-benefit-description-text\">ouverture et fermeture amorties de la porte du four.<\/span><\/li>\n<li>HumidClean : <span class=\"css-1yzc44o\" data-testid=\"key-benefit-description-text\">nettoyage rapide des salissures dans votre four.<\/span><\/li>\n<li>Dimensions de l&rsquo;appareil (H x L x P) 595x594x548 mm<\/li>\n<li>Concept de commande : \u00e9cran LED rouge avec bouton rotatif<\/li>\n<li>Syst\u00e8me de coulisses : coulisses pouvant \u00eatre ajout\u00e9es ult\u00e9rieurement<\/li>\n<li>CHAMBRE DE CUISINE<\/li>\n<li>Zone de r\u00f4tissage : zone de cuisson suppl\u00e9mentaire activable pour les grands plats \u00e0 r\u00f4tir<\/li>\n<li>Zone de cuisson \u00e0 double circuit : utilisez une plaque de cuisson normale ou plus grande.<\/li>\n<li>Batterie de cuisine pour la zone de cuisson extensible.<\/li>\n<li>Zone de cuisson avant gauche : 180 mm, 120 mm, 0.8 kW<\/li>\n<li>Zone de cuisson arri\u00e8re gauche : 265 mm, 170 mm, 2.4 kW<\/li>\n<li>Zone de cuisson arri\u00e8re droite : 145 mm, 1.2 kW<\/li>\n<li>Zone de cuisson avant droite : 210 mm, 145 mm, 1 kW<\/li>\n<li>Dimensions de l&rsquo;unit\u00e9 (HxLxP mm) : 43 x 583 x 513<\/li>\n<\/ul>\n","protected":false},"featured_media":9122,"comment_status":"open","ping_status":"closed","template":"","meta":{"_et_pb_use_builder":"","_et_pb_old_content":"","_et_gb_content_width":"","inline_featured_image":false},"product_brand":[],"product_cat":[78,100,99],"product_tag":[],"class_list":{"0":"post-11083","1":"product","2":"type-product","3":"status-publish","4":"has-post-thumbnail","6":"product_cat-cuisiner","7":"product_cat-four","8":"product_cat-plaque-de-cuisson","10":"first","11":"instock","12":"taxable","13":"shipping-taxable","14":"purchasable","15":"product-type-simple"},"_links":{"self":[{"href":"https:\/\/whs.lu\/fr\/wp-json\/wp\/v2\/product\/11083","targetHints":{"allow":["GET"]}}],"collection":[{"href":"https:\/\/whs.lu\/fr\/wp-json\/wp\/v2\/product"}],"about":[{"href":"https:\/\/whs.lu\/fr\/wp-json\/wp\/v2\/types\/product"}],"replies":[{"embeddable":true,"href":"https:\/\/whs.lu\/fr\/wp-json\/wp\/v2\/comments?post=11083"}],"wp:featuredmedia":[{"embeddable":true,"href":"https:\/\/whs.lu\/fr\/wp-json\/wp\/v2\/media\/9122"}],"wp:attachment":[{"href":"https:\/\/whs.lu\/fr\/wp-json\/wp\/v2\/media?parent=11083"}],"wp:term":[{"taxonomy":"product_brand","embeddable":true,"href":"https:\/\/whs.lu\/fr\/wp-json\/wp\/v2\/product_brand?post=11083"},{"taxonomy":"product_cat","embeddable":true,"href":"https:\/\/whs.lu\/fr\/wp-json\/wp\/v2\/product_cat?post=11083"},{"taxonomy":"product_tag","embeddable":true,"href":"https:\/\/whs.lu\/fr\/wp-json\/wp\/v2\/product_tag?post=11083"}],"curies":[{"name":"wp","href":"https:\/\/api.w.org\/{rel}","templated":true}]}}