{"id":11088,"date":"2024-10-30T12:06:02","date_gmt":"2024-10-30T11:06:02","guid":{"rendered":"https:\/\/whs.lu\/product\/siemens-iq300-et645hn17e-table-de-cuisson-electrique-avec-cadre-peripherique-60-cm\/"},"modified":"2024-10-30T12:06:02","modified_gmt":"2024-10-30T11:06:02","slug":"siemens-iq300-et645hn17e-table-de-cuisson-electrique-avec-cadre-peripherique-60-cm","status":"publish","type":"product","link":"https:\/\/whs.lu\/fr\/product\/siemens-iq300-et645hn17e-table-de-cuisson-electrique-avec-cadre-peripherique-60-cm\/","title":{"rendered":"SIEMENS IQ300 ET645HN17E Table de cuisson \u00e9lectrique avec cadre p\u00e9riph\u00e9rique 60 cm"},"content":{"rendered":"","protected":false},"excerpt":{"rendered":"<ul>\n<li>Dimensions de l&rsquo;appareil (H x L x P) 48x583x513 mm<\/li>\n<li><span class=\"css-1yzc44o\" data-testid=\"key-benefit-description-text\">TouchControl pour une commande particuli\u00e8rement confortable de la table de cuisson d&rsquo;un simple effleurement.<\/span><\/li>\n<li>Zone \u00e0 deux cercles 21cm et zone de r\u00f4tissage : espace pour les grandes po\u00eales et casseroles.<\/li>\n<li>Zone de cuisson : \u00e9largissez votre zone de cuisson pour les grandes casseroles et po\u00eales<\/li>\n<\/ul>\n","protected":false},"featured_media":8934,"comment_status":"open","ping_status":"closed","template":"","meta":{"_et_pb_use_builder":"","_et_pb_old_content":"","_et_gb_content_width":"","inline_featured_image":false},"product_brand":[],"product_cat":[78,99],"product_tag":[],"class_list":{"0":"post-11088","1":"product","2":"type-product","3":"status-publish","4":"has-post-thumbnail","6":"product_cat-cuisiner","7":"product_cat-plaque-de-cuisson","9":"first","10":"outofstock","11":"taxable","12":"shipping-taxable","13":"purchasable","14":"product-type-simple"},"_links":{"self":[{"href":"https:\/\/whs.lu\/fr\/wp-json\/wp\/v2\/product\/11088","targetHints":{"allow":["GET"]}}],"collection":[{"href":"https:\/\/whs.lu\/fr\/wp-json\/wp\/v2\/product"}],"about":[{"href":"https:\/\/whs.lu\/fr\/wp-json\/wp\/v2\/types\/product"}],"replies":[{"embeddable":true,"href":"https:\/\/whs.lu\/fr\/wp-json\/wp\/v2\/comments?post=11088"}],"wp:featuredmedia":[{"embeddable":true,"href":"https:\/\/whs.lu\/fr\/wp-json\/wp\/v2\/media\/8934"}],"wp:attachment":[{"href":"https:\/\/whs.lu\/fr\/wp-json\/wp\/v2\/media?parent=11088"}],"wp:term":[{"taxonomy":"product_brand","embeddable":true,"href":"https:\/\/whs.lu\/fr\/wp-json\/wp\/v2\/product_brand?post=11088"},{"taxonomy":"product_cat","embeddable":true,"href":"https:\/\/whs.lu\/fr\/wp-json\/wp\/v2\/product_cat?post=11088"},{"taxonomy":"product_tag","embeddable":true,"href":"https:\/\/whs.lu\/fr\/wp-json\/wp\/v2\/product_tag?post=11088"}],"curies":[{"name":"wp","href":"https:\/\/api.w.org\/{rel}","templated":true}]}}