{"id":11089,"date":"2024-10-30T13:39:32","date_gmt":"2024-10-30T12:39:32","guid":{"rendered":"https:\/\/whs.lu\/product\/siemens-iq500-ka93gaiep-refrigerateur-americain-side-by-side\/"},"modified":"2024-10-30T13:39:32","modified_gmt":"2024-10-30T12:39:32","slug":"siemens-iq500-ka93gaiep-refrigerateur-americain-side-by-side","status":"publish","type":"product","link":"https:\/\/whs.lu\/fr\/product\/siemens-iq500-ka93gaiep-refrigerateur-americain-side-by-side\/","title":{"rendered":"SIEMENS IQ500 KA93GAIEP R\u00e9frig\u00e9rateur am\u00e9ricain side by side"},"content":{"rendered":"","protected":false},"excerpt":{"rendered":"<ul>\n<li>Classe d&rsquo;efficacit\u00e9 \u00e9nerg\u00e9tique E<\/li>\n<li>Hauteur : 178,7 cm \/ Largeur : 90,8 cm<\/li>\n<li>Acier bross\u00e9 avec antiFingerprint : moins de nettoyage pour vos portes en acier bross\u00e9<\/li>\n<li>BottleRack : ranger les bouteilles en toute s\u00e9curit\u00e9 et \u00e0 port\u00e9e de main<\/li>\n<li>SuperCooling : abaisse la temp\u00e9rature pendant une dur\u00e9e d\u00e9termin\u00e9e pour refroidir rapidement les aliments frais<\/li>\n<li>Tablettes SafetyGlas : verre de s\u00e9curit\u00e9 extra-r\u00e9sistant et facile \u00e0 nettoyer<\/li>\n<li>AutoAirflow : circulation optimale de l&rsquo;air et refroidissement uniforme \u00e0 tous les niveaux pour une fra\u00eecheur prolong\u00e9e<\/li>\n<li>superFreezing &#8211; congeler rapidement des aliments, m\u00eame en grande quantit\u00e9<\/li>\n<li>VarioZone : les tiroirs et les \u00e9tag\u00e8res en verre peuvent \u00eatre facilement r\u00e9organis\u00e9s pour une utilisation flexible de l&rsquo;espace dans votre cong\u00e9lateur.<\/li>\n<\/ul>\n","protected":false},"featured_media":8937,"comment_status":"open","ping_status":"closed","template":"","meta":{"_et_pb_use_builder":"","_et_pb_old_content":"","_et_gb_content_width":"","inline_featured_image":false},"product_brand":[],"product_cat":[79],"product_tag":[],"class_list":{"0":"post-11089","1":"product","2":"type-product","3":"status-publish","4":"has-post-thumbnail","6":"product_cat-refrigerer","8":"first","9":"outofstock","10":"taxable","11":"shipping-taxable","12":"purchasable","13":"product-type-simple"},"_links":{"self":[{"href":"https:\/\/whs.lu\/fr\/wp-json\/wp\/v2\/product\/11089","targetHints":{"allow":["GET"]}}],"collection":[{"href":"https:\/\/whs.lu\/fr\/wp-json\/wp\/v2\/product"}],"about":[{"href":"https:\/\/whs.lu\/fr\/wp-json\/wp\/v2\/types\/product"}],"replies":[{"embeddable":true,"href":"https:\/\/whs.lu\/fr\/wp-json\/wp\/v2\/comments?post=11089"}],"wp:featuredmedia":[{"embeddable":true,"href":"https:\/\/whs.lu\/fr\/wp-json\/wp\/v2\/media\/8937"}],"wp:attachment":[{"href":"https:\/\/whs.lu\/fr\/wp-json\/wp\/v2\/media?parent=11089"}],"wp:term":[{"taxonomy":"product_brand","embeddable":true,"href":"https:\/\/whs.lu\/fr\/wp-json\/wp\/v2\/product_brand?post=11089"},{"taxonomy":"product_cat","embeddable":true,"href":"https:\/\/whs.lu\/fr\/wp-json\/wp\/v2\/product_cat?post=11089"},{"taxonomy":"product_tag","embeddable":true,"href":"https:\/\/whs.lu\/fr\/wp-json\/wp\/v2\/product_tag?post=11089"}],"curies":[{"name":"wp","href":"https:\/\/api.w.org\/{rel}","templated":true}]}}