{"id":11090,"date":"2024-10-30T13:57:47","date_gmt":"2024-10-30T12:57:47","guid":{"rendered":"https:\/\/whs.lu\/product\/siemens-iq500-li67ra561-hotte-a-ecran-plat\/"},"modified":"2024-10-30T13:57:47","modified_gmt":"2024-10-30T12:57:47","slug":"siemens-iq500-li67ra561-hotte-a-ecran-plat","status":"publish","type":"product","link":"https:\/\/whs.lu\/fr\/product\/siemens-iq500-li67ra561-hotte-a-ecran-plat\/","title":{"rendered":"SIEMENS IQ500 LI67RA561 Hotte \u00e0 \u00e9cran plat"},"content":{"rendered":"","protected":false},"excerpt":{"rendered":"<ul>\n<li>Classe d&rsquo;efficacit\u00e9 \u00e9nerg\u00e9tique A<\/li>\n<li>Puissance du ventilateur \u00e0 la vitesse normale maximale \u00c9vacuation de l&rsquo;air 392 m\u00b3\/h<\/li>\n<li>Puissance du ventilateur \u00e0 la vitesse intensive d&rsquo;\u00e9vacuation 717 m\u00b3\/h<\/li>\n<li>Type de flux d&rsquo;air : \u00e9vacuation, recyclage (accessoires sp\u00e9ciaux vendus s\u00e9par\u00e9ment)<\/li>\n<li>Volume sonore au niveau normal le plus \u00e9lev\u00e9 53 dB<\/li>\n<li>Moteur iQdrive &#8211; le moteur silencieux et puissant pour une aspiration efficace des odeurs et des vapeurs<\/li>\n<li>\u00c9clairage LED : \u00e9claire la table de cuisson de mani\u00e8re optimale et \u00e9conome en \u00e9nergie<\/li>\n<\/ul>\n","protected":false},"featured_media":8940,"comment_status":"open","ping_status":"closed","template":"","meta":{"_et_pb_use_builder":"","_et_pb_old_content":"","_et_gb_content_width":"","inline_featured_image":false},"product_brand":[],"product_cat":[78,101],"product_tag":[],"class_list":{"0":"post-11090","1":"product","2":"type-product","3":"status-publish","4":"has-post-thumbnail","6":"product_cat-cuisiner","7":"product_cat-hotte-daspiration","9":"first","10":"outofstock","11":"taxable","12":"shipping-taxable","13":"purchasable","14":"product-type-simple"},"_links":{"self":[{"href":"https:\/\/whs.lu\/fr\/wp-json\/wp\/v2\/product\/11090","targetHints":{"allow":["GET"]}}],"collection":[{"href":"https:\/\/whs.lu\/fr\/wp-json\/wp\/v2\/product"}],"about":[{"href":"https:\/\/whs.lu\/fr\/wp-json\/wp\/v2\/types\/product"}],"replies":[{"embeddable":true,"href":"https:\/\/whs.lu\/fr\/wp-json\/wp\/v2\/comments?post=11090"}],"wp:featuredmedia":[{"embeddable":true,"href":"https:\/\/whs.lu\/fr\/wp-json\/wp\/v2\/media\/8940"}],"wp:attachment":[{"href":"https:\/\/whs.lu\/fr\/wp-json\/wp\/v2\/media?parent=11090"}],"wp:term":[{"taxonomy":"product_brand","embeddable":true,"href":"https:\/\/whs.lu\/fr\/wp-json\/wp\/v2\/product_brand?post=11090"},{"taxonomy":"product_cat","embeddable":true,"href":"https:\/\/whs.lu\/fr\/wp-json\/wp\/v2\/product_cat?post=11090"},{"taxonomy":"product_tag","embeddable":true,"href":"https:\/\/whs.lu\/fr\/wp-json\/wp\/v2\/product_tag?post=11090"}],"curies":[{"name":"wp","href":"https:\/\/api.w.org\/{rel}","templated":true}]}}