{"id":11091,"date":"2024-10-30T11:45:55","date_gmt":"2024-10-30T10:45:55","guid":{"rendered":"https:\/\/whs.lu\/product\/siemens-iq500-ki86shdd0-refrigerateur-congelateur-encastrable-1772-cm\/"},"modified":"2024-10-30T11:45:55","modified_gmt":"2024-10-30T10:45:55","slug":"siemens-iq500-ki86shdd0-refrigerateur-congelateur-encastrable-1772-cm","status":"publish","type":"product","link":"https:\/\/whs.lu\/fr\/product\/siemens-iq500-ki86shdd0-refrigerateur-congelateur-encastrable-1772-cm\/","title":{"rendered":"SIEMENS IQ500 KI86SHDD0 R\u00e9frig\u00e9rateur-cong\u00e9lateur encastrable 177,2 cm"},"content":{"rendered":"","protected":false},"excerpt":{"rendered":"<ul>\n<li>Classe d&rsquo;efficacit\u00e9 \u00e9nerg\u00e9tique D<\/li>\n<li>Hauteur : 177,2 cm \/ Largeur : 55,8 cm<\/li>\n<li>Conserve les fruits et l\u00e9gumes frais et croquants jusqu&rsquo;\u00e0 2x plus longtemps &#8211; hyperFresh Plus<\/li>\n<li>La r\u00e9duction de la formation de givre permet d&rsquo;\u00e9conomiser de l&rsquo;\u00e9nergie et du travail lors du d\u00e9givrage &#8211; lowFrost<\/li>\n<li>\u00c9claire le r\u00e9frig\u00e9rateur pour une bonne vue d&rsquo;ensemble &#8211; \u00c9clairage LED<\/li>\n<li>La bigBox offre beaucoup d&rsquo;espace pour stocker et empiler de mani\u00e8re optimale les grands produits congel\u00e9s.<\/li>\n<li>La porte se ferme automatiquement et en douceur lorsque l&rsquo;angle d&rsquo;ouverture est de 20\u00b0 maximum &#8211; porte softClosing<\/li>\n<\/ul>\n","protected":false},"featured_media":8925,"comment_status":"open","ping_status":"closed","template":"","meta":{"_et_pb_use_builder":"","_et_pb_old_content":"","_et_gb_content_width":"","inline_featured_image":false},"product_brand":[],"product_cat":[79],"product_tag":[],"class_list":{"0":"post-11091","1":"product","2":"type-product","3":"status-publish","4":"has-post-thumbnail","6":"product_cat-refrigerer","8":"first","9":"instock","10":"taxable","11":"shipping-taxable","12":"purchasable","13":"product-type-simple"},"_links":{"self":[{"href":"https:\/\/whs.lu\/fr\/wp-json\/wp\/v2\/product\/11091","targetHints":{"allow":["GET"]}}],"collection":[{"href":"https:\/\/whs.lu\/fr\/wp-json\/wp\/v2\/product"}],"about":[{"href":"https:\/\/whs.lu\/fr\/wp-json\/wp\/v2\/types\/product"}],"replies":[{"embeddable":true,"href":"https:\/\/whs.lu\/fr\/wp-json\/wp\/v2\/comments?post=11091"}],"wp:featuredmedia":[{"embeddable":true,"href":"https:\/\/whs.lu\/fr\/wp-json\/wp\/v2\/media\/8925"}],"wp:attachment":[{"href":"https:\/\/whs.lu\/fr\/wp-json\/wp\/v2\/media?parent=11091"}],"wp:term":[{"taxonomy":"product_brand","embeddable":true,"href":"https:\/\/whs.lu\/fr\/wp-json\/wp\/v2\/product_brand?post=11091"},{"taxonomy":"product_cat","embeddable":true,"href":"https:\/\/whs.lu\/fr\/wp-json\/wp\/v2\/product_cat?post=11091"},{"taxonomy":"product_tag","embeddable":true,"href":"https:\/\/whs.lu\/fr\/wp-json\/wp\/v2\/product_tag?post=11091"}],"curies":[{"name":"wp","href":"https:\/\/api.w.org\/{rel}","templated":true}]}}