{"id":11093,"date":"2024-10-30T11:55:46","date_gmt":"2024-10-30T10:55:46","guid":{"rendered":"https:\/\/whs.lu\/product\/siemens-iq700-ex875lyc1e-table-de-cuisson-a-induction-design-a-facettes-80-cm\/"},"modified":"2024-10-30T11:55:46","modified_gmt":"2024-10-30T10:55:46","slug":"siemens-iq700-ex875lyc1e-table-de-cuisson-a-induction-design-a-facettes-80-cm","status":"publish","type":"product","link":"https:\/\/whs.lu\/fr\/product\/siemens-iq700-ex875lyc1e-table-de-cuisson-a-induction-design-a-facettes-80-cm\/","title":{"rendered":"SIEMENS IQ700 EX875LYC1E Table de cuisson \u00e0 induction Design \u00e0 facettes 80 cm"},"content":{"rendered":"","protected":false},"excerpt":{"rendered":"<ul>\n<li>Dimensions de l&rsquo;appareil (H x L x P) 51x812x520 mm<\/li>\n<li>Dual lightSlider &#8211; utilisation simple et intuitive gr\u00e2ce \u00e0 une interface utilisateur claire<\/li>\n<li>Capteur de cuisson Plus &#8211; plus jamais de plats br\u00fbl\u00e9s<\/li>\n<li>PowerMove Plus : changez facilement de niveau de puissance en d\u00e9pla\u00e7ant votre ustensile de cuisine pendant la cuisson.<\/li>\n<li>VarioMotion : M\u00e9morise les r\u00e9glages de chauffage pour les casseroles et po\u00eales individuelles, tout en les d\u00e9pla\u00e7ant \u00e0 volont\u00e9 sur la table de cuisson.<\/li>\n<li>PowerBoost &#8211; Augmentez la puissance des zones d&rsquo;induction individuelles jusqu&rsquo;\u00e0 50%.<\/li>\n<\/ul>\n","protected":false},"featured_media":8931,"comment_status":"open","ping_status":"closed","template":"","meta":{"_et_pb_use_builder":"","_et_pb_old_content":"","_et_gb_content_width":"","inline_featured_image":false},"product_brand":[],"product_cat":[78,99],"product_tag":[],"class_list":{"0":"post-11093","1":"product","2":"type-product","3":"status-publish","4":"has-post-thumbnail","6":"product_cat-cuisiner","7":"product_cat-plaque-de-cuisson","9":"first","10":"outofstock","11":"taxable","12":"shipping-taxable","13":"purchasable","14":"product-type-simple"},"_links":{"self":[{"href":"https:\/\/whs.lu\/fr\/wp-json\/wp\/v2\/product\/11093","targetHints":{"allow":["GET"]}}],"collection":[{"href":"https:\/\/whs.lu\/fr\/wp-json\/wp\/v2\/product"}],"about":[{"href":"https:\/\/whs.lu\/fr\/wp-json\/wp\/v2\/types\/product"}],"replies":[{"embeddable":true,"href":"https:\/\/whs.lu\/fr\/wp-json\/wp\/v2\/comments?post=11093"}],"wp:featuredmedia":[{"embeddable":true,"href":"https:\/\/whs.lu\/fr\/wp-json\/wp\/v2\/media\/8931"}],"wp:attachment":[{"href":"https:\/\/whs.lu\/fr\/wp-json\/wp\/v2\/media?parent=11093"}],"wp:term":[{"taxonomy":"product_brand","embeddable":true,"href":"https:\/\/whs.lu\/fr\/wp-json\/wp\/v2\/product_brand?post=11093"},{"taxonomy":"product_cat","embeddable":true,"href":"https:\/\/whs.lu\/fr\/wp-json\/wp\/v2\/product_cat?post=11093"},{"taxonomy":"product_tag","embeddable":true,"href":"https:\/\/whs.lu\/fr\/wp-json\/wp\/v2\/product_tag?post=11093"}],"curies":[{"name":"wp","href":"https:\/\/api.w.org\/{rel}","templated":true}]}}