{"id":11094,"date":"2024-10-30T11:37:05","date_gmt":"2024-10-30T10:37:05","guid":{"rendered":"https:\/\/whs.lu\/product\/siemens-iq300-gs36ngxev-congelateur-independant-186-cm\/"},"modified":"2024-11-25T15:33:17","modified_gmt":"2024-11-25T14:33:17","slug":"siemens-iq300-gs36ngxev-congelateur-independant-186-cm","status":"publish","type":"product","link":"https:\/\/whs.lu\/fr\/product\/siemens-iq300-gs36ngxev-congelateur-independant-186-cm\/","title":{"rendered":"SIEMENS IQ300 GS36NGXEV Cong\u00e9lateur ind\u00e9pendant 186 cm"},"content":{"rendered":"","protected":false},"excerpt":{"rendered":"<ul>\n<li>Classe d&rsquo;efficacit\u00e9 \u00e9nerg\u00e9tique E<\/li>\n<li>Hauteur : 186 cm \/ Largeur : 60cm<\/li>\n<li>NoFrost : plus jamais de d\u00e9givrage<\/li>\n<li>VarioZone : les tiroirs et les \u00e9tag\u00e8res en verre peuvent \u00eatre facilement r\u00e9organis\u00e9s pour une utilisation flexible de l&rsquo;espace dans votre cong\u00e9lateur.<\/li>\n<li>multiAirflow : variations de temp\u00e9rature minimales et temps de refroidissement r\u00e9duits pour une fra\u00eecheur prolong\u00e9e<\/li>\n<\/ul>\n","protected":false},"featured_media":8922,"comment_status":"open","ping_status":"closed","template":"","meta":{"_et_pb_use_builder":"","_et_pb_old_content":"","_et_gb_content_width":"","inline_featured_image":false},"product_brand":[],"product_cat":[79],"product_tag":[],"class_list":{"0":"post-11094","1":"product","2":"type-product","3":"status-publish","4":"has-post-thumbnail","6":"product_cat-refrigerer","8":"first","9":"instock","10":"taxable","11":"shipping-taxable","12":"purchasable","13":"product-type-simple"},"_links":{"self":[{"href":"https:\/\/whs.lu\/fr\/wp-json\/wp\/v2\/product\/11094","targetHints":{"allow":["GET"]}}],"collection":[{"href":"https:\/\/whs.lu\/fr\/wp-json\/wp\/v2\/product"}],"about":[{"href":"https:\/\/whs.lu\/fr\/wp-json\/wp\/v2\/types\/product"}],"replies":[{"embeddable":true,"href":"https:\/\/whs.lu\/fr\/wp-json\/wp\/v2\/comments?post=11094"}],"wp:featuredmedia":[{"embeddable":true,"href":"https:\/\/whs.lu\/fr\/wp-json\/wp\/v2\/media\/8922"}],"wp:attachment":[{"href":"https:\/\/whs.lu\/fr\/wp-json\/wp\/v2\/media?parent=11094"}],"wp:term":[{"taxonomy":"product_brand","embeddable":true,"href":"https:\/\/whs.lu\/fr\/wp-json\/wp\/v2\/product_brand?post=11094"},{"taxonomy":"product_cat","embeddable":true,"href":"https:\/\/whs.lu\/fr\/wp-json\/wp\/v2\/product_cat?post=11094"},{"taxonomy":"product_tag","embeddable":true,"href":"https:\/\/whs.lu\/fr\/wp-json\/wp\/v2\/product_tag?post=11094"}],"curies":[{"name":"wp","href":"https:\/\/api.w.org\/{rel}","templated":true}]}}