{"id":11096,"date":"2024-10-30T10:49:06","date_gmt":"2024-10-30T09:49:06","guid":{"rendered":"https:\/\/whs.lu\/product\/siemens-iq500-ki82redd0-refrigerateur-encastrable-1775-cm\/"},"modified":"2024-10-30T10:49:06","modified_gmt":"2024-10-30T09:49:06","slug":"siemens-iq500-ki82redd0-refrigerateur-encastrable-1775-cm","status":"publish","type":"product","link":"https:\/\/whs.lu\/fr\/product\/siemens-iq500-ki82redd0-refrigerateur-encastrable-1775-cm\/","title":{"rendered":"SIEMENS IQ500 KI82REDD0 R\u00e9frig\u00e9rateur encastrable 177,5 cm"},"content":{"rendered":"","protected":false},"excerpt":{"rendered":"<ul>\n<li>Classe d&rsquo;efficacit\u00e9 \u00e9nerg\u00e9tique D<\/li>\n<li>Hauteur : 177,5 cm \/ Largeur : 56 cm<\/li>\n<li>  HyperFresh 0\u00b0C : plus d&rsquo;espace pour les fruits et l\u00e9gumes. Et un environnement particuli\u00e8rement froid pour le poisson et la viande <\/li>\n<li>Lumi\u00e8re LED : un aper\u00e7u rapide du contenu de votre r\u00e9frig\u00e9rateur gr\u00e2ce \u00e0 un \u00e9clairage clair et uniforme<\/li>\n<li>Alarme de porte : pour garder la porte ferm\u00e9e et le froid \u00e0 l&rsquo;int\u00e9rieur<\/li>\n<li>BottleRack : ranger les bouteilles en toute s\u00e9curit\u00e9 et \u00e0 port\u00e9e de main<\/li>\n<li>Tablettes SafetyGlas : verre de s\u00e9curit\u00e9 extra-r\u00e9sistant et facile \u00e0 nettoyer<\/li>\n<li>AutoAirflow : circulation optimale de l&rsquo;air et refroidissement uniforme \u00e0 tous les niveaux pour une fra\u00eecheur prolong\u00e9e<\/li>\n<\/ul>\n","protected":false},"featured_media":8916,"comment_status":"open","ping_status":"closed","template":"","meta":{"_et_pb_use_builder":"","_et_pb_old_content":"","_et_gb_content_width":"","inline_featured_image":false},"product_brand":[],"product_cat":[79],"product_tag":[],"class_list":{"0":"post-11096","1":"product","2":"type-product","3":"status-publish","4":"has-post-thumbnail","6":"product_cat-refrigerer","8":"first","9":"instock","10":"taxable","11":"shipping-taxable","12":"purchasable","13":"product-type-simple"},"_links":{"self":[{"href":"https:\/\/whs.lu\/fr\/wp-json\/wp\/v2\/product\/11096","targetHints":{"allow":["GET"]}}],"collection":[{"href":"https:\/\/whs.lu\/fr\/wp-json\/wp\/v2\/product"}],"about":[{"href":"https:\/\/whs.lu\/fr\/wp-json\/wp\/v2\/types\/product"}],"replies":[{"embeddable":true,"href":"https:\/\/whs.lu\/fr\/wp-json\/wp\/v2\/comments?post=11096"}],"wp:featuredmedia":[{"embeddable":true,"href":"https:\/\/whs.lu\/fr\/wp-json\/wp\/v2\/media\/8916"}],"wp:attachment":[{"href":"https:\/\/whs.lu\/fr\/wp-json\/wp\/v2\/media?parent=11096"}],"wp:term":[{"taxonomy":"product_brand","embeddable":true,"href":"https:\/\/whs.lu\/fr\/wp-json\/wp\/v2\/product_brand?post=11096"},{"taxonomy":"product_cat","embeddable":true,"href":"https:\/\/whs.lu\/fr\/wp-json\/wp\/v2\/product_cat?post=11096"},{"taxonomy":"product_tag","embeddable":true,"href":"https:\/\/whs.lu\/fr\/wp-json\/wp\/v2\/product_tag?post=11096"}],"curies":[{"name":"wp","href":"https:\/\/api.w.org\/{rel}","templated":true}]}}