{"id":11103,"date":"2024-10-30T10:16:53","date_gmt":"2024-10-30T09:16:53","guid":{"rendered":"https:\/\/whs.lu\/product\/siemens-iq500-ki32ladd1-refrigerateur-congelateur-encastrable-1025-cm\/"},"modified":"2024-10-30T10:16:53","modified_gmt":"2024-10-30T09:16:53","slug":"siemens-iq500-ki32ladd1-refrigerateur-congelateur-encastrable-1025-cm","status":"publish","type":"product","link":"https:\/\/whs.lu\/fr\/product\/siemens-iq500-ki32ladd1-refrigerateur-congelateur-encastrable-1025-cm\/","title":{"rendered":"SIEMENS IQ500 KI32LADD1 R\u00e9frig\u00e9rateur-cong\u00e9lateur encastrable 102,5 cm"},"content":{"rendered":"","protected":false},"excerpt":{"rendered":"<ul>\n<li>Classe d&rsquo;efficacit\u00e9 \u00e9nerg\u00e9tique D<\/li>\n<li>Hauteur : 102,5 cm \/ Largeur : 56 cm<\/li>\n<li>HyperFresh : le tiroir extra-large pour les fruits et l\u00e9gumes<\/li>\n<li>Lumi\u00e8re LED : un aper\u00e7u rapide du contenu de votre r\u00e9frig\u00e9rateur gr\u00e2ce \u00e0 un \u00e9clairage clair et uniforme<\/li>\n<li>La porte se ferme automatiquement et en douceur lorsque l&rsquo;angle d&rsquo;ouverture est de 20\u00b0 maximum &#8211; porte softClosing<\/li>\n<li>SuperCooling : abaisse la temp\u00e9rature pendant une dur\u00e9e d\u00e9termin\u00e9e pour refroidir rapidement les aliments frais<\/li>\n<li>Tablettes SafetyGlas : verre de s\u00e9curit\u00e9 extra-r\u00e9sistant et facile \u00e0 nettoyer<\/li>\n<li>AutoAirflow : circulation optimale de l&rsquo;air et refroidissement uniforme \u00e0 tous les niveaux pour une fra\u00eecheur prolong\u00e9e<\/li>\n<\/ul>\n","protected":false},"featured_media":8901,"comment_status":"open","ping_status":"closed","template":"","meta":{"_et_pb_use_builder":"","_et_pb_old_content":"","_et_gb_content_width":"","inline_featured_image":false},"product_brand":[],"product_cat":[79],"product_tag":[],"class_list":{"0":"post-11103","1":"product","2":"type-product","3":"status-publish","4":"has-post-thumbnail","6":"product_cat-refrigerer","8":"first","9":"outofstock","10":"taxable","11":"shipping-taxable","12":"purchasable","13":"product-type-simple"},"_links":{"self":[{"href":"https:\/\/whs.lu\/fr\/wp-json\/wp\/v2\/product\/11103","targetHints":{"allow":["GET"]}}],"collection":[{"href":"https:\/\/whs.lu\/fr\/wp-json\/wp\/v2\/product"}],"about":[{"href":"https:\/\/whs.lu\/fr\/wp-json\/wp\/v2\/types\/product"}],"replies":[{"embeddable":true,"href":"https:\/\/whs.lu\/fr\/wp-json\/wp\/v2\/comments?post=11103"}],"wp:featuredmedia":[{"embeddable":true,"href":"https:\/\/whs.lu\/fr\/wp-json\/wp\/v2\/media\/8901"}],"wp:attachment":[{"href":"https:\/\/whs.lu\/fr\/wp-json\/wp\/v2\/media?parent=11103"}],"wp:term":[{"taxonomy":"product_brand","embeddable":true,"href":"https:\/\/whs.lu\/fr\/wp-json\/wp\/v2\/product_brand?post=11103"},{"taxonomy":"product_cat","embeddable":true,"href":"https:\/\/whs.lu\/fr\/wp-json\/wp\/v2\/product_cat?post=11103"},{"taxonomy":"product_tag","embeddable":true,"href":"https:\/\/whs.lu\/fr\/wp-json\/wp\/v2\/product_tag?post=11103"}],"curies":[{"name":"wp","href":"https:\/\/api.w.org\/{rel}","templated":true}]}}