{"id":11104,"date":"2024-10-30T09:42:52","date_gmt":"2024-10-30T08:42:52","guid":{"rendered":"https:\/\/whs.lu\/product\/siemens-iq500-sx65ex12ce-lave-vaisselle-entierement-integre-xxl\/"},"modified":"2024-10-30T09:42:52","modified_gmt":"2024-10-30T08:42:52","slug":"siemens-iq500-sx65ex12ce-lave-vaisselle-entierement-integre-xxl","status":"publish","type":"product","link":"https:\/\/whs.lu\/fr\/product\/siemens-iq500-sx65ex12ce-lave-vaisselle-entierement-integre-xxl\/","title":{"rendered":"SIEMENS IQ500 SX65EX12CE Lave-vaisselle enti\u00e8rement int\u00e9gr\u00e9 XXL"},"content":{"rendered":"","protected":false},"excerpt":{"rendered":"<ul>\n<li>Classe d&rsquo;efficacit\u00e9 \u00e9nerg\u00e9tique A<\/li>\n<li>XXL 86,5- \u00e0 92,5 cm \/ Largeur : 59,8 cm<\/li>\n<li>VarioSpeed Plus : Lavage et s\u00e9chage de la vaisselle jusqu&rsquo;\u00e0 trois fois plus rapide<\/li>\n<li>AutoOpen dry : l&rsquo;ouverture automatique de la porte pour des r\u00e9sultats de s\u00e9chage tr\u00e8s efficaces<\/li>\n<li>Pour un grand confort d&rsquo;utilisation, une protection efficace des verres et un chargement et un d\u00e9chargement rapides &#8211; paniers et tiroirs flexComfort<\/li>\n<li>GlassZone : la zone sp\u00e9ciale qui prot\u00e8ge vos verres<\/li>\n<li>TimeLight : toutes les informations importantes sont projet\u00e9es sur le sol<\/li>\n<\/ul>\n","protected":false},"featured_media":8889,"comment_status":"open","ping_status":"closed","template":"","meta":{"_et_pb_use_builder":"","_et_pb_old_content":"","_et_gb_content_width":"","inline_featured_image":false},"product_brand":[],"product_cat":[75],"product_tag":[],"class_list":{"0":"post-11104","1":"product","2":"type-product","3":"status-publish","4":"has-post-thumbnail","6":"product_cat-lave-vaisselle","8":"first","9":"onbackorder","10":"taxable","11":"shipping-taxable","12":"purchasable","13":"product-type-simple"},"_links":{"self":[{"href":"https:\/\/whs.lu\/fr\/wp-json\/wp\/v2\/product\/11104","targetHints":{"allow":["GET"]}}],"collection":[{"href":"https:\/\/whs.lu\/fr\/wp-json\/wp\/v2\/product"}],"about":[{"href":"https:\/\/whs.lu\/fr\/wp-json\/wp\/v2\/types\/product"}],"replies":[{"embeddable":true,"href":"https:\/\/whs.lu\/fr\/wp-json\/wp\/v2\/comments?post=11104"}],"wp:featuredmedia":[{"embeddable":true,"href":"https:\/\/whs.lu\/fr\/wp-json\/wp\/v2\/media\/8889"}],"wp:attachment":[{"href":"https:\/\/whs.lu\/fr\/wp-json\/wp\/v2\/media?parent=11104"}],"wp:term":[{"taxonomy":"product_brand","embeddable":true,"href":"https:\/\/whs.lu\/fr\/wp-json\/wp\/v2\/product_brand?post=11104"},{"taxonomy":"product_cat","embeddable":true,"href":"https:\/\/whs.lu\/fr\/wp-json\/wp\/v2\/product_cat?post=11104"},{"taxonomy":"product_tag","embeddable":true,"href":"https:\/\/whs.lu\/fr\/wp-json\/wp\/v2\/product_tag?post=11104"}],"curies":[{"name":"wp","href":"https:\/\/api.w.org\/{rel}","templated":true}]}}