{"id":11106,"date":"2024-10-30T09:17:04","date_gmt":"2024-10-30T08:17:04","guid":{"rendered":"https:\/\/whs.lu\/product\/siemens-iq500-wq33g2c90-seche-linge-avec-pompe-a-chaleur-a-8-kg\/"},"modified":"2024-10-30T09:17:04","modified_gmt":"2024-10-30T08:17:04","slug":"siemens-iq500-wq33g2c90-seche-linge-avec-pompe-a-chaleur-a-8-kg","status":"publish","type":"product","link":"https:\/\/whs.lu\/fr\/product\/siemens-iq500-wq33g2c90-seche-linge-avec-pompe-a-chaleur-a-8-kg\/","title":{"rendered":"SIEMENS IQ500 WQ33G2C90 S\u00e8che-linge avec pompe \u00e0 chaleur : A+++ \/ 8 kg"},"content":{"rendered":"","protected":false},"excerpt":{"rendered":"<ul>\n<li>Classe d&rsquo;efficacit\u00e9 \u00e9nerg\u00e9tique A+++<\/li>\n<li>Charge maximale de 8 kg<\/li>\n<li>SmartFinish : d\u00e9froisse les v\u00eatements froiss\u00e9s pour r\u00e9duire le temps pass\u00e9 sur la planche \u00e0 repasser<\/li>\n<li>Grand \u00e9cran LED : toutes les options et fonctions sont visibles et faciles \u00e0 utiliser.<\/li>\n<li>AutoDry : s\u00e9chage doux et pr\u00e9cis et protection de vos v\u00eatements<\/li>\n<li>Programme Outdoor : s\u00e8che de mani\u00e8re s\u00fbre et fiable m\u00eame les v\u00eatements d&rsquo;ext\u00e9rieur hydrofuges<\/li>\n<\/ul>\n","protected":false},"featured_media":8880,"comment_status":"open","ping_status":"closed","template":"","meta":{"_et_pb_use_builder":"","_et_pb_old_content":"","_et_gb_content_width":"","inline_featured_image":false},"product_brand":[],"product_cat":[88,89],"product_tag":[],"class_list":{"0":"post-11106","1":"product","2":"type-product","3":"status-publish","4":"has-post-thumbnail","6":"product_cat-laver","7":"product_cat-seche-linge","9":"first","10":"instock","11":"taxable","12":"shipping-taxable","13":"purchasable","14":"product-type-simple"},"_links":{"self":[{"href":"https:\/\/whs.lu\/fr\/wp-json\/wp\/v2\/product\/11106","targetHints":{"allow":["GET"]}}],"collection":[{"href":"https:\/\/whs.lu\/fr\/wp-json\/wp\/v2\/product"}],"about":[{"href":"https:\/\/whs.lu\/fr\/wp-json\/wp\/v2\/types\/product"}],"replies":[{"embeddable":true,"href":"https:\/\/whs.lu\/fr\/wp-json\/wp\/v2\/comments?post=11106"}],"wp:featuredmedia":[{"embeddable":true,"href":"https:\/\/whs.lu\/fr\/wp-json\/wp\/v2\/media\/8880"}],"wp:attachment":[{"href":"https:\/\/whs.lu\/fr\/wp-json\/wp\/v2\/media?parent=11106"}],"wp:term":[{"taxonomy":"product_brand","embeddable":true,"href":"https:\/\/whs.lu\/fr\/wp-json\/wp\/v2\/product_brand?post=11106"},{"taxonomy":"product_cat","embeddable":true,"href":"https:\/\/whs.lu\/fr\/wp-json\/wp\/v2\/product_cat?post=11106"},{"taxonomy":"product_tag","embeddable":true,"href":"https:\/\/whs.lu\/fr\/wp-json\/wp\/v2\/product_tag?post=11106"}],"curies":[{"name":"wp","href":"https:\/\/api.w.org\/{rel}","templated":true}]}}