{"id":11107,"date":"2024-10-30T09:25:52","date_gmt":"2024-10-30T08:25:52","guid":{"rendered":"https:\/\/whs.lu\/product\/siemens-iq300-sn53es02bd-lave-vaisselle-partiellement-integre\/"},"modified":"2025-08-01T00:00:05","modified_gmt":"2025-07-31T22:00:05","slug":"siemens-iq300-sn53es02bd-lave-vaisselle-partiellement-integre","status":"publish","type":"product","link":"https:\/\/whs.lu\/fr\/product\/siemens-iq300-sn53es02bd-lave-vaisselle-partiellement-integre\/","title":{"rendered":"SIEMENS IQ300 SN53ES02BD Lave-vaisselle partiellement int\u00e9gr\u00e9"},"content":{"rendered":"","protected":false},"excerpt":{"rendered":"<ul>\n<li>Classe d&rsquo;efficacit\u00e9 \u00e9nerg\u00e9tique A<\/li>\n<li>Hauteur : 81,5- \u00e0 87,5 cm \/ Largeur : 59,8 cm<\/li>\n<li>VarioSpeed Plus : Lavage et s\u00e9chage de la vaisselle jusqu&rsquo;\u00e0 trois fois plus rapide<\/li>\n<li>AutoOpen dry : l&rsquo;ouverture automatique de la porte pour des r\u00e9sultats de s\u00e9chage tr\u00e8s efficaces<\/li>\n<li>Pour un grand confort d&rsquo;utilisation, une protection efficace des verres et un chargement et un d\u00e9chargement rapides &#8211; paniers et tiroirs flexComfort<\/li>\n<li>GlassZone : la zone sp\u00e9ciale qui prot\u00e8ge vos verres<\/li>\n<li>T\u00e9l\u00e9chargement de programmes : pour que votre lave-vaisselle Home Connect reste \u00e0 jour<\/li>\n<\/ul>\n","protected":false},"featured_media":8883,"comment_status":"open","ping_status":"closed","template":"","meta":{"_et_pb_use_builder":"","_et_pb_old_content":"","_et_gb_content_width":"","inline_featured_image":false},"product_brand":[],"product_cat":[75,74],"product_tag":[],"class_list":{"0":"post-11107","1":"product","2":"type-product","3":"status-publish","4":"has-post-thumbnail","6":"product_cat-lave-vaisselle","7":"product_cat-prix-promotionnels","9":"first","10":"outofstock","11":"taxable","12":"shipping-taxable","13":"purchasable","14":"product-type-simple"},"_links":{"self":[{"href":"https:\/\/whs.lu\/fr\/wp-json\/wp\/v2\/product\/11107","targetHints":{"allow":["GET"]}}],"collection":[{"href":"https:\/\/whs.lu\/fr\/wp-json\/wp\/v2\/product"}],"about":[{"href":"https:\/\/whs.lu\/fr\/wp-json\/wp\/v2\/types\/product"}],"replies":[{"embeddable":true,"href":"https:\/\/whs.lu\/fr\/wp-json\/wp\/v2\/comments?post=11107"}],"wp:featuredmedia":[{"embeddable":true,"href":"https:\/\/whs.lu\/fr\/wp-json\/wp\/v2\/media\/8883"}],"wp:attachment":[{"href":"https:\/\/whs.lu\/fr\/wp-json\/wp\/v2\/media?parent=11107"}],"wp:term":[{"taxonomy":"product_brand","embeddable":true,"href":"https:\/\/whs.lu\/fr\/wp-json\/wp\/v2\/product_brand?post=11107"},{"taxonomy":"product_cat","embeddable":true,"href":"https:\/\/whs.lu\/fr\/wp-json\/wp\/v2\/product_cat?post=11107"},{"taxonomy":"product_tag","embeddable":true,"href":"https:\/\/whs.lu\/fr\/wp-json\/wp\/v2\/product_tag?post=11107"}],"curies":[{"name":"wp","href":"https:\/\/api.w.org\/{rel}","templated":true}]}}