{"id":11109,"date":"2024-10-30T09:04:38","date_gmt":"2024-10-30T08:04:38","guid":{"rendered":"https:\/\/whs.lu\/product\/siemens-iq500-wg44g2190-lave-linge-a-9-kg\/"},"modified":"2024-10-30T09:04:38","modified_gmt":"2024-10-30T08:04:38","slug":"siemens-iq500-wg44g2190-lave-linge-a-9-kg","status":"publish","type":"product","link":"https:\/\/whs.lu\/fr\/product\/siemens-iq500-wg44g2190-lave-linge-a-9-kg\/","title":{"rendered":"SIEMENS IQ500 WG44G2190 Lave-linge : A \/ 9 kg"},"content":{"rendered":"","protected":false},"excerpt":{"rendered":"<ul>\n<li>Classe d&rsquo;efficacit\u00e9 \u00e9nerg\u00e9tique A<\/li>\n<li>9 kg \/ 1400 tr\/min<\/li>\n<li>SpeedPack L : acc\u00e9l\u00e9rez les programmes ou lavez en seulement 15 minutes. Vous avez le choix <\/li>\n<li>Syst\u00e8me anti-taches : \u00e9limine quatre types de taches tenaces sans traitement pr\u00e9alable.<\/li>\n<li>Programme Outdoor\/Impr\u00e9gnation : nettoyage en douceur des textiles, coutures et membranes hydrofuges<\/li>\n<li>Garantie iQdrive de 10 ans : efficace, durable et silencieux avec garantie<\/li>\n<\/ul>\n","protected":false},"featured_media":8874,"comment_status":"open","ping_status":"closed","template":"","meta":{"_et_pb_use_builder":"","_et_pb_old_content":"","_et_gb_content_width":"","inline_featured_image":false},"product_brand":[],"product_cat":[91,88],"product_tag":[],"class_list":{"0":"post-11109","1":"product","2":"type-product","3":"status-publish","4":"has-post-thumbnail","6":"product_cat-lave-linge","7":"product_cat-laver","9":"first","10":"outofstock","11":"taxable","12":"shipping-taxable","13":"purchasable","14":"product-type-simple"},"_links":{"self":[{"href":"https:\/\/whs.lu\/fr\/wp-json\/wp\/v2\/product\/11109","targetHints":{"allow":["GET"]}}],"collection":[{"href":"https:\/\/whs.lu\/fr\/wp-json\/wp\/v2\/product"}],"about":[{"href":"https:\/\/whs.lu\/fr\/wp-json\/wp\/v2\/types\/product"}],"replies":[{"embeddable":true,"href":"https:\/\/whs.lu\/fr\/wp-json\/wp\/v2\/comments?post=11109"}],"wp:featuredmedia":[{"embeddable":true,"href":"https:\/\/whs.lu\/fr\/wp-json\/wp\/v2\/media\/8874"}],"wp:attachment":[{"href":"https:\/\/whs.lu\/fr\/wp-json\/wp\/v2\/media?parent=11109"}],"wp:term":[{"taxonomy":"product_brand","embeddable":true,"href":"https:\/\/whs.lu\/fr\/wp-json\/wp\/v2\/product_brand?post=11109"},{"taxonomy":"product_cat","embeddable":true,"href":"https:\/\/whs.lu\/fr\/wp-json\/wp\/v2\/product_cat?post=11109"},{"taxonomy":"product_tag","embeddable":true,"href":"https:\/\/whs.lu\/fr\/wp-json\/wp\/v2\/product_tag?post=11109"}],"curies":[{"name":"wp","href":"https:\/\/api.w.org\/{rel}","templated":true}]}}