{"id":11110,"date":"2024-10-30T09:11:20","date_gmt":"2024-10-30T08:11:20","guid":{"rendered":"https:\/\/whs.lu\/product\/siemens-iq500-wq33g2d175-seche-linge-avec-pompe-a-chaleur-a-8-kg\/"},"modified":"2024-10-30T09:11:20","modified_gmt":"2024-10-30T08:11:20","slug":"siemens-iq500-wq33g2d175-seche-linge-avec-pompe-a-chaleur-a-8-kg","status":"publish","type":"product","link":"https:\/\/whs.lu\/fr\/product\/siemens-iq500-wq33g2d175-seche-linge-avec-pompe-a-chaleur-a-8-kg\/","title":{"rendered":"SIEMENS IQ500 WQ33G2D175 S\u00e8che-linge avec pompe \u00e0 chaleur : A+++ \/ 8 kg"},"content":{"rendered":"","protected":false},"excerpt":{"rendered":"<ul>\n<li>Classe d&rsquo;efficacit\u00e9 \u00e9nerg\u00e9tique A+++<\/li>\n<li>Charge maximale de 8 kg<\/li>\n<li>Demi-charge : La dur\u00e9e du programme affich\u00e9e est adapt\u00e9e \u00e0 la quantit\u00e9 de charge r\u00e9duite.<\/li>\n<li>Grand \u00e9cran LED : toutes les options et fonctions sont visibles et faciles \u00e0 utiliser.<\/li>\n<li>SpeedPack : gagnez du temps avec nos s\u00e9choirs rapides et tr\u00e8s efficaces<\/li>\n<li>AutoDry : s\u00e9chage doux et pr\u00e9cis et protection de vos v\u00eatements<\/li>\n<\/ul>\n","protected":false},"featured_media":8877,"comment_status":"open","ping_status":"closed","template":"","meta":{"_et_pb_use_builder":"","_et_pb_old_content":"","_et_gb_content_width":"","inline_featured_image":false},"product_brand":[],"product_cat":[88,74,89],"product_tag":[],"class_list":{"0":"post-11110","1":"product","2":"type-product","3":"status-publish","4":"has-post-thumbnail","6":"product_cat-laver","7":"product_cat-prix-promotionnels","8":"product_cat-seche-linge","10":"first","11":"instock","12":"sale","13":"taxable","14":"shipping-taxable","15":"purchasable","16":"product-type-simple"},"_links":{"self":[{"href":"https:\/\/whs.lu\/fr\/wp-json\/wp\/v2\/product\/11110","targetHints":{"allow":["GET"]}}],"collection":[{"href":"https:\/\/whs.lu\/fr\/wp-json\/wp\/v2\/product"}],"about":[{"href":"https:\/\/whs.lu\/fr\/wp-json\/wp\/v2\/types\/product"}],"replies":[{"embeddable":true,"href":"https:\/\/whs.lu\/fr\/wp-json\/wp\/v2\/comments?post=11110"}],"wp:featuredmedia":[{"embeddable":true,"href":"https:\/\/whs.lu\/fr\/wp-json\/wp\/v2\/media\/8877"}],"wp:attachment":[{"href":"https:\/\/whs.lu\/fr\/wp-json\/wp\/v2\/media?parent=11110"}],"wp:term":[{"taxonomy":"product_brand","embeddable":true,"href":"https:\/\/whs.lu\/fr\/wp-json\/wp\/v2\/product_brand?post=11110"},{"taxonomy":"product_cat","embeddable":true,"href":"https:\/\/whs.lu\/fr\/wp-json\/wp\/v2\/product_cat?post=11110"},{"taxonomy":"product_tag","embeddable":true,"href":"https:\/\/whs.lu\/fr\/wp-json\/wp\/v2\/product_tag?post=11110"}],"curies":[{"name":"wp","href":"https:\/\/api.w.org\/{rel}","templated":true}]}}