{"id":11112,"date":"2024-10-30T08:42:06","date_gmt":"2024-10-30T07:42:06","guid":{"rendered":"https:\/\/whs.lu\/product\/siemens-iq700-wg44b2040-lave-linge-a-9-kg\/"},"modified":"2024-10-30T08:42:06","modified_gmt":"2024-10-30T07:42:06","slug":"siemens-iq700-wg44b2040-lave-linge-a-9-kg","status":"publish","type":"product","link":"https:\/\/whs.lu\/fr\/product\/siemens-iq700-wg44b2040-lave-linge-a-9-kg\/","title":{"rendered":"SIEMENS iQ700 WG44B2040 Lave-linge : A \/ 9 kg"},"content":{"rendered":"","protected":false},"excerpt":{"rendered":"<ul>\n<li>Classe d&rsquo;efficacit\u00e9 \u00e9nerg\u00e9tique A<\/li>\n<li>9 kg \/ 1400 tr\/min<\/li>\n<li>SpeedPack XL : Acc\u00e9l\u00e9rer les programmes, r\u00e9gler la dur\u00e9e ou obtenir des r\u00e9sultats en seulement 15 min. laver<\/li>\n<li>Application Home Connect (Android et iOS) : commandez votre lave-linge d&rsquo;o\u00f9 vous voulez, quand vous voulez<\/li>\n<li>Surveillance \u00e0 distance : gardez un \u0153il sur votre machine \u00e0 laver<\/li>\n<li>Contr\u00f4le \u00e0 distance : contr\u00f4lez facilement votre lave-linge via votre appareil mobile.<\/li>\n<li>Notification push : vous savez quand le linge est pr\u00eat ou quand il faut ajouter de la lessive.<\/li>\n<\/ul>\n","protected":false},"featured_media":8868,"comment_status":"open","ping_status":"closed","template":"","meta":{"_et_pb_use_builder":"","_et_pb_old_content":"","_et_gb_content_width":"","inline_featured_image":false},"product_brand":[],"product_cat":[91,88],"product_tag":[],"class_list":{"0":"post-11112","1":"product","2":"type-product","3":"status-publish","4":"has-post-thumbnail","6":"product_cat-lave-linge","7":"product_cat-laver","9":"first","10":"outofstock","11":"taxable","12":"shipping-taxable","13":"purchasable","14":"product-type-simple"},"_links":{"self":[{"href":"https:\/\/whs.lu\/fr\/wp-json\/wp\/v2\/product\/11112","targetHints":{"allow":["GET"]}}],"collection":[{"href":"https:\/\/whs.lu\/fr\/wp-json\/wp\/v2\/product"}],"about":[{"href":"https:\/\/whs.lu\/fr\/wp-json\/wp\/v2\/types\/product"}],"replies":[{"embeddable":true,"href":"https:\/\/whs.lu\/fr\/wp-json\/wp\/v2\/comments?post=11112"}],"wp:featuredmedia":[{"embeddable":true,"href":"https:\/\/whs.lu\/fr\/wp-json\/wp\/v2\/media\/8868"}],"wp:attachment":[{"href":"https:\/\/whs.lu\/fr\/wp-json\/wp\/v2\/media?parent=11112"}],"wp:term":[{"taxonomy":"product_brand","embeddable":true,"href":"https:\/\/whs.lu\/fr\/wp-json\/wp\/v2\/product_brand?post=11112"},{"taxonomy":"product_cat","embeddable":true,"href":"https:\/\/whs.lu\/fr\/wp-json\/wp\/v2\/product_cat?post=11112"},{"taxonomy":"product_tag","embeddable":true,"href":"https:\/\/whs.lu\/fr\/wp-json\/wp\/v2\/product_tag?post=11112"}],"curies":[{"name":"wp","href":"https:\/\/api.w.org\/{rel}","templated":true}]}}