{"id":11116,"date":"2024-10-24T14:53:45","date_gmt":"2024-10-24T12:53:45","guid":{"rendered":"https:\/\/whs.lu\/product\/gs-cl-0606-t-ultratabs-all-in-1-60-pieces\/"},"modified":"2024-10-24T14:53:45","modified_gmt":"2024-10-24T12:53:45","slug":"gs-cl-0606-t-ultratabs-all-in-1-60-pieces","status":"publish","type":"product","link":"https:\/\/whs.lu\/fr\/product\/gs-cl-0606-t-ultratabs-all-in-1-60-pieces\/","title":{"rendered":"GS CL 0606 T UltraTabs All in 1, 60 pi\u00e8ces"},"content":{"rendered":"","protected":false},"excerpt":{"rendered":"<ul>\n<li>Des r\u00e9sultats brillants &#8211; m\u00eame sur les salissures les plus tenaces<\/li>\n<li>Pas de d\u00e9ballage gr\u00e2ce \u00e0 un film hydrosoluble et biod\u00e9gradable<\/li>\n<li>Avec plusieurs fonctions comme le produit de rin\u00e7age, le sel et la protection des verres<\/li>\n<li>Sans phosphate &#8211; bon pour l&rsquo;environnement<\/li>\n<li>Un lavage parfait, tout simplement. Avec Miele. <\/li>\n<\/ul>\n","protected":false},"featured_media":8829,"comment_status":"open","ping_status":"closed","template":"","meta":{"_et_pb_use_builder":"","_et_pb_old_content":"","_et_gb_content_width":"","inline_featured_image":false},"product_brand":[],"product_cat":[80,84],"product_tag":[],"class_list":{"0":"post-11116","1":"product","2":"type-product","3":"status-publish","4":"has-post-thumbnail","6":"product_cat-miele-fr","7":"product_cat-miele_produits-de-nettoyage","9":"first","10":"instock","11":"taxable","12":"shipping-taxable","13":"purchasable","14":"product-type-simple"},"_links":{"self":[{"href":"https:\/\/whs.lu\/fr\/wp-json\/wp\/v2\/product\/11116","targetHints":{"allow":["GET"]}}],"collection":[{"href":"https:\/\/whs.lu\/fr\/wp-json\/wp\/v2\/product"}],"about":[{"href":"https:\/\/whs.lu\/fr\/wp-json\/wp\/v2\/types\/product"}],"replies":[{"embeddable":true,"href":"https:\/\/whs.lu\/fr\/wp-json\/wp\/v2\/comments?post=11116"}],"wp:featuredmedia":[{"embeddable":true,"href":"https:\/\/whs.lu\/fr\/wp-json\/wp\/v2\/media\/8829"}],"wp:attachment":[{"href":"https:\/\/whs.lu\/fr\/wp-json\/wp\/v2\/media?parent=11116"}],"wp:term":[{"taxonomy":"product_brand","embeddable":true,"href":"https:\/\/whs.lu\/fr\/wp-json\/wp\/v2\/product_brand?post=11116"},{"taxonomy":"product_cat","embeddable":true,"href":"https:\/\/whs.lu\/fr\/wp-json\/wp\/v2\/product_cat?post=11116"},{"taxonomy":"product_tag","embeddable":true,"href":"https:\/\/whs.lu\/fr\/wp-json\/wp\/v2\/product_tag?post=11116"}],"curies":[{"name":"wp","href":"https:\/\/api.w.org\/{rel}","templated":true}]}}