{"id":11117,"date":"2024-10-30T08:16:46","date_gmt":"2024-10-30T07:16:46","guid":{"rendered":"https:\/\/whs.lu\/product\/wa-up1-1402-l-ultraphase-1\/"},"modified":"2024-10-30T08:16:46","modified_gmt":"2024-10-30T07:16:46","slug":"wa-up1-1402-l-ultraphase-1","status":"publish","type":"product","link":"https:\/\/whs.lu\/fr\/product\/wa-up1-1402-l-ultraphase-1\/","title":{"rendered":"WA UP1 1402 L UltraPhase 1"},"content":{"rendered":"","protected":false},"excerpt":{"rendered":"<ul>\n<li>D\u00e9tergent \u00e0 2 composants pour les couleurs, le blanc et les textiles d\u00e9licats.<\/li>\n<li>Nouvelle formule avec le parfum frais Miele Aqua<\/li>\n<li>Pour des couleurs \u00e9clatantes et un linge d&rsquo;une blancheur \u00e9clatante<\/li>\n<li>Pas de surdosage gr\u00e2ce au dosage automatique<\/li>\n<li>Haute efficacit\u00e9 &#8211; 1,4 litre pour 37 cycles de lavage<\/li>\n<li>Pour les lave-linge et lave-linge s\u00e9chants Miele avec TwinDos<\/li>\n<\/ul>\n","protected":false},"featured_media":8856,"comment_status":"open","ping_status":"closed","template":"","meta":{"_et_pb_use_builder":"","_et_pb_old_content":"","_et_gb_content_width":"","inline_featured_image":false},"product_brand":[],"product_cat":[80,84],"product_tag":[],"class_list":{"0":"post-11117","1":"product","2":"type-product","3":"status-publish","4":"has-post-thumbnail","6":"product_cat-miele-fr","7":"product_cat-miele_produits-de-nettoyage","9":"first","10":"instock","11":"taxable","12":"shipping-taxable","13":"purchasable","14":"product-type-simple"},"_links":{"self":[{"href":"https:\/\/whs.lu\/fr\/wp-json\/wp\/v2\/product\/11117","targetHints":{"allow":["GET"]}}],"collection":[{"href":"https:\/\/whs.lu\/fr\/wp-json\/wp\/v2\/product"}],"about":[{"href":"https:\/\/whs.lu\/fr\/wp-json\/wp\/v2\/types\/product"}],"replies":[{"embeddable":true,"href":"https:\/\/whs.lu\/fr\/wp-json\/wp\/v2\/comments?post=11117"}],"wp:featuredmedia":[{"embeddable":true,"href":"https:\/\/whs.lu\/fr\/wp-json\/wp\/v2\/media\/8856"}],"wp:attachment":[{"href":"https:\/\/whs.lu\/fr\/wp-json\/wp\/v2\/media?parent=11117"}],"wp:term":[{"taxonomy":"product_brand","embeddable":true,"href":"https:\/\/whs.lu\/fr\/wp-json\/wp\/v2\/product_brand?post=11117"},{"taxonomy":"product_cat","embeddable":true,"href":"https:\/\/whs.lu\/fr\/wp-json\/wp\/v2\/product_cat?post=11117"},{"taxonomy":"product_tag","embeddable":true,"href":"https:\/\/whs.lu\/fr\/wp-json\/wp\/v2\/product_tag?post=11117"}],"curies":[{"name":"wp","href":"https:\/\/api.w.org\/{rel}","templated":true}]}}