{"id":11118,"date":"2024-10-24T16:18:07","date_gmt":"2024-10-24T14:18:07","guid":{"rendered":"https:\/\/whs.lu\/product\/gp-dc-cx-0061-t-pastilles-de-detartrage-6-pieces\/"},"modified":"2024-10-24T16:18:07","modified_gmt":"2024-10-24T14:18:07","slug":"gp-dc-cx-0061-t-pastilles-de-detartrage-6-pieces","status":"publish","type":"product","link":"https:\/\/whs.lu\/fr\/product\/gp-dc-cx-0061-t-pastilles-de-detartrage-6-pieces\/","title":{"rendered":"GP DC CX 0061 T Pastilles de d\u00e9tartrage, 6 pi\u00e8ces"},"content":{"rendered":"","protected":false},"excerpt":{"rendered":"<ul>\n<li>Pour machine \u00e0 caf\u00e9, cuiseur vapeur, FashionMaster, four\/cuisini\u00e8re avec cuisson climatique<\/li>\n<li>\u00c9limination en profondeur des d\u00e9p\u00f4ts et de l&rsquo;entartrage<\/li>\n<li>D\u00e9tartrage tr\u00e8s efficace et respectueux des mat\u00e9riaux<\/li>\n<li>Formulation adapt\u00e9e &#8211; Formule sp\u00e9ciale Miele<\/li>\n<li>Pas de r\u00e9sidus de produits chimiques apr\u00e8s le d\u00e9tartrage<\/li>\n<li>Les meilleurs soins pour de nombreuses ann\u00e9es de fiabilit\u00e9<\/li>\n<\/ul>\n","protected":false},"featured_media":8838,"comment_status":"open","ping_status":"closed","template":"","meta":{"_et_pb_use_builder":"","_et_pb_old_content":"","_et_gb_content_width":"","inline_featured_image":false},"product_brand":[],"product_cat":[80,84],"product_tag":[],"class_list":{"0":"post-11118","1":"product","2":"type-product","3":"status-publish","4":"has-post-thumbnail","6":"product_cat-miele-fr","7":"product_cat-miele_produits-de-nettoyage","9":"first","10":"instock","11":"taxable","12":"shipping-taxable","13":"purchasable","14":"product-type-simple"},"_links":{"self":[{"href":"https:\/\/whs.lu\/fr\/wp-json\/wp\/v2\/product\/11118","targetHints":{"allow":["GET"]}}],"collection":[{"href":"https:\/\/whs.lu\/fr\/wp-json\/wp\/v2\/product"}],"about":[{"href":"https:\/\/whs.lu\/fr\/wp-json\/wp\/v2\/types\/product"}],"replies":[{"embeddable":true,"href":"https:\/\/whs.lu\/fr\/wp-json\/wp\/v2\/comments?post=11118"}],"wp:featuredmedia":[{"embeddable":true,"href":"https:\/\/whs.lu\/fr\/wp-json\/wp\/v2\/media\/8838"}],"wp:attachment":[{"href":"https:\/\/whs.lu\/fr\/wp-json\/wp\/v2\/media?parent=11118"}],"wp:term":[{"taxonomy":"product_brand","embeddable":true,"href":"https:\/\/whs.lu\/fr\/wp-json\/wp\/v2\/product_brand?post=11118"},{"taxonomy":"product_cat","embeddable":true,"href":"https:\/\/whs.lu\/fr\/wp-json\/wp\/v2\/product_cat?post=11118"},{"taxonomy":"product_tag","embeddable":true,"href":"https:\/\/whs.lu\/fr\/wp-json\/wp\/v2\/product_tag?post=11118"}],"curies":[{"name":"wp","href":"https:\/\/api.w.org\/{rel}","templated":true}]}}