{"id":11120,"date":"2024-10-24T15:10:39","date_gmt":"2024-10-24T13:10:39","guid":{"rendered":"https:\/\/whs.lu\/product\/gp-cl-km-0252-l-nettoyant-vitroceramique-inox-250-ml\/"},"modified":"2024-10-24T15:10:39","modified_gmt":"2024-10-24T13:10:39","slug":"gp-cl-km-0252-l-nettoyant-vitroceramique-inox-250-ml","status":"publish","type":"product","link":"https:\/\/whs.lu\/fr\/product\/gp-cl-km-0252-l-nettoyant-vitroceramique-inox-250-ml\/","title":{"rendered":"GP CL KM 0252 L Nettoyant vitroc\u00e9ramique\/inox, 250 ml"},"content":{"rendered":"","protected":false},"excerpt":{"rendered":"<ul>\n<li>Meilleur produit du march\u00e9 &#8211; victoire au test en Suisse<\/li>\n<li>\u00c9limine efficacement les taches de graisse, de br\u00fbl\u00e9 et d&rsquo;eau<\/li>\n<li>Laisse un film protecteur qui facilite le nettoyage ult\u00e9rieur<\/li>\n<li>Nettoyage en douceur gr\u00e2ce \u00e0 une formulation \u00e0 cristaux fins<\/li>\n<li>Ne pas utiliser avec CleanSteel ou PerfectClean<\/li>\n<li>Les meilleurs soins pour de nombreuses ann\u00e9es de fiabilit\u00e9<\/li>\n<\/ul>\n","protected":false},"featured_media":8832,"comment_status":"open","ping_status":"closed","template":"","meta":{"_et_pb_use_builder":"","_et_pb_old_content":"","_et_gb_content_width":"","inline_featured_image":false},"product_brand":[],"product_cat":[80,84],"product_tag":[],"class_list":{"0":"post-11120","1":"product","2":"type-product","3":"status-publish","4":"has-post-thumbnail","6":"product_cat-miele-fr","7":"product_cat-miele_produits-de-nettoyage","9":"first","10":"instock","11":"taxable","12":"shipping-taxable","13":"purchasable","14":"product-type-simple"},"_links":{"self":[{"href":"https:\/\/whs.lu\/fr\/wp-json\/wp\/v2\/product\/11120","targetHints":{"allow":["GET"]}}],"collection":[{"href":"https:\/\/whs.lu\/fr\/wp-json\/wp\/v2\/product"}],"about":[{"href":"https:\/\/whs.lu\/fr\/wp-json\/wp\/v2\/types\/product"}],"replies":[{"embeddable":true,"href":"https:\/\/whs.lu\/fr\/wp-json\/wp\/v2\/comments?post=11120"}],"wp:featuredmedia":[{"embeddable":true,"href":"https:\/\/whs.lu\/fr\/wp-json\/wp\/v2\/media\/8832"}],"wp:attachment":[{"href":"https:\/\/whs.lu\/fr\/wp-json\/wp\/v2\/media?parent=11120"}],"wp:term":[{"taxonomy":"product_brand","embeddable":true,"href":"https:\/\/whs.lu\/fr\/wp-json\/wp\/v2\/product_brand?post=11120"},{"taxonomy":"product_cat","embeddable":true,"href":"https:\/\/whs.lu\/fr\/wp-json\/wp\/v2\/product_cat?post=11120"},{"taxonomy":"product_tag","embeddable":true,"href":"https:\/\/whs.lu\/fr\/wp-json\/wp\/v2\/product_tag?post=11120"}],"curies":[{"name":"wp","href":"https:\/\/api.w.org\/{rel}","templated":true}]}}