{"id":11121,"date":"2024-10-23T14:30:06","date_gmt":"2024-10-23T12:30:06","guid":{"rendered":"https:\/\/whs.lu\/product\/fn-4002-d-congelateur-independant-avec-nofrost-superfrost\/"},"modified":"2024-10-23T14:30:06","modified_gmt":"2024-10-23T12:30:06","slug":"fn-4002-d-congelateur-independant-avec-nofrost-superfrost","status":"publish","type":"product","link":"https:\/\/whs.lu\/fr\/product\/fn-4002-d-congelateur-independant-avec-nofrost-superfrost\/","title":{"rendered":"FN 4002 D Cong\u00e9lateur ind\u00e9pendant avec NoFrost, SuperFrost"},"content":{"rendered":"<p>&nbsp;<\/p>\n<p>&nbsp;<\/p>\n","protected":false},"excerpt":{"rendered":"<ul>\n<li>Pas de givrage des aliments congel\u00e9s &#8211; plus jamais de d\u00e9givrage gr\u00e2ce \u00e0 NoFrost<\/li>\n<li>\u00c9clairage optimal et sans entretien de l&rsquo;habitacle gr\u00e2ce aux LED<\/li>\n<li>Design sans poign\u00e9e gr\u00e2ce \u00e0 une poign\u00e9e encastr\u00e9e int\u00e9gr\u00e9e<\/li>\n<li>Cong\u00e9lation rapide et en douceur des aliments &#8211; SuperFrost<\/li>\n<li>Agrandissement flexible de l&rsquo;espace de cong\u00e9lation &#8211; VarioRoom<\/li>\n<li>Classe d&rsquo;efficacit\u00e9 \u00e9nerg\u00e9tique C<\/li>\n<li>Hauteur de l&rsquo;appareil 85cm<\/li>\n<\/ul>\n","protected":false},"featured_media":8733,"comment_status":"open","ping_status":"closed","template":"","meta":{"_et_pb_use_builder":"","_et_pb_old_content":"","_et_gb_content_width":"","inline_featured_image":false},"product_brand":[],"product_cat":[80,83],"product_tag":[],"class_list":{"0":"post-11121","1":"product","2":"type-product","3":"status-publish","4":"has-post-thumbnail","6":"product_cat-miele-fr","7":"product_cat-miele_refrigerateurs-congelateurs","9":"first","10":"instock","11":"taxable","12":"shipping-taxable","13":"purchasable","14":"product-type-simple"},"_links":{"self":[{"href":"https:\/\/whs.lu\/fr\/wp-json\/wp\/v2\/product\/11121","targetHints":{"allow":["GET"]}}],"collection":[{"href":"https:\/\/whs.lu\/fr\/wp-json\/wp\/v2\/product"}],"about":[{"href":"https:\/\/whs.lu\/fr\/wp-json\/wp\/v2\/types\/product"}],"replies":[{"embeddable":true,"href":"https:\/\/whs.lu\/fr\/wp-json\/wp\/v2\/comments?post=11121"}],"wp:featuredmedia":[{"embeddable":true,"href":"https:\/\/whs.lu\/fr\/wp-json\/wp\/v2\/media\/8733"}],"wp:attachment":[{"href":"https:\/\/whs.lu\/fr\/wp-json\/wp\/v2\/media?parent=11121"}],"wp:term":[{"taxonomy":"product_brand","embeddable":true,"href":"https:\/\/whs.lu\/fr\/wp-json\/wp\/v2\/product_brand?post=11121"},{"taxonomy":"product_cat","embeddable":true,"href":"https:\/\/whs.lu\/fr\/wp-json\/wp\/v2\/product_cat?post=11121"},{"taxonomy":"product_tag","embeddable":true,"href":"https:\/\/whs.lu\/fr\/wp-json\/wp\/v2\/product_tag?post=11121"}],"curies":[{"name":"wp","href":"https:\/\/api.w.org\/{rel}","templated":true}]}}